{"id":7398,"date":"2025-01-30T17:25:30","date_gmt":"2025-01-30T17:25:30","guid":{"rendered":"https:\/\/www.wikiesfera.org\/?page_id=7398"},"modified":"2026-01-27T14:58:02","modified_gmt":"2026-01-27T14:58:02","slug":"nosotras-2","status":"publish","type":"page","link":"https:\/\/www.wikiesfera.org\/es\/nosotras-2\/","title":{"rendered":"Nosotras"},"content":{"rendered":"\n<p>Aunque Wikiesfera naci\u00f3 de la mano de Patricia Horrillo, poco a poco se fueron sumando otras wikipedistas hasta conformar un grupo s\u00f3lido y de perfiles diversos. <strong>Conoce a nuestro equipo:<\/strong><\/p>\n\n\n\n<div class=\"wp-block-columns is-layout-flex wp-container-core-columns-is-layout-9d6595d7 wp-block-columns-is-layout-flex\">\n<div class=\"wp-block-column is-layout-flow wp-block-column-is-layout-flow\" style=\"flex-basis:27.78%\">\n<figure class=\"wp-block-image size-full\"><img fetchpriority=\"high\" decoding=\"async\" width=\"300\" height=\"300\" src=\"https:\/\/www.wikiesfera.org\/wp-content\/uploads\/2024\/10\/5.jpg\" alt=\"Patricia Horrillo\" class=\"wp-image-6145\" srcset=\"https:\/\/www.wikiesfera.org\/wp-content\/uploads\/2024\/10\/5.jpg 300w, https:\/\/www.wikiesfera.org\/wp-content\/uploads\/2024\/10\/5-150x150.jpg 150w\" sizes=\"(max-width: 300px) 100vw, 300px\" \/><\/figure>\n<\/div>\n\n\n\n<div class=\"wp-block-column is-layout-flow wp-block-column-is-layout-flow\" style=\"flex-basis:72.22%\">\n<p><strong>Patricia Horrillo Guerra<\/strong><br><em>Experta en comunicaci\u00f3n y redes sociales<\/em> |  [<a href=\"https:\/\/www.linkedin.com\/in\/patrihorrillo\/\" target=\"_blank\" rel=\"noreferrer noopener\">+info<\/a>]<\/p>\n\n\n\n<p><strong>Project Manager | Coordinaci\u00f3n general<\/strong><\/p>\n\n\n\n<p>Fund\u00f3<strong> Wikiesfera<\/strong> en 2015. Ha formado a <strong>m\u00e1s de 600 editoras<\/strong> y ha realizado <strong>m\u00e1s de un centenar de maratones de edici\u00f3n<\/strong> en los que se han creado <strong>m\u00e1s de 4.000 art\u00edculos nuevos<\/strong>. Sus conferencias, talleres y editatonas est\u00e1n orientados a concienciar sobre la situaci\u00f3n actual de invisibilizaci\u00f3n de las mujeres en \u00e9ste y otros entornos digitales, y a sumar a m\u00e1s editoras en Wikipedia para conseguir que la narraci\u00f3n de la Historia no quede mutilada.<\/p>\n<\/div>\n<\/div>\n\n\n\n<hr class=\"wp-block-separator has-alpha-channel-opacity\"\/>\n\n\n\n<div class=\"wp-block-columns is-layout-flex wp-container-core-columns-is-layout-9d6595d7 wp-block-columns-is-layout-flex\">\n<div class=\"wp-block-column is-layout-flow wp-block-column-is-layout-flow\" style=\"flex-basis:27.78%\">\n<figure class=\"wp-block-image size-full\"><img decoding=\"async\" width=\"300\" height=\"300\" src=\"https:\/\/www.wikiesfera.org\/wp-content\/uploads\/2024\/10\/4.jpg\" alt=\"\" class=\"wp-image-6148\" srcset=\"https:\/\/www.wikiesfera.org\/wp-content\/uploads\/2024\/10\/4.jpg 300w, https:\/\/www.wikiesfera.org\/wp-content\/uploads\/2024\/10\/4-150x150.jpg 150w\" sizes=\"(max-width: 300px) 100vw, 300px\" \/><\/figure>\n<\/div>\n\n\n\n<div class=\"wp-block-column is-layout-flow wp-block-column-is-layout-flow\" style=\"flex-basis:72.22%\">\n<p><strong>Mar\u00eda Sefidari Huici<\/strong><br><em>Consultora senior<\/em> | [<a href=\"https:\/\/orcid.org\/0000-0002-8797-2501\" target=\"_blank\" rel=\"noreferrer noopener\">+info<\/a>]<\/p>\n\n\n\n<p><strong>Responsable de Estrategia, Investigaci\u00f3n y Formaci\u00f3n<\/strong><\/p>\n\n\n\n<p>Experta en comunidades online, direcci\u00f3n estrat\u00e9gica y gobernanza organizacional, entre 2018 y 2021 fue la presidenta de Wikimedia Foundation Inc.&nbsp;Organiza y colabora en <strong>talleres, seminarios y encuentros<\/strong> para aprender a editar Wikipedia. Es una de las pioneras de este tipo de actividades para <strong>promocionar y fomentar<\/strong> el uso de Wikipedia en Espa\u00f1a. Desde 2007, es <strong>administradora del sistema<\/strong> (bibliotecaria) de la Wikipedia en espa\u00f1ol.<\/p>\n<\/div>\n<\/div>\n\n\n\n<hr class=\"wp-block-separator has-alpha-channel-opacity\"\/>\n\n\n\n<div class=\"wp-block-columns is-layout-flex wp-container-core-columns-is-layout-9d6595d7 wp-block-columns-is-layout-flex\">\n<div class=\"wp-block-column is-layout-flow wp-block-column-is-layout-flow\" style=\"flex-basis:27.78%\">\n<figure class=\"wp-block-image size-full\"><img decoding=\"async\" width=\"300\" height=\"300\" src=\"https:\/\/www.wikiesfera.org\/wp-content\/uploads\/2024\/10\/3.jpg\" alt=\"\" class=\"wp-image-6150\" srcset=\"https:\/\/www.wikiesfera.org\/wp-content\/uploads\/2024\/10\/3.jpg 300w, https:\/\/www.wikiesfera.org\/wp-content\/uploads\/2024\/10\/3-150x150.jpg 150w\" sizes=\"(max-width: 300px) 100vw, 300px\" \/><\/figure>\n<\/div>\n\n\n\n<div class=\"wp-block-column is-layout-flow wp-block-column-is-layout-flow\" style=\"flex-basis:72.22%\">\n<p><strong>Isabel Zapico G\u00f3mez<\/strong><br><em>Experta en comunicaci\u00f3n, estrategia y contenidos<\/em> | [<a href=\"https:\/\/www.linkedin.com\/in\/isabelzapico\/\" target=\"_blank\" rel=\"noreferrer noopener\">+info<\/a>]<\/p>\n\n\n\n<p><strong>Program Coordinator | Programas y Comunidad<\/strong><\/p>\n\n\n\n<p>Creativa publicitaria experta en estrategia y contenidos, desde 2021 colabora con la Fundaci\u00f3n Wikimedia como embajadora de la comunidad en espa\u00f1ol. <strong>Miembro de Wikiesfera<\/strong> en Medialab Prado (Madrid) desde 2019, est\u00e1 <strong>comprometida con la identificaci\u00f3n y reparaci\u00f3n de las brechas<\/strong> en Wikipedia. Ha participado en diversas <strong>editatonas<\/strong> colaborando en la <strong>formaci\u00f3n de nuevas editoras<\/strong>.\u200b<\/p>\n<\/div>\n<\/div>\n\n\n\n<hr class=\"wp-block-separator has-alpha-channel-opacity\"\/>\n\n\n\n<div class=\"wp-block-columns is-layout-flex wp-container-core-columns-is-layout-9d6595d7 wp-block-columns-is-layout-flex\">\n<div class=\"wp-block-column is-layout-flow wp-block-column-is-layout-flow\" style=\"flex-basis:27.78%\">\n<figure class=\"wp-block-image size-full\"><img loading=\"lazy\" decoding=\"async\" width=\"300\" height=\"300\" src=\"https:\/\/www.wikiesfera.org\/wp-content\/uploads\/2024\/10\/1.jpg\" alt=\"\" class=\"wp-image-6151\" srcset=\"https:\/\/www.wikiesfera.org\/wp-content\/uploads\/2024\/10\/1.jpg 300w, https:\/\/www.wikiesfera.org\/wp-content\/uploads\/2024\/10\/1-150x150.jpg 150w\" sizes=\"(max-width: 300px) 100vw, 300px\" \/><\/figure>\n<\/div>\n\n\n\n<div class=\"wp-block-column is-layout-flow wp-block-column-is-layout-flow\" style=\"flex-basis:72.22%\">\n<p><strong>Liliana Alvi\u00e1rez Cardozo<\/strong><br><em>Consultora en comunicaci\u00f3n<\/em> <em>y divulgadora cultural<\/em> | [<a href=\"https:\/\/www.linkedin.com\/in\/lalviarez\" target=\"_blank\" rel=\"noreferrer noopener\">+info<\/a>]<\/p>\n\n\n\n<p><strong>Project Manager | Programas y Comunicaci\u00f3n<\/strong><\/p>\n\n\n\n<p>Experta en comunicaci\u00f3n corporativa. Se uni\u00f3 a Wikiesfera en 2019 y est\u00e1 <strong>al frente del <\/strong><a href=\"https:\/\/es.wikipedia.org\/wiki\/Wikiproyecto:Circo\"><strong>Wikiproyecto:Circo<\/strong><\/a> para identificar y crear art\u00edculos sobre artistas y otros temas relacionados con la historia del circo. Es la creadora de <strong><a href=\"https:\/\/linktr.ee\/MissCirquera?utm_source=linktree_profile_share&amp;ltsid=c902a236-716d-4279-8552-f5454d94c8b1\">Miss Cirquera<\/a><\/strong>,<strong> <\/strong>una plataforma de <strong>documentaci\u00f3n y divulgaci\u00f3n para minimizar la brecha de conocimiento en las artes circenses<\/strong>. Organiza <strong>maratones de edici\u00f3n<\/strong> e imparte <strong>charlas<\/strong> sobre su experiencia como wikipedista.<\/p>\n<\/div>\n<\/div>\n\n\n\n<hr class=\"wp-block-separator has-alpha-channel-opacity\"\/>\n\n\n\n<div class=\"wp-block-columns is-layout-flex wp-container-core-columns-is-layout-9d6595d7 wp-block-columns-is-layout-flex\">\n<div class=\"wp-block-column is-layout-flow wp-block-column-is-layout-flow\" style=\"flex-basis:27.78%\">\n<figure class=\"wp-block-image size-full\"><img loading=\"lazy\" decoding=\"async\" width=\"300\" height=\"300\" src=\"https:\/\/www.wikiesfera.org\/wp-content\/uploads\/2024\/10\/2.jpg\" alt=\"\" class=\"wp-image-6152\" srcset=\"https:\/\/www.wikiesfera.org\/wp-content\/uploads\/2024\/10\/2.jpg 300w, https:\/\/www.wikiesfera.org\/wp-content\/uploads\/2024\/10\/2-150x150.jpg 150w\" sizes=\"(max-width: 300px) 100vw, 300px\" \/><\/figure>\n<\/div>\n\n\n\n<div class=\"wp-block-column is-layout-flow wp-block-column-is-layout-flow\" style=\"flex-basis:72.22%\">\n<p><strong>Encina Villanueva Lorenzana<\/strong><br><em>Docente y gestora cultural<\/em> | [<a href=\"https:\/\/es.linkedin.com\/in\/encina-villanueva-lorenzana\" target=\"_blank\" rel=\"noreferrer noopener\">+info<\/a>]<\/p>\n\n\n\n<p><strong>Responsable de l\u00edneas GLAM y G\u00e9nero<\/strong><\/p>\n\n\n\n<p>Desde 2016 pertenece a <strong>Wikiesfera.<\/strong> Le interesa especialmente <strong>la representaci\u00f3n justa y de calidad de las artistas en la Wikipedia<\/strong> y difundir esta herramienta para aumentar el n\u00famero de personas que se impliquen en la mejora de sus contenidos desde la perspectiva de g\u00e9nero. Para ello imparte <strong>charlas<\/strong>, co-organiza <strong>editatonas<\/strong> y promueve <strong>nuevos grupos<\/strong> de edici\u00f3n.<\/p>\n<\/div>\n<\/div>\n\n\n\n<hr class=\"wp-block-separator has-alpha-channel-opacity\"\/>\n\n\n\n<p class=\"wp-block-coblocks-highlight wp-elements-69a06eaed08430cb1032afb0462f5a91\"><mark class=\"wp-block-coblocks-highlight__content has-text-color has-background has-link-color\" style=\"background-color:#ddddddde;color:#b5179e\">Si quieres conocer todas las actividades que organizamos, ap\u00fantate a nuestro<strong>&nbsp;<a href=\"https:\/\/www.wikiesfera.org\/es\/contacto\/\">bolet\u00edn mensual<\/a>.<\/strong><br><br>Si quieres que organicemos alguna actividad para tu instituci\u00f3n o empresa escr\u00edbenos a <strong><a href=\"mailto:info@wikiesfera.org\">info@wikiesfera.org<\/a>.<\/strong><\/mark><\/p>\n\n\n\n<hr class=\"wp-block-separator has-alpha-channel-opacity\"\/>\n\n\n\n<p><\/p>\n","protected":false},"excerpt":{"rendered":"<p>Aunque Wikiesfera naci\u00f3 de la mano de Patricia Horrillo, poco a poco se fueron sumando otras wikipedistas hasta conformar un grupo s\u00f3lido y de perfiles diversos. Conoce a nuestro equipo: Patricia Horrillo GuerraExperta en comunicaci\u00f3n y redes sociales | [+info] Project Manager | Coordinaci\u00f3n general Fund\u00f3 Wikiesfera en 2015. Ha formado a m\u00e1s de 600 [&hellip;]<\/p>\n","protected":false},"author":1,"featured_media":0,"parent":0,"menu_order":0,"comment_status":"closed","ping_status":"closed","template":"templates\/fullwidth.php","meta":{"_coblocks_attr":"","_coblocks_dimensions":"","_coblocks_responsive_height":"","_coblocks_accordion_ie_support":"","footnotes":""},"class_list":["post-7398","page","type-page","status-publish","hentry","page-entry","loop-entry clr"],"_links":{"self":[{"href":"https:\/\/www.wikiesfera.org\/es\/wp-json\/wp\/v2\/pages\/7398","targetHints":{"allow":["GET"]}}],"collection":[{"href":"https:\/\/www.wikiesfera.org\/es\/wp-json\/wp\/v2\/pages"}],"about":[{"href":"https:\/\/www.wikiesfera.org\/es\/wp-json\/wp\/v2\/types\/page"}],"author":[{"embeddable":true,"href":"https:\/\/www.wikiesfera.org\/es\/wp-json\/wp\/v2\/users\/1"}],"replies":[{"embeddable":true,"href":"https:\/\/www.wikiesfera.org\/es\/wp-json\/wp\/v2\/comments?post=7398"}],"version-history":[{"count":5,"href":"https:\/\/www.wikiesfera.org\/es\/wp-json\/wp\/v2\/pages\/7398\/revisions"}],"predecessor-version":[{"id":10948,"href":"https:\/\/www.wikiesfera.org\/es\/wp-json\/wp\/v2\/pages\/7398\/revisions\/10948"}],"wp:attachment":[{"href":"https:\/\/www.wikiesfera.org\/es\/wp-json\/wp\/v2\/media?parent=7398"}],"curies":[{"name":"wp","href":"https:\/\/api.w.org\/{rel}","templated":true}]}}