{"id":7351,"date":"2025-01-30T16:53:07","date_gmt":"2025-01-30T16:53:07","guid":{"rendered":"https:\/\/www.wikiesfera.org\/?page_id=7351"},"modified":"2026-04-26T17:12:36","modified_gmt":"2026-04-26T17:12:36","slug":"equidad-del-conocimiento","status":"publish","type":"page","link":"https:\/\/www.wikiesfera.org\/es\/equidad-del-conocimiento\/","title":{"rendered":"Equidad"},"content":{"rendered":"\n<p>Un <strong>conocimiento verdaderamente equitativo debe reflejar la diversidad de las experiencias humanas<\/strong>. Sin embargo, muchos colectivos \u2014como la comunidad LGBT, las mujeres gitanas y otros grupos hist\u00f3ricamente marginados o infrarrepresentados\u2014 han sido sistem\u00e1ticamente excluidos o ignorados en los espacios de producci\u00f3n de conocimiento. En Wikiesfera trabajamos para cambiar esta realidad: priorizamos su presencia en Wikipedia para asegurar que cualquier persona, sin importar su identidad o antecedentes, pueda verse reflejada. Al hacerlo, contribuimos a una enciclopedia m\u00e1s plural y a una sociedad m\u00e1s justa.<\/p>\n\n\n\n<h2 id=\"en-esta-linea-de-trabajo-desarrollamos-y-coordinamos\" class=\"wp-block-heading has-white-color has-text-color has-background has-link-color wp-elements-1a4d5d73177fd6324f8d7f8c6949103d\" style=\"background-color:#b5179e\"><strong>En esta l\u00ednea de trabajo desarrollamos y coordinamos:<\/strong><\/h2>\n\n\n\n<h2 id=\"gt-actividades\" class=\"wp-block-heading\"><strong>&gt; [ Actividades ]<\/strong><\/h2>\n\n\n\n<p>Organizamos <strong>editatonas enfocadas en colectivos hist\u00f3ricamente infrarrepresentados<\/strong>, como la <strong>comunidad LGBT, las mujeres gitanas, africanas, afrodescendientes, palestinas, afganas o dominicanas<\/strong>. Estas actividades de edici\u00f3n colectiva buscan ampliar su representaci\u00f3n en Wikipedia y, al mismo tiempo, generar espacios seguros y colaborativos donde reflexionar sobre las ausencias, compartir conocimientos y contribuir a la construcci\u00f3n de una enciclopedia m\u00e1s inclusiva, diversa y representativa.<\/p>\n\n\n\n<ul class=\"wp-block-list\">\n<li><strong><a href=\"https:\/\/www.wikiesfera.org\/es\/portfolio-category\/equidad\/\">Editatonas y campa\u00f1as de equidad de conocimiento<\/a><\/strong><\/li>\n<\/ul>\n\n\n\n<h2 id=\"gt-articulos-de-analisis\" class=\"wp-block-heading\"><strong>&gt; [ Art\u00edculos de an\u00e1lisis ]<\/strong><\/h2>\n\n\n\n<p>Adem\u00e1s, algunas editoras de nuestra comunidad han ido m\u00e1s all\u00e1 de la edici\u00f3n de contenido y han escrito <strong>art\u00edculos de an\u00e1lisis sobre la representaci\u00f3n de las minor\u00edas en Wikipedia<\/strong>. Estos textos abordan distintas realidades y experiencias como editoras en torno a la equidad del conocimiento. El objetivo es generar un <strong>espacio de reflexi\u00f3n tanto para quienes forman parte de Wikiesfera como para cualquier persona interesada en cuestionar los sesgos y ausencias en el conocimiento libre<\/strong>.<\/p>\n\n\n\n<ul class=\"wp-block-list\">\n<li><a href=\"https:\/\/www.wikiesfera.org\/2024\/06\/28\/la-visibilidad-de-las-lesbianas-en-wikipedia\/\"><strong><em>La visibilidad de las lesbianas en Wikipedia<\/em><\/strong><\/a>, por Encina Villanueva y Celia Hern\u00e1ndez.<\/li>\n\n\n\n<li><a href=\"https:\/\/www.wikiesfera.org\/es\/2025\/09\/05\/la-visibilidad-de-las-lesbianas-en-wikipedia-ii\/\"><strong><em>La visibilidad de las lesbianas en Wikipedia<\/em><\/strong> <em><strong>II<\/strong><\/em><\/a>, por Encina Villanueva y Celia Hern\u00e1ndez.<\/li>\n\n\n\n<li><strong><em><a href=\"https:\/\/www.wikiesfera.org\/es\/2026\/04\/26\/el-parrafo-incomodo-cuando-el-lesbianismo-es-una-mancha-en-una-biografia-de-wikipedia\/\">El p\u00e1rrafo inc\u00f3modo. Cuando el lesbianismo es una mancha en una biograf\u00eda de Wikipedia<\/a><\/em><\/strong>, por Encina Villanueva y Celia Hern\u00e1ndez.<\/li>\n<\/ul>\n\n\n\n<hr class=\"wp-block-separator has-alpha-channel-opacity\"\/>\n\n\n\n<h1 id=\"gt-colaboran\" class=\"wp-block-heading\"><strong>&gt; Colaboran<\/strong><\/h1>\n\n\n\n<div aria-label=\"Carousel Gallery\" class=\"wp-block-coblocks-gallery-carousel alignfull\"><div class=\"coblocks-gallery-carousel-swiper-container is-cropped coblocks-gallery has-caption-style-dark has-horizontal-gutter has-no-thumbnails\"><div class=\"has-carousel has-carousel-sml swiper-container has-aligned-cells has-responsive-height\" data-swiper=\"{&quot;alignCells&quot;:true,&quot;autoPlay&quot;:true,&quot;autoPlaySpeed&quot;:&quot;1000&quot;,&quot;draggable&quot;:false,&quot;freeMode&quot;:false,&quot;loop&quot;:true,&quot;navigation&quot;:false,&quot;pageDots&quot;:false,&quot;pauseHover&quot;:true,&quot;responsiveHeight&quot;:true,&quot;slidesPerView&quot;:5,&quot;thumbnails&quot;:false,&quot;uuid&quot;:&quot;12345&quot;}\" style=\"height:400px\"><div class=\"swiper-wrapper\"><div class=\"swiper-slide\"><div class=\"coblocks-gallery--item\" role=\"button\" tabindex=\"0\"><figure class=\"coblocks-gallery--figure has-margin-left-5 has-margin-left-mobile-5 has-margin-right-5 has-margin-right-mobile-5\"><img fetchpriority=\"high\" decoding=\"async\" width=\"400\" height=\"200\" alt=\"\" class=\"wp-image-7008\" data-id=\"7008\" data-link=\"https:\/\/www.wikiesfera.org\/?attachment_id=7008\" src=\"https:\/\/www.wikiesfera.org\/wp-content\/uploads\/2025\/01\/5-1.png\" srcset=\"https:\/\/www.wikiesfera.org\/wp-content\/uploads\/2025\/01\/5-1.png 400w, https:\/\/www.wikiesfera.org\/wp-content\/uploads\/2025\/01\/5-1-300x150.png 300w, https:\/\/www.wikiesfera.org\/wp-content\/uploads\/2025\/01\/5-1-150x75.png 150w\" sizes=\"(max-width: 400px) 100vw, 400px\" \/><\/figure><figcaption class=\"coblocks-gallery--caption coblocks-gallery--primary-caption\"><\/figcaption><\/div><\/div><div class=\"swiper-slide\"><div class=\"coblocks-gallery--item\" role=\"button\" tabindex=\"1\"><figure class=\"coblocks-gallery--figure has-margin-left-5 has-margin-left-mobile-5 has-margin-right-5 has-margin-right-mobile-5\"><img decoding=\"async\" width=\"400\" height=\"200\" alt=\"\" class=\"wp-image-7001\" data-id=\"7001\" data-link=\"https:\/\/www.wikiesfera.org\/?attachment_id=7001\" src=\"https:\/\/www.wikiesfera.org\/wp-content\/uploads\/2025\/01\/4-1.png\" srcset=\"https:\/\/www.wikiesfera.org\/wp-content\/uploads\/2025\/01\/4-1.png 400w, https:\/\/www.wikiesfera.org\/wp-content\/uploads\/2025\/01\/4-1-300x150.png 300w, https:\/\/www.wikiesfera.org\/wp-content\/uploads\/2025\/01\/4-1-150x75.png 150w\" sizes=\"(max-width: 400px) 100vw, 400px\" \/><\/figure><figcaption class=\"coblocks-gallery--caption coblocks-gallery--primary-caption\"><\/figcaption><\/div><\/div><div class=\"swiper-slide\"><div class=\"coblocks-gallery--item\" role=\"button\" tabindex=\"2\"><figure class=\"coblocks-gallery--figure has-margin-left-5 has-margin-left-mobile-5 has-margin-right-5 has-margin-right-mobile-5\"><img decoding=\"async\" width=\"400\" height=\"200\" alt=\"\" class=\"wp-image-7021\" data-id=\"7021\" data-link=\"https:\/\/www.wikiesfera.org\/?attachment_id=7021\" src=\"https:\/\/www.wikiesfera.org\/wp-content\/uploads\/2025\/01\/33-1.png\" srcset=\"https:\/\/www.wikiesfera.org\/wp-content\/uploads\/2025\/01\/33-1.png 400w, https:\/\/www.wikiesfera.org\/wp-content\/uploads\/2025\/01\/33-1-300x150.png 300w, https:\/\/www.wikiesfera.org\/wp-content\/uploads\/2025\/01\/33-1-150x75.png 150w\" sizes=\"(max-width: 400px) 100vw, 400px\" \/><\/figure><figcaption class=\"coblocks-gallery--caption coblocks-gallery--primary-caption\"><\/figcaption><\/div><\/div><div class=\"swiper-slide\"><div class=\"coblocks-gallery--item\" role=\"button\" tabindex=\"3\"><figure class=\"coblocks-gallery--figure has-margin-left-5 has-margin-left-mobile-5 has-margin-right-5 has-margin-right-mobile-5\"><img loading=\"lazy\" decoding=\"async\" width=\"400\" height=\"200\" alt=\"\" class=\"wp-image-6931\" data-id=\"6931\" data-link=\"https:\/\/www.wikiesfera.org\/13\/\" src=\"https:\/\/www.wikiesfera.org\/wp-content\/uploads\/2025\/01\/13.png\" srcset=\"https:\/\/www.wikiesfera.org\/wp-content\/uploads\/2025\/01\/13.png 400w, https:\/\/www.wikiesfera.org\/wp-content\/uploads\/2025\/01\/13-300x150.png 300w, https:\/\/www.wikiesfera.org\/wp-content\/uploads\/2025\/01\/13-150x75.png 150w\" sizes=\"(max-width: 400px) 100vw, 400px\" \/><\/figure><figcaption class=\"coblocks-gallery--caption coblocks-gallery--primary-caption\"><\/figcaption><\/div><\/div><div class=\"swiper-slide\"><div class=\"coblocks-gallery--item\" role=\"button\" tabindex=\"4\"><figure class=\"coblocks-gallery--figure has-margin-left-5 has-margin-left-mobile-5 has-margin-right-5 has-margin-right-mobile-5\"><img loading=\"lazy\" decoding=\"async\" width=\"400\" height=\"200\" alt=\"\" class=\"wp-image-6996\" data-id=\"6996\" data-link=\"https:\/\/www.wikiesfera.org\/78\/\" src=\"https:\/\/www.wikiesfera.org\/wp-content\/uploads\/2025\/01\/78.png\" srcset=\"https:\/\/www.wikiesfera.org\/wp-content\/uploads\/2025\/01\/78.png 400w, https:\/\/www.wikiesfera.org\/wp-content\/uploads\/2025\/01\/78-300x150.png 300w, https:\/\/www.wikiesfera.org\/wp-content\/uploads\/2025\/01\/78-150x75.png 150w\" sizes=\"(max-width: 400px) 100vw, 400px\" \/><\/figure><figcaption class=\"coblocks-gallery--caption coblocks-gallery--primary-caption\"><\/figcaption><\/div><\/div><div class=\"swiper-slide\"><div class=\"coblocks-gallery--item\" role=\"button\" tabindex=\"5\"><figure class=\"coblocks-gallery--figure has-margin-left-5 has-margin-left-mobile-5 has-margin-right-5 has-margin-right-mobile-5\"><img loading=\"lazy\" decoding=\"async\" width=\"400\" height=\"200\" alt=\"\" class=\"wp-image-7023\" data-id=\"7023\" data-link=\"https:\/\/www.wikiesfera.org\/?attachment_id=7023\" src=\"https:\/\/www.wikiesfera.org\/wp-content\/uploads\/2025\/01\/67-1.png\" srcset=\"https:\/\/www.wikiesfera.org\/wp-content\/uploads\/2025\/01\/67-1.png 400w, https:\/\/www.wikiesfera.org\/wp-content\/uploads\/2025\/01\/67-1-300x150.png 300w, https:\/\/www.wikiesfera.org\/wp-content\/uploads\/2025\/01\/67-1-150x75.png 150w\" sizes=\"(max-width: 400px) 100vw, 400px\" \/><\/figure><figcaption class=\"coblocks-gallery--caption coblocks-gallery--primary-caption\"><\/figcaption><\/div><\/div><div class=\"swiper-slide\"><div class=\"coblocks-gallery--item\" role=\"button\" tabindex=\"6\"><figure class=\"coblocks-gallery--figure has-margin-left-5 has-margin-left-mobile-5 has-margin-right-5 has-margin-right-mobile-5\"><img loading=\"lazy\" decoding=\"async\" width=\"400\" height=\"200\" alt=\"\" class=\"wp-image-6995\" data-id=\"6995\" data-link=\"https:\/\/www.wikiesfera.org\/77\/\" src=\"https:\/\/www.wikiesfera.org\/wp-content\/uploads\/2025\/01\/77.png\" srcset=\"https:\/\/www.wikiesfera.org\/wp-content\/uploads\/2025\/01\/77.png 400w, https:\/\/www.wikiesfera.org\/wp-content\/uploads\/2025\/01\/77-300x150.png 300w, https:\/\/www.wikiesfera.org\/wp-content\/uploads\/2025\/01\/77-150x75.png 150w\" sizes=\"(max-width: 400px) 100vw, 400px\" \/><\/figure><figcaption class=\"coblocks-gallery--caption coblocks-gallery--primary-caption\"><\/figcaption><\/div><\/div><div class=\"swiper-slide\"><div class=\"coblocks-gallery--item\" role=\"button\" tabindex=\"7\"><figure class=\"coblocks-gallery--figure has-margin-left-5 has-margin-left-mobile-5 has-margin-right-5 has-margin-right-mobile-5\"><img loading=\"lazy\" decoding=\"async\" width=\"400\" height=\"200\" alt=\"\" class=\"wp-image-6994\" data-id=\"6994\" data-link=\"https:\/\/www.wikiesfera.org\/76\/\" src=\"https:\/\/www.wikiesfera.org\/wp-content\/uploads\/2025\/01\/76.png\" srcset=\"https:\/\/www.wikiesfera.org\/wp-content\/uploads\/2025\/01\/76.png 400w, https:\/\/www.wikiesfera.org\/wp-content\/uploads\/2025\/01\/76-300x150.png 300w, https:\/\/www.wikiesfera.org\/wp-content\/uploads\/2025\/01\/76-150x75.png 150w\" sizes=\"(max-width: 400px) 100vw, 400px\" \/><\/figure><figcaption class=\"coblocks-gallery--caption coblocks-gallery--primary-caption\"><\/figcaption><\/div><\/div><\/div><\/div><\/div><\/div>\n\n\n\n<p><\/p>\n\n\n\n<hr class=\"wp-block-separator has-alpha-channel-opacity\"\/>\n\n\n\n<p class=\"wp-block-coblocks-highlight wp-elements-8bec9481fbbd422592dc1748444f7a37\"><mark class=\"wp-block-coblocks-highlight__content has-text-color has-background has-link-color\" style=\"background-color:#dddddd;color:#b5179e\">Si quieres conocer todas las actividades que organizamos, ap\u00fantate a nuestro<strong>&nbsp;<a href=\"https:\/\/www.wikiesfera.org\/es\/contacto\/\">bolet\u00edn mensual<\/a>.<\/strong><br><br>Si quieres que organicemos alguna actividad para tu instituci\u00f3n o empresa escr\u00edbenos a&nbsp;<strong><a href=\"mailto:info@wikiesfera.org\">info@wikiesfera.org<\/a>.<\/strong><\/mark><\/p>\n\n\n\n<hr class=\"wp-block-separator has-alpha-channel-opacity\"\/>\n\n\n\n<p><\/p>\n","protected":false},"excerpt":{"rendered":"<p>Un conocimiento verdaderamente equitativo debe reflejar la diversidad de las experiencias humanas. Sin embargo, muchos colectivos \u2014como la comunidad LGBT, las mujeres gitanas y otros grupos hist\u00f3ricamente marginados o infrarrepresentados\u2014 han sido sistem\u00e1ticamente excluidos o ignorados en los espacios de producci\u00f3n de conocimiento. En Wikiesfera trabajamos para cambiar esta realidad: priorizamos su presencia en Wikipedia [&hellip;]<\/p>\n","protected":false},"author":1,"featured_media":7200,"parent":0,"menu_order":0,"comment_status":"closed","ping_status":"closed","template":"templates\/fullwidth.php","meta":{"_coblocks_attr":"","_coblocks_dimensions":"","_coblocks_responsive_height":"","_coblocks_accordion_ie_support":"","footnotes":""},"class_list":["post-7351","page","type-page","status-publish","has-post-thumbnail","hentry","page-entry","loop-entry clr"],"_links":{"self":[{"href":"https:\/\/www.wikiesfera.org\/es\/wp-json\/wp\/v2\/pages\/7351","targetHints":{"allow":["GET"]}}],"collection":[{"href":"https:\/\/www.wikiesfera.org\/es\/wp-json\/wp\/v2\/pages"}],"about":[{"href":"https:\/\/www.wikiesfera.org\/es\/wp-json\/wp\/v2\/types\/page"}],"author":[{"embeddable":true,"href":"https:\/\/www.wikiesfera.org\/es\/wp-json\/wp\/v2\/users\/1"}],"replies":[{"embeddable":true,"href":"https:\/\/www.wikiesfera.org\/es\/wp-json\/wp\/v2\/comments?post=7351"}],"version-history":[{"count":17,"href":"https:\/\/www.wikiesfera.org\/es\/wp-json\/wp\/v2\/pages\/7351\/revisions"}],"predecessor-version":[{"id":12034,"href":"https:\/\/www.wikiesfera.org\/es\/wp-json\/wp\/v2\/pages\/7351\/revisions\/12034"}],"wp:featuredmedia":[{"embeddable":true,"href":"https:\/\/www.wikiesfera.org\/es\/wp-json\/wp\/v2\/media\/7200"}],"wp:attachment":[{"href":"https:\/\/www.wikiesfera.org\/es\/wp-json\/wp\/v2\/media?parent=7351"}],"curies":[{"name":"wp","href":"https:\/\/api.w.org\/{rel}","templated":true}]}}