{"id":7106,"date":"2025-01-27T10:13:37","date_gmt":"2025-01-27T10:13:37","guid":{"rendered":"https:\/\/www.wikiesfera.org\/?page_id=7106"},"modified":"2026-01-07T14:09:10","modified_gmt":"2026-01-07T14:09:10","slug":"wikiesfera-2025","status":"publish","type":"page","link":"https:\/\/www.wikiesfera.org\/es\/wikiesfera-2025\/","title":{"rendered":"Wikiesfera"},"content":{"rendered":"\n<div class=\"wp-block-columns is-layout-flex wp-container-core-columns-is-layout-9d6595d7 wp-block-columns-is-layout-flex\">\n<div class=\"wp-block-column is-layout-flow wp-block-column-is-layout-flow\" style=\"flex-basis:66.66%\">\n<p class=\"has-text-align-left\">Somos un <strong>espacio de autoaprendizaje y desarrollo de din\u00e1micas inclusivas en torno a la edici\u00f3n en Wikipedia<\/strong>. Para ello, buscamos corregir las brechas que existen dentro del universo Wikimedia (Wikipedia, Wikidata, WikiCommons\u2026) aumentando el n\u00famero de personas editoras pertenecientes a minor\u00edas o grupos subrepresentados, incorporando a m\u00e1s mujeres en la edici\u00f3n, ampliando las biograf\u00edas de mujeres, eliminando el sesgo de g\u00e9nero de los art\u00edculos e incorporando contenidos que faciliten la documentaci\u00f3n de cultura y conocimiento que no est\u00e9 basado exclusivamente en la academia, las instituciones o los medios de comunicaci\u00f3n convencionales. En 2018, <strong>Wikiesfera fue reconocido oficialmente como <a href=\"https:\/\/meta.wikimedia.org\/wiki\/Wikiesfera\" target=\"_blank\" rel=\"noreferrer noopener\">grupo de usuarios<\/a> por el Comit\u00e9 de Afiliaciones de la Fundaci\u00f3n Wikimedia<\/strong>.<\/p>\n<\/div>\n\n\n\n<div class=\"wp-block-column is-layout-flow wp-block-column-is-layout-flow\" style=\"flex-basis:33.33%\">\n<figure class=\"wp-block-image size-large\"><img fetchpriority=\"high\" decoding=\"async\" width=\"1024\" height=\"765\" src=\"https:\/\/www.wikiesfera.org\/wp-content\/uploads\/2024\/10\/00_Logo_Wikiesfera-UG_cuadrado-fucsia-1024x765.png\" alt=\"\" class=\"wp-image-6159\" srcset=\"https:\/\/www.wikiesfera.org\/wp-content\/uploads\/2024\/10\/00_Logo_Wikiesfera-UG_cuadrado-fucsia-1024x765.png 1024w, https:\/\/www.wikiesfera.org\/wp-content\/uploads\/2024\/10\/00_Logo_Wikiesfera-UG_cuadrado-fucsia-300x224.png 300w, https:\/\/www.wikiesfera.org\/wp-content\/uploads\/2024\/10\/00_Logo_Wikiesfera-UG_cuadrado-fucsia-768x574.png 768w, https:\/\/www.wikiesfera.org\/wp-content\/uploads\/2024\/10\/00_Logo_Wikiesfera-UG_cuadrado-fucsia-150x112.png 150w, https:\/\/www.wikiesfera.org\/wp-content\/uploads\/2024\/10\/00_Logo_Wikiesfera-UG_cuadrado-fucsia-400x299.png 400w, https:\/\/www.wikiesfera.org\/wp-content\/uploads\/2024\/10\/00_Logo_Wikiesfera-UG_cuadrado-fucsia.png 1200w\" sizes=\"(max-width: 1024px) 100vw, 1024px\" \/><\/figure>\n<\/div>\n<\/div>\n\n\n\n<div class=\"wp-block-coblocks-accordion\">\n<div class=\"wp-block-coblocks-accordion-item\"><details open><summary class=\"wp-block-coblocks-accordion-item__title\">[ Historia ]<\/summary><div class=\"wp-block-coblocks-accordion-item__content\">\n<p>En 2014, Patricia Horrillo entr\u00f3 a formar parte del equipo del centro cultural Medialab Prado de Madrid. Dentro de su l\u00ednea de investigaci\u00f3n sobre&nbsp;<a href=\"https:\/\/www.medialab-matadero.es\/videos\/periodismo-ciudadano-patricia-horrillo\">Periodismo Ciudadano<\/a>, puso en marcha un grupo de trabajo: Wikiesfera. Entre otras cosas, quer\u00eda entender <strong>por qu\u00e9 hab\u00eda tan poca gente editando en Wikipedia<\/strong>. Y, tras desarrollar una <a href=\"https:\/\/wikiesfera.org\/category\/investigacion\/\" target=\"_blank\" rel=\"noreferrer noopener\">serie de sesiones<\/a>, encontr\u00f3 dos problemas:<\/p>\n\n\n\n<ol class=\"wp-block-list\">\n<li>El primero hac\u00eda referencia a una <strong>barrera tecnol\u00f3gica<\/strong>, ya que para editar en Wikipedia hab\u00eda que aprender un lenguaje de etiquetas (parecido al HTML) y supon\u00eda un freno para muchas personas. Ahora existe un editor visual que facilita este acercamiento a la creaci\u00f3n de art\u00edculos.<\/li>\n\n\n\n<li>El segundo, algo m\u00e1s complicado de resolver que el anterior, ten\u00eda relaci\u00f3n con un <strong>sentimiento de falta de legitimidad para intervenir en Wikipedia<\/strong>: las personas que participaban en las sesiones no se sent\u00edan lo suficientemente formadas o no eran expertas para contribuir porque, en palabras de alguna de ellas&nbsp;<em>\u201c\u00bfqui\u00e9n soy yo para escribir la Historia?\u201d<\/em>.<\/li>\n<\/ol>\n\n\n\n<p>Las nuevas tecnolog\u00edas nos permiten crear colectivamente textos y generar una documentaci\u00f3n colaborativa en los entornos wiki. Somos conscientes de la importancia de que&nbsp;<strong>cada vez m\u00e1s personas se sumen a la labor de narrar nuestra Historia<\/strong>&nbsp;y que no se creen nuevas \u00e9lites que decidan qu\u00e9 es y qu\u00e9 no es relevante. Las herramientas digitales son un medio para que nuestra voz y nuestras aportaciones sean o\u00eddas y le\u00eddas en los espacios comunes de consulta cada vez m\u00e1s recurrentes como el caso de Wikipedia.<\/p>\n\n\n\n<p>Tras varios a\u00f1os trabajando para revertir esta situaci\u00f3n, minimizando las brechas sist\u00e9micas de conocimiento y aumentando la presencia de las mujeres en espacios digitales libres, a finales de 2022, Wikiesfera se constituy\u00f3 como <strong>WikiLabs<\/strong>, <strong>una asociaci\u00f3n sin \u00e1nimo de lucro <\/strong>que busca promover la innovaci\u00f3n ciudadana, transformar la realidad social y lograr un mundo m\u00e1s justo mediante el uso de tecnolog\u00edas digitales y el fomento de&nbsp; pr\u00e1cticas colaborativas, trabajo en red, y transferencia y documentaci\u00f3n del conocimiento.<\/p>\n<\/div><\/details><\/div>\n<\/div>\n\n\n\n<hr class=\"wp-block-separator has-alpha-channel-opacity\"\/>\n\n\n\n<p class=\"wp-block-coblocks-highlight has-large-font-size wp-elements-dc16855c984724c563a82d53110565ad\" style=\"text-align:center\"><mark class=\"wp-block-coblocks-highlight__content has-text-color has-background has-link-color\" style=\"background-color:#dddddd;color:#b5179e\">\u00ab&nbsp;La visi\u00f3n de Wikiesfera es construir una <strong>comunidad feminista y comprometida con la justicia social<\/strong> que elimine los sesgos sist\u00e9micos de los espacios de conocimiento como Wikipedia \u00bb<\/mark><\/p>\n\n\n\n<hr class=\"wp-block-separator has-alpha-channel-opacity\"\/>\n\n\n\n<div class=\"wp-block-coblocks-accordion\">\n<div class=\"wp-block-coblocks-accordion-item\"><details open><summary class=\"wp-block-coblocks-accordion-item__title\">[ Valores ]<\/summary><div class=\"wp-block-coblocks-accordion-item__content\">\n<p>Nuestros valores sustentan todo lo que hacemos, c\u00f3mo trabajamos con otras personas y c\u00f3mo nos comportamos y comunicamos, para alcanzar con \u00e9xito nuestra visi\u00f3n.<\/p>\n\n\n\n<ul class=\"wp-block-list\">\n<li><strong>Cuidado del colectivo: <\/strong>Cuidar el equilibrio entre la vida personal y laboral, y alentar a las miembros del equipo y la comunidad a priorizar el cuidado de s\u00ed mismas y de las dem\u00e1s. Evitar en la medida de lo posible situaciones y condiciones de precariedad que puedan conducir a la explotaci\u00f3n de las personas de nuestra comunidad.&nbsp;<\/li>\n\n\n\n<li><strong>Confianza: <\/strong>Ser valientes y hacer un esfuerzo consciente para reconocer nuestras vulnerabilidades y valorar nuestras fortalezas mientras nos desafiamos a nosotras mismas y a las dem\u00e1s a mejorar a trav\u00e9s de la autorreflexi\u00f3n y el feedback mutuo emp\u00e1tico.&nbsp;<\/li>\n\n\n\n<li><strong>Responsabilidad colectiva: <\/strong>Consensuar colectivamente los objetivos y crear espacios para que quienes forman parte del equipo y de la comunidad participen y lideren los procesos de toma de decisiones en igualdad de condiciones y de forma transparente.<\/li>\n\n\n\n<li><strong>Diversidad, equidad e inclusi\u00f3n: <\/strong>Reconocer, celebrar y promover la diversidad en el grupo ampliando nuestra visi\u00f3n del mundo m\u00e1s all\u00e1 del Norte Global. Facilitar el acceso a los recursos y oportunidades que sean necesarios, teniendo en cuenta los diferentes puntos de partida y las diferentes necesidades. Esto significa que nos comprometemos a garantizar que no haya discriminaci\u00f3n por cualquiera de los siguientes motivos: edad, discapacidad, estado civil, sexo, orientaci\u00f3n sexual, embarazo y maternidad, raza, apariencia f\u00edsica o religi\u00f3n.<\/li>\n\n\n\n<li><strong>Distribuci\u00f3n del poder: <\/strong>Usar y compartir nuestro poder de manera responsable para transformar los sistemas y facilitar la igualdad de oportunidades. Aprovechar el poder individual y colectivo para crear espacios para las mujeres. Reconocer el trabajo de otras mujeres y participar de manera \u00e9tica y no extractiva con los miembros del grupo y la comunidad.<\/li>\n\n\n\n<li><strong>Conocimiento abierto:<\/strong> el conocimiento es un bien p\u00fablico que beneficia a todo el mundo y contribuye a desarrollar una sociedad m\u00e1s justa e igualitaria.<\/li>\n\n\n\n<li><strong>Cocreaci\u00f3n feliz:<\/strong> Crear, fomentar y garantizar un espacio de colaboraci\u00f3n y respeto mutuo donde las personas disfrutan reuni\u00e9ndose.<\/li>\n\n\n\n<li><strong>Feminismo: <\/strong>Reconocer, honrar y solidarizarnos con el movimiento feminista para crear un cambio e impacto duraderos con respecto a la brecha de g\u00e9nero, las brechas de conocimiento y la justicia social. Somos feministas y generamos conocimiento que nos trasciende individualmente, en busca de un bien colectivo que impacte positivamente a todas las mujeres.<\/li>\n<\/ul>\n<\/div><\/details><\/div>\n<\/div>\n\n\n\n<div class=\"wp-block-coblocks-accordion\">\n<div class=\"wp-block-coblocks-accordion-item\"><details open><summary class=\"wp-block-coblocks-accordion-item__title\">[ Objetivos ]<\/summary><div class=\"wp-block-coblocks-accordion-item__content\">\n<p>Aunque los objetivos han ido variando ligeramente desde su puesta en marcha, Wikiesfera ha intentado ser siempre un espacio en el que compartir aprendizajes y conocimientos usando&nbsp;herramientas libres. Este grupo&nbsp;trabaja principalmente&nbsp;para&nbsp;<strong>identificar y corregir las brechas que existen en la representaci\u00f3n del conocimiento dentro del universo Wikimedia<\/strong>&nbsp;(Wikipedia, Wikidata, WikiCommons&#8230;), para lo que resulta fundamental aumentar el n\u00famero de wikipedistas que pertenecen a minor\u00edas, grupos subrepresentados u otros grupos sociales que no han tenido acceso a las tecnolog\u00edas de la informaci\u00f3n.<\/p>\n\n\n\n<p>Entendemos que una enciclopedia diversa y neutral s\u00f3lo podemos lograrla:<\/p>\n\n\n\n<ul class=\"wp-block-list\">\n<li><strong>aumentando el n\u00famero de editoras y editores<\/strong>&nbsp;para evitar que se cree una nueva \u00e9lite sobre la narraci\u00f3n de la Historia (somos&nbsp;567 millones hispanohablantes y en la Wikipedia en espa\u00f1ol se registraron entre 2020 y 2024 s\u00f3lo 5.000 editores activos);<\/li>\n\n\n\n<li><strong>incorporando a m\u00e1s mujeres en la edici\u00f3n<\/strong>&nbsp;ya que, del total de editores de Wikipedia, menos del 13% somos mujeres y eso genera una considerable brecha de g\u00e9nero y una narraci\u00f3n de la Historia incompleta;<\/li>\n\n\n\n<li><strong>ampliando el contenido relativo a biograf\u00edas de mujeres<\/strong>&nbsp;tambi\u00e9n muy por debajo de la cifra que corresponde a la aportaci\u00f3n a la sociedad de las mujeres en todos los \u00e1mbitos (alrededor del 25%);<\/li>\n\n\n\n<li><strong>trabajando con perspectiva de g\u00e9nero<\/strong>&nbsp;para eliminar el sesgo androc\u00e9ntrico en la producci\u00f3n de contenidos en defensa de la neutralidad, uno de los pilares b\u00e1sicos de la Wikipedia;<\/li>\n\n\n\n<li><strong>incorporando contenidos libres de tipo audiovisual<\/strong>&nbsp;para facilitar la documentaci\u00f3n de otro tipo de cultura y conocimiento que no est\u00e9 basado exclusivamente en la academia, los reconocimientos de las instituciones o la visibilizaci\u00f3n de los medios de comunicaci\u00f3n convencionales.<\/li>\n<\/ul>\n\n\n\n<p>Logramos estos objetivos enfoc\u00e1ndonos en nuestras <strong><a href=\"https:\/\/www.wikiesfera.org\/lineas-de-trabajo\/\">L\u00edneas de Trabajo<\/a><\/strong>.<\/p>\n<\/div><\/details><\/div>\n<\/div>\n\n\n\n<hr class=\"wp-block-separator has-alpha-channel-opacity\"\/>\n\n\n\n<p class=\"wp-block-coblocks-highlight has-large-font-size wp-elements-93e33bcad69a8f7ccf2a710212706651\" style=\"text-align:center\"><mark class=\"wp-block-coblocks-highlight__content has-text-color has-background has-link-color\" style=\"background-color:#dddddd;color:#b5179e\">Juntas, queremos seguir aprendiendo y documentando aquello que falta y que es mucho. Seguimos queriendo<strong> escribir entre todas nuestra Historia<\/strong> y creemos que ser\u00e1 m\u00e1s divertido si m\u00e1s personas se suman<\/mark><\/p>\n\n\n\n<hr class=\"wp-block-separator has-alpha-channel-opacity\"\/>\n\n\n\n<div class=\"wp-block-coblocks-accordion\">\n<div class=\"wp-block-coblocks-accordion-item\"><details><summary class=\"wp-block-coblocks-accordion-item__title\">[ Informes de actividad ]<\/summary><div class=\"wp-block-coblocks-accordion-item__content\">\n<p>Desde que Wikiesfera fue reconocido como grupo oficial por la Fundaci\u00f3n Wikimedia en 2018, ha publicado los siguientes <strong>informes de actividad<\/strong>:<\/p>\n\n\n\n<ul class=\"wp-block-list\">\n<li><a href=\"https:\/\/meta.wikimedia.org\/wiki\/Wikiesfera\/Reports\/2018\/es\">Informe 2018-2019<\/a><\/li>\n\n\n\n<li><a href=\"https:\/\/meta.wikimedia.org\/wiki\/Wikiesfera\/Reports\/2019\/es\">Informe 2019-2020<\/a><\/li>\n\n\n\n<li><a href=\"https:\/\/meta.wikimedia.org\/wiki\/Wikiesfera\/Reports\/2020\/es\">Informe 2020-2021<\/a><\/li>\n\n\n\n<li><a href=\"https:\/\/meta.wikimedia.org\/wiki\/Wikiesfera\/Reports\/2021\/es\">Informe 2021-2022<\/a><\/li>\n\n\n\n<li><a href=\"https:\/\/meta.wikimedia.org\/wiki\/Wikiesfera\/Reports\/2022\/es\">Informe 2022-2023<\/a><\/li>\n\n\n\n<li><a href=\"https:\/\/meta.wikimedia.org\/wiki\/Wikiesfera\/Reports\/2023\/es\">Informe 2023-2024<\/a><\/li>\n\n\n\n<li><a href=\"https:\/\/meta.wikimedia.org\/wiki\/Wikiesfera\/Reports\/2024\/es\">Informe 2024-2025<\/a><\/li>\n<\/ul>\n<\/div><\/details><\/div>\n<\/div>\n\n\n\n<hr class=\"wp-block-separator has-alpha-channel-opacity\"\/>\n\n\n\n<p class=\"wp-block-coblocks-highlight wp-elements-416b4289e745d381006839714c8e6581\"><mark class=\"wp-block-coblocks-highlight__content has-text-color has-background has-link-color\" style=\"background-color:#ddddddde;color:#b5179e\">Si quieres conocer todas las actividades que organizamos, ap\u00fantate a nuestro<strong>\u00a0<a href=\"https:\/\/www.wikiesfera.org\/es\/contacto\/\" data-type=\"link\" data-id=\"https:\/\/www.wikiesfera.org\/es\/contacto\/\">bolet\u00edn mensual<\/a>.<\/strong><br><br>Si quieres que organicemos alguna actividad para tu instituci\u00f3n o empresa escr\u00edbenos a <strong><a href=\"mailto:info@wikiesfera.org\">info@wikiesfera.org<\/a>.<\/strong><\/mark><\/p>\n\n\n\n<hr class=\"wp-block-separator has-alpha-channel-opacity\"\/>\n\n\n\n<div style=\"height:46px\" aria-hidden=\"true\" class=\"wp-block-spacer\"><\/div>\n\n\n\n<p class=\"has-text-align-center\">Esta web ha sido financiada por la Uni\u00f3n Europea \u2013 NextGenerationEU<\/p>\n\n\n<div class=\"wp-block-image\">\n<figure class=\"aligncenter size-large is-resized\"><img decoding=\"async\" width=\"1024\" height=\"110\" src=\"http:\/\/www.wikiesfera.org\/wp-content\/uploads\/2023\/11\/plan-recuperacion-eu-1024x110.png\" alt=\"\" class=\"wp-image-4724\" style=\"width:567px;height:auto\" srcset=\"https:\/\/www.wikiesfera.org\/wp-content\/uploads\/2023\/11\/plan-recuperacion-eu-1024x110.png 1024w, https:\/\/www.wikiesfera.org\/wp-content\/uploads\/2023\/11\/plan-recuperacion-eu-300x32.png 300w, https:\/\/www.wikiesfera.org\/wp-content\/uploads\/2023\/11\/plan-recuperacion-eu-768x83.png 768w, https:\/\/www.wikiesfera.org\/wp-content\/uploads\/2023\/11\/plan-recuperacion-eu-1536x165.png 1536w, https:\/\/www.wikiesfera.org\/wp-content\/uploads\/2023\/11\/plan-recuperacion-eu-2048x220.png 2048w, https:\/\/www.wikiesfera.org\/wp-content\/uploads\/2023\/11\/plan-recuperacion-eu-150x16.png 150w, https:\/\/www.wikiesfera.org\/wp-content\/uploads\/2023\/11\/plan-recuperacion-eu-400x43.png 400w\" sizes=\"(max-width: 1024px) 100vw, 1024px\" \/><\/figure><\/div>\n\n\n<p><\/p>\n","protected":false},"excerpt":{"rendered":"<p>Somos un espacio de autoaprendizaje y desarrollo de din\u00e1micas inclusivas en torno a la edici\u00f3n en Wikipedia. Para ello, buscamos corregir las brechas que existen dentro del universo Wikimedia (Wikipedia, Wikidata, WikiCommons\u2026) aumentando el n\u00famero de personas editoras pertenecientes a minor\u00edas o grupos subrepresentados, incorporando a m\u00e1s mujeres en la edici\u00f3n, ampliando las biograf\u00edas de [&hellip;]<\/p>\n","protected":false},"author":1,"featured_media":0,"parent":0,"menu_order":0,"comment_status":"closed","ping_status":"closed","template":"templates\/fullwidth.php","meta":{"_coblocks_attr":"","_coblocks_dimensions":"","_coblocks_responsive_height":"","_coblocks_accordion_ie_support":"","footnotes":""},"class_list":["post-7106","page","type-page","status-publish","hentry","page-entry","loop-entry clr"],"_links":{"self":[{"href":"https:\/\/www.wikiesfera.org\/es\/wp-json\/wp\/v2\/pages\/7106","targetHints":{"allow":["GET"]}}],"collection":[{"href":"https:\/\/www.wikiesfera.org\/es\/wp-json\/wp\/v2\/pages"}],"about":[{"href":"https:\/\/www.wikiesfera.org\/es\/wp-json\/wp\/v2\/types\/page"}],"author":[{"embeddable":true,"href":"https:\/\/www.wikiesfera.org\/es\/wp-json\/wp\/v2\/users\/1"}],"replies":[{"embeddable":true,"href":"https:\/\/www.wikiesfera.org\/es\/wp-json\/wp\/v2\/comments?post=7106"}],"version-history":[{"count":38,"href":"https:\/\/www.wikiesfera.org\/es\/wp-json\/wp\/v2\/pages\/7106\/revisions"}],"predecessor-version":[{"id":10687,"href":"https:\/\/www.wikiesfera.org\/es\/wp-json\/wp\/v2\/pages\/7106\/revisions\/10687"}],"wp:attachment":[{"href":"https:\/\/www.wikiesfera.org\/es\/wp-json\/wp\/v2\/media?parent=7106"}],"curies":[{"name":"wp","href":"https:\/\/api.w.org\/{rel}","templated":true}]}}