{"id":6856,"date":"2025-01-27T10:13:52","date_gmt":"2025-01-27T10:13:52","guid":{"rendered":"https:\/\/www.wikiesfera.org\/?page_id=6856"},"modified":"2026-03-04T11:39:30","modified_gmt":"2026-03-04T11:39:30","slug":"apoyanos","status":"publish","type":"page","link":"https:\/\/www.wikiesfera.org\/es\/apoyanos\/","title":{"rendered":"Ap\u00f3yanos"},"content":{"rendered":"\n<p>Wikipedia es la enciclopedia m\u00e1s consultada del mundo, pero a\u00fan existen grandes <a href=\"https:\/\/www.wikiesfera.org\/es\/brecha-de-genero\/\" data-type=\"link\" data-id=\"https:\/\/www.wikiesfera.org\/es\/brecha-de-genero\/\"><strong>brechas<\/strong><\/a>: <strong>menos del 25% de las biograf\u00edas son sobre mujeres y menos del 13% de las personas que editan son mujeres<\/strong>. Esta falta de representaci\u00f3n distorsiona nuestra visi\u00f3n del mundo y perpet\u00faa desigualdades hist\u00f3ricas.<\/p>\n\n\n\n<p>En&nbsp;<strong>Wikiesfera<\/strong>, trabajamos para cambiar esta realidad. Somos una organizaci\u00f3n <strong>feminista<\/strong> comprometida con la <strong>justicia social <\/strong>y la <strong>eliminaci\u00f3n de sesgos<\/strong> en los espacios de conocimiento.<\/p>\n\n\n\n<hr class=\"wp-block-separator has-alpha-channel-opacity\"\/>\n\n\n\n<h2 id=\"gtgt-como-lo-hacemos\" class=\"wp-block-heading\"><strong>&gt;&gt; \u00bfC\u00f3mo lo hacemos?<\/strong><\/h2>\n\n\n\n<div class=\"wp-block-columns are-vertically-aligned-center is-layout-flex wp-container-core-columns-is-layout-9d6595d7 wp-block-columns-is-layout-flex\">\n<div class=\"wp-block-column is-vertically-aligned-center is-layout-flow wp-block-column-is-layout-flow\" style=\"flex-basis:100%\">\n<ul class=\"wp-block-list\">\n<li>Formando y acompa\u00f1ando a nuevas editoras para que participen activamente en Wikipedia.<\/li>\n\n\n\n<li>Promoviendo la diversidad y la equidad en los contenidos de la enciclopedia.<\/li>\n\n\n\n<li>Ayudando a crear y mejorar art\u00edculos sobre mujeres, el colectivo LGBT+ y otros movimientos sociales invisibilizados.<\/li>\n<\/ul>\n\n\n\n<p><strong>Con tu apoyo, podemos seguir acompa\u00f1ando a m\u00e1s mujeres<\/strong>&nbsp;en su camino para convertirse en editoras de Wikipedia, ampliando y fortaleciendo nuestra comunidad feminista. Cada donaci\u00f3n nos acerca a un espacio digital m\u00e1s equitativo, donde m\u00e1s mujeres puedan escribir, documentar y compartir su historia. Juntas, reducimos la brecha de g\u00e9nero en el conocimiento y creamos una Wikipedia m\u00e1s diversa y representativa.<\/p>\n\n\n\n<p><strong>Tu contribuci\u00f3n marca la diferencia.<\/strong>&nbsp;Con tu donaci\u00f3n, podemos organizar m\u00e1s talleres, ofrecer formaci\u00f3n y acompa\u00f1amiento a nuevas editoras, y consolidar una comunidad que trabaja por un conocimiento libre, accesible y sin sesgos.<\/p>\n<\/div>\n\n\n\n<div class=\"wp-block-column is-vertically-aligned-center is-layout-flow wp-block-column-is-layout-flow\" style=\"flex-basis:30%\">\n<figure class=\"wp-block-image size-large\"><img fetchpriority=\"high\" decoding=\"async\" width=\"724\" height=\"1024\" src=\"https:\/\/www.wikiesfera.org\/wp-content\/uploads\/2025\/03\/WCDI_bitono-724x1024.png\" alt=\"\" class=\"wp-image-8214\" srcset=\"https:\/\/www.wikiesfera.org\/wp-content\/uploads\/2025\/03\/WCDI_bitono-724x1024.png 724w, https:\/\/www.wikiesfera.org\/wp-content\/uploads\/2025\/03\/WCDI_bitono-212x300.png 212w, https:\/\/www.wikiesfera.org\/wp-content\/uploads\/2025\/03\/WCDI_bitono-768x1086.png 768w, https:\/\/www.wikiesfera.org\/wp-content\/uploads\/2025\/03\/WCDI_bitono-1086x1536.png 1086w, https:\/\/www.wikiesfera.org\/wp-content\/uploads\/2025\/03\/WCDI_bitono-1448x2048.png 1448w, https:\/\/www.wikiesfera.org\/wp-content\/uploads\/2025\/03\/WCDI_bitono-8x12.png 8w, https:\/\/www.wikiesfera.org\/wp-content\/uploads\/2025\/03\/WCDI_bitono-106x150.png 106w, https:\/\/www.wikiesfera.org\/wp-content\/uploads\/2025\/03\/WCDI_bitono-400x566.png 400w\" sizes=\"(max-width: 724px) 100vw, 724px\" \/><\/figure>\n<\/div>\n<\/div>\n\n\n\n<hr class=\"wp-block-separator has-alpha-channel-opacity\"\/>\n\n\n\n<p class=\"wp-block-coblocks-highlight has-large-font-size wp-elements-018aee3b1ad9c863ec04938a562fb802\" style=\"text-align:center\"><mark class=\"wp-block-coblocks-highlight__content has-white-color has-text-color has-background has-link-color\" style=\"background-color:#b5179e\"> <strong>\u00a1HAZ TU DONACI\u00d3N HOY! <br> \u00danete a nuestra lucha <\/strong><br> <strong>por un conocimiento m\u00e1s justo y diverso<\/strong><\/mark><\/p>\n\n\n\n<div style=\"height:50px\" aria-hidden=\"true\" class=\"wp-block-spacer\"><\/div>\n\n\n\n<p class=\"has-text-align-center\">A continuaci\u00f3n te ofrecemos 3 formas de DONAR anualmente a Wikiesfera, por 10\u20ac, 5\u20ac y 2,5\u20ac al mes.<\/p>\n\n\n\n<div class=\"wp-block-columns is-layout-flex wp-container-core-columns-is-layout-9d6595d7 wp-block-columns-is-layout-flex\">\n<div class=\"wp-block-column is-layout-flow wp-block-column-is-layout-flow\">\n<script async\n  src=\"https:\/\/js.stripe.com\/v3\/buy-button.js\">\n<\/script>\n\n<stripe-buy-button\n  buy-button-id=\"buy_btn_1T7Dlx01DVp1vApXnlEHLnqv\"\n  publishable-key=\"pk_live_51QsAMQ01DVp1vApXscuEOcYQ14OfFoHqVXcFq3oaoYfOQU8cpqtGYh7KSuItv0o6gCGaucqn5bUIwt7MAhe1n9xl00yBmNs4Po\"\n>\n<\/stripe-buy-button>\n<\/div>\n\n\n\n<div class=\"wp-block-column is-layout-flow wp-block-column-is-layout-flow\">\n<script async\n  src=\"https:\/\/js.stripe.com\/v3\/buy-button.js\">\n<\/script>\n\n<stripe-buy-button\n  buy-button-id=\"buy_btn_1T7Djt01DVp1vApX3bIYMUK0\"\n  publishable-key=\"pk_live_51QsAMQ01DVp1vApXscuEOcYQ14OfFoHqVXcFq3oaoYfOQU8cpqtGYh7KSuItv0o6gCGaucqn5bUIwt7MAhe1n9xl00yBmNs4Po\"\n>\n<\/stripe-buy-button>\n<\/div>\n\n\n\n<div class=\"wp-block-column is-layout-flow wp-block-column-is-layout-flow\">\n<script async\n  src=\"https:\/\/js.stripe.com\/v3\/buy-button.js\">\n<\/script>\n\n<stripe-buy-button\n  buy-button-id=\"buy_btn_1T7Dij01DVp1vApXtqm65J7p\"\n  publishable-key=\"pk_live_51QsAMQ01DVp1vApXscuEOcYQ14OfFoHqVXcFq3oaoYfOQU8cpqtGYh7KSuItv0o6gCGaucqn5bUIwt7MAhe1n9xl00yBmNs4Po\"\n>\n<\/stripe-buy-button>\n<\/div>\n<\/div>\n\n\n\n<div style=\"height:50px\" aria-hidden=\"true\" class=\"wp-block-spacer\"><\/div>\n\n\n\n<p class=\"has-text-align-center\">Si lo deseas tambi\u00e9n puedes hacer una donaci\u00f3n puntual<\/p>\n\n\n\n<div style=\"margin:0 auto;display:table;\">\n<script async\n  src=\"https:\/\/js.stripe.com\/v3\/buy-button.js\">\n<\/script>\n\n<stripe-buy-button\n  buy-button-id=\"buy_btn_1R4gTL01DVp1vApX85SXpUz1\"\n  publishable-key=\"pk_live_51QsAMQ01DVp1vApXscuEOcYQ14OfFoHqVXcFq3oaoYfOQU8cpqtGYh7KSuItv0o6gCGaucqn5bUIwt7MAhe1n9xl00yBmNs4Po\"\n>\n<\/stripe-buy-button>\n<\/div>\n\n\n\n<p class=\"wp-block-coblocks-highlight has-small-font-size\" style=\"text-align:center\"><mark class=\"wp-block-coblocks-highlight__content has-background\" style=\"background-color:#ddddddde\"><em> TEN EN CUENTA &gt;&gt; El importe m\u00ednimo de la donaci\u00f3n ser\u00e1 de 10 euros. La Asociaci\u00f3n Wikilabs (Wikiesfera) no est\u00e1 declarada como de utilidad p\u00fablica por lo que no da derecho a deducciones fiscales a los donantes.<\/em><\/mark><\/p>\n\n\n\n<hr class=\"wp-block-separator has-alpha-channel-opacity\"\/>\n\n\n\n<p>En un mundo donde la informaci\u00f3n es poder, tu apoyo nos ayuda a garantizar que ese poder est\u00e9 en manos de todas. Gracias por formar parte de un futuro donde el conocimiento sea verdaderamente libre. <\/p>\n\n\n\n<p>Wikipedia debe representar a todas las voces<strong> \u00a1Ay\u00fadanos a lograrlo!<\/strong> <br>Porque <strong>#JuntasSomosM\u00e1sVisibles<\/strong><\/p>\n","protected":false},"excerpt":{"rendered":"<p>Wikipedia es la enciclopedia m\u00e1s consultada del mundo, pero a\u00fan existen grandes brechas: menos del 25% de las biograf\u00edas son sobre mujeres y menos del 13% de las personas que editan son mujeres. Esta falta de representaci\u00f3n distorsiona nuestra visi\u00f3n del mundo y perpet\u00faa desigualdades hist\u00f3ricas. En&nbsp;Wikiesfera, trabajamos para cambiar esta realidad. Somos una organizaci\u00f3n [&hellip;]<\/p>\n","protected":false},"author":1,"featured_media":0,"parent":0,"menu_order":0,"comment_status":"closed","ping_status":"closed","template":"templates\/fullwidth.php","meta":{"_coblocks_attr":"","_coblocks_dimensions":"","_coblocks_responsive_height":"","_coblocks_accordion_ie_support":"","footnotes":""},"class_list":["post-6856","page","type-page","status-publish","hentry","page-entry","loop-entry clr"],"_links":{"self":[{"href":"https:\/\/www.wikiesfera.org\/es\/wp-json\/wp\/v2\/pages\/6856","targetHints":{"allow":["GET"]}}],"collection":[{"href":"https:\/\/www.wikiesfera.org\/es\/wp-json\/wp\/v2\/pages"}],"about":[{"href":"https:\/\/www.wikiesfera.org\/es\/wp-json\/wp\/v2\/types\/page"}],"author":[{"embeddable":true,"href":"https:\/\/www.wikiesfera.org\/es\/wp-json\/wp\/v2\/users\/1"}],"replies":[{"embeddable":true,"href":"https:\/\/www.wikiesfera.org\/es\/wp-json\/wp\/v2\/comments?post=6856"}],"version-history":[{"count":71,"href":"https:\/\/www.wikiesfera.org\/es\/wp-json\/wp\/v2\/pages\/6856\/revisions"}],"predecessor-version":[{"id":11379,"href":"https:\/\/www.wikiesfera.org\/es\/wp-json\/wp\/v2\/pages\/6856\/revisions\/11379"}],"wp:attachment":[{"href":"https:\/\/www.wikiesfera.org\/es\/wp-json\/wp\/v2\/media?parent=6856"}],"curies":[{"name":"wp","href":"https:\/\/api.w.org\/{rel}","templated":true}]}}