{"id":6178,"date":"2025-01-27T10:15:07","date_gmt":"2025-01-27T10:15:07","guid":{"rendered":"https:\/\/www.wikiesfera.org\/?page_id=6178"},"modified":"2026-01-30T15:13:31","modified_gmt":"2026-01-30T15:13:31","slug":"comunidad","status":"publish","type":"page","link":"https:\/\/www.wikiesfera.org\/es\/comunidad\/","title":{"rendered":"Comunidad"},"content":{"rendered":"\n<p>Wikiesfera es, ante todo, una <strong>comunidad feminista de editoras<\/strong>. Para nosotras es tan importante <strong>qu\u00e9 hacemos<\/strong> tanto <strong>c\u00f3mo lo hacemos<\/strong>. Esta premisa se ha convertido en nuestra <strong>f\u00f3rmula<\/strong>, la que nos ha permitido a lo largo de los a\u00f1os <strong>disfrutar<\/strong> juntas mientras aprendemos en un espacio seguro.<\/p>\n\n\n\n<figure class=\"wp-block-embed is-type-video is-provider-youtube wp-block-embed-youtube wp-embed-aspect-16-9 wp-has-aspect-ratio\"><div class=\"wp-block-embed__wrapper\">\n<iframe title=\"The Wikiesfera Formula: A Feminist Approach to Bridging the Gender Gap\" width=\"980\" height=\"551\" src=\"https:\/\/www.youtube.com\/embed\/AS3H3xQpvzQ?feature=oembed\" frameborder=\"0\" allow=\"accelerometer; autoplay; clipboard-write; encrypted-media; gyroscope; picture-in-picture; web-share\" referrerpolicy=\"strict-origin-when-cross-origin\" allowfullscreen><\/iframe>\n<\/div><\/figure>\n\n\n\n<p><\/p>\n\n\n\n<p>Con el paso del tiempo, aparte del grupo de Madrid, se han ido creando otros nodos con wikipedistas que se suman a nuestra forma de crear comunidad. Si quieres sumarte a los <strong>distintos grupos de trabajo de Wikiesfera<\/strong>, aqu\u00ed te contamos d\u00f3nde se encuentra cada uno y cu\u00e1ndo se re\u00fanen.<\/p>\n\n\n\n<p>Si es tu primera vez, antes, te invitamos a dar tus <strong><a href=\"https:\/\/www.wikiesfera.org\/primeros-pasos\/\" data-type=\"page\" data-id=\"7248\">primeros pasos<\/a><\/strong>.<\/p>\n\n\n\n<div class=\"wp-block-coblocks-accordion\">\n<div class=\"wp-block-coblocks-accordion-item\"><details open><summary class=\"wp-block-coblocks-accordion-item__title\"><strong>[ Wikiesfera | Madrid ]<\/strong><\/summary><div class=\"wp-block-coblocks-accordion-item__content\"><h2 class=\"wp-block-heading\" id=\"presenciales\"><strong>Presenciales<\/strong><\/h2>\n\n\n<ul class=\"wp-block-list\">\n<li>&#x1f4bb;&nbsp;Necesitas&nbsp;TRAER TU PORT\u00c1TIL<\/li>\n\n\n\n<li>&#x1f4c5;<strong>&nbsp;Reuniones presenciales:<\/strong>&nbsp;<strong>TODOS LOS LUNES<\/strong><\/li>\n\n\n\n<li>&#x23f0;&nbsp;<strong>Horario:<\/strong>&nbsp;18:00h. \u2013 20:30h.<\/li>\n\n\n\n<li>&#x1f4cd;&nbsp;<strong>Lugar:<\/strong>&nbsp;<strong>Librer\u00eda La Fabulosa<\/strong>&nbsp;|&nbsp;<a href=\"https:\/\/goo.gl\/maps\/9R6FDN5rtGgCrfxn7\" target=\"_blank\" rel=\"noreferrer noopener\">c\/ del Barco, 40<\/a>&nbsp;| 28004 <strong>MADRID<\/strong><\/li>\n\n\n\n<li>&#x2753;&nbsp;Sesiones abiertas y&nbsp;SIN INSCRIPCI\u00d3N<\/li>\n<\/ul>\n\n\n<h2 class=\"wp-block-heading\" id=\"virtuales\"><strong>Virtuales<\/strong><\/h2>\n\n\n<ul class=\"wp-block-list\">\n<li>&#x1f4c5;<strong>&nbsp;Reuniones virtuales:<\/strong>&nbsp;<strong>DOS MI\u00c9RCOLES AL MES<\/strong><\/li>\n\n\n\n<li>&#x23f0;&nbsp;<strong>Horario:<\/strong>&nbsp;18:00h. \u2013 20:00h.<\/li>\n\n\n\n<li>&#x2753;&nbsp;Para resoluci\u00f3n de dudas y&nbsp;SIN INSCRIPCI\u00d3N<\/li>\n\n\n\n<li>&#x1f4bb;&nbsp;Necesitas&nbsp;ORDENADOR CON C\u00c1MARA Y MICR\u00d3FONO<\/li>\n<\/ul>\n<\/div><\/details><\/div>\n\n\n\n<div class=\"wp-block-coblocks-accordion-item\"><details open><summary class=\"wp-block-coblocks-accordion-item__title\"><strong>[ WikiArag\u00f3n | Zaragoza ]<\/strong><\/summary><div class=\"wp-block-coblocks-accordion-item__content\"><h2 class=\"wp-block-heading\" id=\"presenciales\"><strong>Presenciales<\/strong><\/h2>\n\n\n<ul class=\"wp-block-list\">\n<li>&#x1f4c5;<strong>&nbsp;Reuniones presenciales:<\/strong>&nbsp;<strong>PRIMER LUNES DE MES<\/strong><\/li>\n\n\n\n<li>&#x23f0;&nbsp;<strong>Horario:<\/strong>&nbsp;17:00h. \u2013 19:00h.<\/li>\n\n\n\n<li>&#x1f4cd;&nbsp;<strong>Laboratorio de Arag\u00f3n [Gobierno] Abierto (LAAAB<\/strong>) |&nbsp;<a href=\"https:\/\/goo.gl\/maps\/XwaVWEbYq14XeWrX8\" target=\"_blank\" rel=\"noreferrer noopener\">Plaza del Pilar, 3<\/a>&nbsp;| 50003 <strong>ZARAGOZA<\/strong><\/li>\n\n\n\n<li>&#x2753;&nbsp;Sesiones abiertas y&nbsp;SIN INSCRIPCI\u00d3N<\/li>\n\n\n\n<li>&#x1f4bb;&nbsp;Necesitas&nbsp;TRAER TU PORT\u00c1TIL<\/li>\n\n\n\n<li>&#x1f4e9;&nbsp;<strong>CONTACTO:&nbsp;<\/strong><a href=\"mailto:wikiaragon@wikiesfera.org\">wikiaragon@wikiesfera.org<\/a><\/li>\n\n\n\n<li>&#x1f30d; <a href=\"https:\/\/wikiaragon.wordpress.com\/\" target=\"_blank\" rel=\"noreferrer noopener\">Sitio web<\/a> | &#x1f49f; <a href=\"https:\/\/www.instagram.com\/wikiaragon\/\" target=\"_blank\" rel=\"noreferrer noopener\">Instagram<\/a> | <a href=\"https:\/\/bsky.app\/profile\/wikiaragon.bsky.social\">BlueSky<\/a><\/li>\n<\/ul>\n<\/div><\/details><\/div>\n\n\n\n<div class=\"wp-block-coblocks-accordion-item\"><details open><summary class=\"wp-block-coblocks-accordion-item__title\"><strong>[ WikiMorada | Vigo ]<\/strong><\/summary><div class=\"wp-block-coblocks-accordion-item__content\"><h2 class=\"wp-block-heading\" id=\"presenciales\"><strong>Presenciales<\/strong><\/h2>\n\n\n<ul class=\"wp-block-list\">\n<li>&#x1f4c5;<strong>&nbsp;Reuniones presenciales:<\/strong>&nbsp;<strong>DOS LUNES AL MES<\/strong><\/li>\n\n\n\n<li>&#x23f0;&nbsp;<strong>Horario:<\/strong>&nbsp;18:00h. \u2013 21:00h.<\/li>\n\n\n\n<li>&#x1f4cd;&nbsp;<strong>Amorada Cooperativa<\/strong> |&nbsp;<a href=\"https:\/\/maps.app.goo.gl\/pr4rXtgTLhAyutWW6\" target=\"_blank\" rel=\"noreferrer noopener\">R. Enrique X. Mac\u00edas, 6, Freijeiro<\/a>&nbsp;| 36203 <strong>VIGO<\/strong> (Pontevedra)<\/li>\n\n\n\n<li>&#x2753;&nbsp;Sesiones abiertas y&nbsp;SIN INSCRIPCI\u00d3N<\/li>\n\n\n\n<li>&#x1f4bb;&nbsp;Necesitas&nbsp;TRAER TU PORT\u00c1TIL<\/li>\n\n\n\n<li>&#x1f4e9;&nbsp;<strong>CONTACTO:&nbsp;<\/strong><a href=\"mailto:wikimorada@wikiesfera.org\">wikimorada@wikiesfera.org<\/a><\/li>\n\n\n\n<li>&#x1f49f; <a href=\"https:\/\/www.instagram.com\/wikimorada?igsh=cGg3MTc4OW96eW5j\">Instagram<\/a> | <a href=\"https:\/\/bsky.app\/profile\/wikimorada.bsky.social\">BlueSky<\/a><\/li>\n<\/ul>\n<\/div><\/details><\/div>\n\n\n\n<div class=\"wp-block-coblocks-accordion-item\"><details open><summary class=\"wp-block-coblocks-accordion-item__title\"><strong>[ WikiAsturianes | Asturias ]<\/strong><\/summary><div class=\"wp-block-coblocks-accordion-item__content\"><h2 class=\"wp-block-heading\" id=\"presenciales\"><strong>Presenciales<\/strong><\/h2>\n\n\n<ul class=\"wp-block-list\">\n<li>&#x1f4c5;<strong>&nbsp;Reuniones presenciales:<\/strong>&nbsp;<strong>SEGUNDO MARTES DEL MES<\/strong><\/li>\n\n\n\n<li>&#x23f0;&nbsp;<strong>Horario:<\/strong>&nbsp;18:00h. \u2013 20:00h.<\/li>\n\n\n\n<li>&#x1f4cd;&nbsp;Se informar\u00e1 en el bolet\u00edn mensual<\/li>\n\n\n\n<li>&#x2753;&nbsp;Sesiones abiertas y&nbsp;SIN INSCRIPCI\u00d3N<\/li>\n\n\n\n<li>&#x1f4bb;&nbsp;Necesitas&nbsp;TRAER TU PORT\u00c1TIL<\/li>\n\n\n\n<li>&#x1f4e9;\u00a0<strong>CONTACTO:\u00a0<\/strong><a href=\"mailto:asturias@wikiesfera.org\">asturias@wikiesfera.org<\/a> | <a href=\"mailto:encina@wikiesfera.org\">encina@wikiesfera.org<\/a><\/li>\n<\/ul>\n<\/div><\/details><\/div>\n<\/div>\n\n\n\n<p><\/p>\n\n\n\n<hr class=\"wp-block-separator has-alpha-channel-opacity\"\/>\n\n\n<h1 class=\"wp-block-heading\" id=\"gt-un-espacio-seguro-para-todas\"><strong>&gt; Un espacio seguro para todas<\/strong><\/h1>\n\n\n<p>En Wikiesfera contamos con <strong>c\u00f3digos y pol\u00edticas<\/strong> que nos ayudan a gestionar los comportamientos y las relaciones entre las personas que forman parte de esta comunidad. Para garantizar la seguridad e integridad de las participantes y coordinadoras, todas las actividades presenciales y virtuales organizadas por Wikiesfera se regir\u00e1n por:<\/p>\n\n\n\n<ul class=\"wp-block-list\">\n<li><a href=\"https:\/\/www.wikiesfera.org\/codigo-de-conducta-universal\/\" data-type=\"page\" data-id=\"3363\"><strong>C\u00f3digo de conducta universal<\/strong><\/a><\/li>\n\n\n\n<li><a href=\"https:\/\/www.wikiesfera.org\/politica-de-espacios-seguros\/\" data-type=\"page\" data-id=\"3751\"><strong>Pol\u00edtica de espacios seguros<\/strong><\/a><\/li>\n\n\n\n<li><strong><a href=\"https:\/\/www.wikiesfera.org\/codigo-de-convivencia\/\" data-type=\"page\" data-id=\"7219\">C\u00f3digo de convivencia<\/a><\/strong><\/li>\n<\/ul>\n\n\n\n<hr class=\"wp-block-separator has-alpha-channel-opacity\"\/>\n\n\n\n<p class=\"wp-block-coblocks-highlight wp-elements-bed8cf744ee8932574432aaa986c4a88\"><mark class=\"wp-block-coblocks-highlight__content has-text-color has-background has-link-color\" style=\"background-color:#dddddd;color:#b5179e\">Si quieres conocer todas las actividades que organizamos, ap\u00fantate a nuestro<strong>&nbsp;<a href=\"https:\/\/www.wikiesfera.org\/es\/contacto\/\">bolet\u00edn mensual<\/a>.<\/strong><br><br>Si quieres que organicemos alguna actividad para tu instituci\u00f3n o empresa escr\u00edbenos a <strong><a href=\"mailto:info@wikiesfera.org\">info@wikiesfera.org<\/a>.<\/strong><\/mark><\/p>\n\n\n\n<hr class=\"wp-block-separator has-alpha-channel-opacity\"\/>\n\n\n\n<p><\/p>\n","protected":false},"excerpt":{"rendered":"<p>Wikiesfera es, ante todo, una comunidad feminista de editoras. Para nosotras es tan importante qu\u00e9 hacemos tanto c\u00f3mo lo hacemos. Esta premisa se ha convertido en nuestra f\u00f3rmula, la que nos ha permitido a lo largo de los a\u00f1os disfrutar juntas mientras aprendemos en un espacio seguro. Con el paso del tiempo, aparte del grupo [&hellip;]<\/p>\n","protected":false},"author":1,"featured_media":0,"parent":0,"menu_order":0,"comment_status":"closed","ping_status":"closed","template":"templates\/fullwidth.php","meta":{"_coblocks_attr":"","_coblocks_dimensions":"","_coblocks_responsive_height":"","_coblocks_accordion_ie_support":"","footnotes":""},"class_list":["post-6178","page","type-page","status-publish","hentry","page-entry","loop-entry clr"],"_links":{"self":[{"href":"https:\/\/www.wikiesfera.org\/es\/wp-json\/wp\/v2\/pages\/6178","targetHints":{"allow":["GET"]}}],"collection":[{"href":"https:\/\/www.wikiesfera.org\/es\/wp-json\/wp\/v2\/pages"}],"about":[{"href":"https:\/\/www.wikiesfera.org\/es\/wp-json\/wp\/v2\/types\/page"}],"author":[{"embeddable":true,"href":"https:\/\/www.wikiesfera.org\/es\/wp-json\/wp\/v2\/users\/1"}],"replies":[{"embeddable":true,"href":"https:\/\/www.wikiesfera.org\/es\/wp-json\/wp\/v2\/comments?post=6178"}],"version-history":[{"count":57,"href":"https:\/\/www.wikiesfera.org\/es\/wp-json\/wp\/v2\/pages\/6178\/revisions"}],"predecessor-version":[{"id":10973,"href":"https:\/\/www.wikiesfera.org\/es\/wp-json\/wp\/v2\/pages\/6178\/revisions\/10973"}],"wp:attachment":[{"href":"https:\/\/www.wikiesfera.org\/es\/wp-json\/wp\/v2\/media?parent=6178"}],"curies":[{"name":"wp","href":"https:\/\/api.w.org\/{rel}","templated":true}]}}