{"id":4716,"date":"2023-11-27T10:22:40","date_gmt":"2023-11-27T10:22:40","guid":{"rendered":"http:\/\/www.wikiesfera.org\/?page_id=4716"},"modified":"2025-10-03T12:02:56","modified_gmt":"2025-10-03T12:02:56","slug":"declaracion-de-accesibilidad","status":"publish","type":"page","link":"https:\/\/www.wikiesfera.org\/es\/declaracion-de-accesibilidad\/","title":{"rendered":"Declaraci\u00f3n de accesibilidad"},"content":{"rendered":"\t\t<div data-elementor-type=\"wp-page\" data-elementor-id=\"4716\" class=\"elementor elementor-4716\" data-elementor-post-type=\"page\">\n\t\t\t\t<div class=\"elementor-element elementor-element-5eae6bd4 e-flex e-con-boxed e-con e-parent\" data-id=\"5eae6bd4\" data-element_type=\"container\" data-e-type=\"container\">\n\t\t\t\t\t<div class=\"e-con-inner\">\n\t\t\t\t<div class=\"elementor-element elementor-element-57a34703 elementor-widget elementor-widget-text-editor\" data-id=\"57a34703\" data-element_type=\"widget\" data-e-type=\"widget\" data-widget_type=\"text-editor.default\">\n\t\t\t\t<div class=\"elementor-widget-container\">\n\t\t\t\t\t\t\t\t\t<p><strong><span style=\"font-weight: 400;\">La<\/span><b> Asociaci\u00f3n WikiLabs<\/b><span style=\"font-weight: 400;\">, en adelante <\/span>Wikiesfera,<\/strong> se ha comprometido a hacer accesible su sitio web, de conformidad con la norma <a href=\"https:\/\/www.une.org\/encuentra-tu-norma\/busca-tu-norma\/norma?c=N0068037\">UNE-EN 301549:2022<\/a>.<\/p>\n<p><!-- \/wp:paragraph --><!-- wp:paragraph --><\/p>\n<p>La presente declaraci\u00f3n de accesibilidad se aplica al sitio web <a href=\"https:\/\/www.wikiesfera.org\">https:\/\/www.wikiesfera.org<\/a>:<\/p>\n<p><!-- \/wp:paragraph --><!-- wp:paragraph --><\/p>\n<p><strong>SITUACI\u00d3N DE CUMPLIMIENTO<\/strong><\/p>\n<p><!-- \/wp:paragraph --><!-- wp:paragraph --><\/p>\n<p>Este sitio web es <strong>parcialmente conforme<\/strong> con la norma UNE-EN 301549:2022 debido a las excepciones y a la falta de conformidad de los aspectos que se indican en el siguiente punto.<\/p>\n<p><!-- \/wp:paragraph --><!-- wp:paragraph --><\/p>\n<p><strong>CONTENIDO NO ACCESIBLE<\/strong><\/p>\n<p><!-- \/wp:paragraph --><!-- wp:paragraph --><\/p>\n<p>El contenido que se recoge a continuaci\u00f3n no es accesible por lo siguiente:<\/p>\n<p><!-- \/wp:paragraph --><!-- wp:list --><\/p>\n<ul>\n<li style=\"list-style-type: none;\">\n<ul><!-- wp:list-item --><\/ul>\n<\/li>\n<\/ul>\n<ul>\n<li style=\"list-style-type: none;\">\n<ul>\n<li><strong>Falta de conformidad con la norma UNE-EN 301549:2022<\/strong><\/li>\n<\/ul>\n<\/li>\n<\/ul>\n<p><!-- \/wp:list-item --><\/p>\n<p><!-- \/wp:list --><!-- wp:paragraph --><\/p>\n<p>Podr\u00edan existir errores de c\u00f3digo puntuales de edici\u00f3n en alguna p\u00e1gina web.<\/p>\n<p><!-- \/wp:paragraph --><!-- wp:paragraph --><\/p>\n<p>Podr\u00edan existir algunos componentes de la interfaz de usuario que no se encuentren etiquetados correctamente.<\/p>\n<p><!-- \/wp:paragraph --><!-- wp:paragraph --><\/p>\n<p><strong>CONTENIDO OPCIONAL<\/strong><\/p>\n<p><!-- \/wp:paragraph --><!-- wp:paragraph --><\/p>\n<p>Este portal est\u00e1 dise\u00f1ado para poder cambiar el tama\u00f1o del texto y el color, as\u00ed como el fondo de la p\u00e1gina mediante las opciones de configuraci\u00f3n est\u00e1ndar de los navegadores.<\/p>\n<p><!-- \/wp:paragraph --><!-- wp:paragraph --><\/p>\n<p>Si desea cambiar el tama\u00f1o de letra del texto en los principales navegadores gr\u00e1ficos utilice los siguientes men\u00fas:<\/p>\n<p><!-- \/wp:paragraph --><!-- wp:list --><\/p>\n<ul>\n<li style=\"list-style-type: none;\">\n<ul><!-- wp:list-item --><\/ul>\n<\/li>\n<\/ul>\n<ul>\n<li style=\"list-style-type: none;\">\n<ul>\n<li>Internet Explorer, Mozilla y Firefox: Ver &gt; Tama\u00f1o del texto<\/li>\n<\/ul>\n<\/li>\n<\/ul>\n<p><!-- \/wp:list-item --><!-- wp:list-item --><\/p>\n<ul>\n<li style=\"list-style-type: none;\">\n<ul>\n<li>Opera: Ver &gt; Zoom<\/li>\n<\/ul>\n<\/li>\n<\/ul>\n<p><!-- \/wp:list-item --><!-- wp:list-item --><\/p>\n<ul>\n<li style=\"list-style-type: none;\">\n<ul>\n<li>Safari: Ver &gt; Hacer el texto m\u00e1s grande<\/li>\n<\/ul>\n<\/li>\n<\/ul>\n<p><!-- \/wp:list-item --><!-- wp:list-item --><\/p>\n<ul>\n<li style=\"list-style-type: none;\">\n<ul>\n<li>Chrome: Controla la p\u00e1gina actual &gt; Tama\u00f1o del texto<\/li>\n<\/ul>\n<\/li>\n<\/ul>\n<p><!-- \/wp:list-item --><!-- wp:list-item --><\/p>\n<ul>\n<li style=\"list-style-type: none;\">\n<ul>\n<li>Para modificar el tama\u00f1o de todo en la p\u00e1gina:<!-- wp:list -->\n<ul>\n<li style=\"list-style-type: none;\">\n<ul><!-- wp:list-item --><\/ul>\n<\/li>\n<\/ul>\n<ul>\n<li style=\"list-style-type: none;\">\n<ul>\n<li>Ctrl + + para aumentarlo<\/li>\n<\/ul>\n<\/li>\n<\/ul>\n<p><!-- \/wp:list-item --><!-- wp:list-item --><\/p>\n<ul>\n<li style=\"list-style-type: none;\">\n<ul>\n<li>Ctrl + \u2013 para disminuirlo<\/li>\n<\/ul>\n<\/li>\n<\/ul>\n<p><!-- \/wp:list-item --><!-- wp:list-item --><\/p>\n<ul>\n<li style=\"list-style-type: none;\">\n<ul>\n<li>Ctrl + 0 restaura el tama\u00f1o original del texto<\/li>\n<\/ul>\n<\/li>\n<\/ul>\n<p><!-- \/wp:list-item --><!-- wp:list-item --><\/p>\n<ul>\n<li style=\"list-style-type: none;\">\n<ul>\n<li>Si lo que quiere es anular la hoja de estilos o modificar el color del texto, puede consultar la p\u00e1gina How to Change Text Size or Colors de la WAI, que se puede leer traducida al espa\u00f1ol en \u00bfC\u00f3mo cambiar el tama\u00f1o del texto o colores?<\/li>\n<\/ul>\n<\/li>\n<\/ul>\n<p><!-- \/wp:list-item --><\/p>\n<p><!-- \/wp:list --><\/p>\n<\/li>\n<\/ul>\n<\/li>\n<\/ul>\n<p><!-- \/wp:list-item --><\/p>\n<p><!-- \/wp:list --><!-- wp:paragraph --><\/p>\n<p>Desde <strong>Wikiesfera<\/strong> ponemos todos los recursos disponibles para que nuestra p\u00e1gina web sea accesible, con el fin de posibilitar el acceso a la informaci\u00f3n y a los distintos tipos de contenido, ya que la accesibilidad a la misma reduce las barreras f\u00edsicas o t\u00e9cnicas.&nbsp;<\/p>\n<p><!-- \/wp:paragraph --><!-- wp:paragraph --><\/p>\n<p>Uno de nuestros objetivos, es que todos los usuarios de la p\u00e1gina <strong><a href=\"https:\/\/www.wikiesfera.org\">www.wikiesfera.org<\/a><\/strong> puedan navegar y acceder a la misma, sin dificultades en el acceso y usabilidad, y ello con independencia de las distintas capacidades de todos los usuarios.&nbsp;<\/p>\n<p><!-- \/wp:paragraph --><!-- wp:paragraph --><\/p>\n<p>De esta forma, <strong><a href=\"https:\/\/www.wikiesfera.org\">www.wikiesfera.org<\/a><\/strong>&nbsp;se compromete a proporcionar un sitio web que sea accesible para el mayor n\u00famero de usuarios, independientemente de las circunstancias y la capacidad.&nbsp;<\/p>\n<p><!-- \/wp:paragraph --><!-- wp:paragraph --><\/p>\n<p>Por este motivo, nos adherimos a las Pautas de accesibilidad para el contenido web (WCAG 2.0 nivel AA) publicadas por el World Wide Web Consortium (W3C), y hemos aplicado todas las recomendaciones posibles para recibir una calificaci\u00f3n de parcialmente conformes.<\/p>\n<p><!-- \/wp:paragraph --><!-- wp:paragraph --><\/p>\n<p>Estas pautas explican c\u00f3mo hacer que el contenido web sea m\u00e1s accesible para las personas con discapacidad. El cumplimiento de estas pautas ayudar\u00e1 a que la web sea m\u00e1s f\u00e1cil de usar para todas y todos.&nbsp;<\/p>\n<p><!-- \/wp:paragraph --><!-- wp:paragraph --><\/p>\n<p>Si tienes alg\u00fan comentario o sugerencia relacionada con la mejora de la accesibilidad de nuestro sitio web, no dudes en contactar con nosotras a trav\u00e9s de <strong><a href=\"mailto:info@wikiesfera.org\">info@wikiesfera.org<\/a><\/strong>&nbsp;para ayudarnos a mejorar.&nbsp;<\/p><p><em style=\"font-family: Montserrat; font-size: 16px; font-variant-caps: normal; text-align: var(--text-align);\"><br><\/em><\/p><p><em style=\"font-family: Montserrat; font-size: 16px; font-variant-caps: normal; text-align: var(--text-align);\">\u00daltima revisi\u00f3n: 01 de octubre de 2025<\/em><br><\/p>\n<p><!-- \/wp:paragraph --><\/p>\t\t\t\t\t\t\t\t<\/div>\n\t\t\t\t<\/div>\n\t\t\t\t\t<\/div>\n\t\t\t\t<\/div>\n\t\t\t\t<\/div>\n\t\t","protected":false},"excerpt":{"rendered":"<p>La Asociaci\u00f3n WikiLabs, en adelante Wikiesfera, se ha comprometido a hacer accesible su sitio web, de conformidad con la norma UNE-EN 301549:2022. La presente declaraci\u00f3n de accesibilidad se aplica al sitio web https:\/\/www.wikiesfera.org: SITUACI\u00d3N DE CUMPLIMIENTO Este sitio web es parcialmente conforme con la norma UNE-EN 301549:2022 debido a las excepciones y a la falta [&hellip;]<\/p>\n","protected":false},"author":1,"featured_media":0,"parent":0,"menu_order":0,"comment_status":"closed","ping_status":"closed","template":"templates\/fullwidth.php","meta":{"_coblocks_attr":"","_coblocks_dimensions":"","_coblocks_responsive_height":"","_coblocks_accordion_ie_support":"","footnotes":""},"class_list":["post-4716","page","type-page","status-publish","hentry","page-entry","loop-entry clr"],"_links":{"self":[{"href":"https:\/\/www.wikiesfera.org\/es\/wp-json\/wp\/v2\/pages\/4716","targetHints":{"allow":["GET"]}}],"collection":[{"href":"https:\/\/www.wikiesfera.org\/es\/wp-json\/wp\/v2\/pages"}],"about":[{"href":"https:\/\/www.wikiesfera.org\/es\/wp-json\/wp\/v2\/types\/page"}],"author":[{"embeddable":true,"href":"https:\/\/www.wikiesfera.org\/es\/wp-json\/wp\/v2\/users\/1"}],"replies":[{"embeddable":true,"href":"https:\/\/www.wikiesfera.org\/es\/wp-json\/wp\/v2\/comments?post=4716"}],"version-history":[{"count":22,"href":"https:\/\/www.wikiesfera.org\/es\/wp-json\/wp\/v2\/pages\/4716\/revisions"}],"predecessor-version":[{"id":9804,"href":"https:\/\/www.wikiesfera.org\/es\/wp-json\/wp\/v2\/pages\/4716\/revisions\/9804"}],"wp:attachment":[{"href":"https:\/\/www.wikiesfera.org\/es\/wp-json\/wp\/v2\/media?parent=4716"}],"curies":[{"name":"wp","href":"https:\/\/api.w.org\/{rel}","templated":true}]}}