{"id":3751,"date":"2023-01-26T11:45:16","date_gmt":"2023-01-26T11:45:16","guid":{"rendered":"\/?page_id=3751"},"modified":"2025-02-10T13:25:39","modified_gmt":"2025-02-10T13:25:39","slug":"politica-de-espacios-seguros","status":"publish","type":"page","link":"https:\/\/www.wikiesfera.org\/es\/politica-de-espacios-seguros\/","title":{"rendered":"Pol\u00edtica de espacios seguros"},"content":{"rendered":"\n<p><strong>Wikiesfera se compromete a proporcionar una experiencia libre de acosos para todo el mundo, independientemente de su sexo, edad, raza, orientaci\u00f3n sexual, apariencia f\u00edsica o cualquier otra circunstancia f\u00edsica o social.<\/strong> No toleramos el acoso de ning\u00fan tipo a quienes participen en nuestras conferencias y actividades presenciales. Acosar es una conducta completamente inapropiada en todos los eventos de Wikiesfera. Quienes participen en nuestros eventos e infrinjan estas normas ser\u00e1n advertidos y podr\u00e1n ser expulsados por las organizadoras.<\/p>\n\n\n\n<p>Quienes participen en nuestros eventos deben seguir estas normas en todas las sedes y espacios de los mismos y en todas las actividades sociales relacionadas.&nbsp;<\/p>\n\n\n\n<h1 id=\"1-conductas-prohibidas\" class=\"wp-block-heading\"><strong>1. Conductas prohibidas<\/strong><\/h1>\n\n\n\n<p>Las conductas prohibidas incluyen, pero no se limitan a:&nbsp;<\/p>\n\n\n\n<ul class=\"wp-block-list\">\n<li><strong>(a) Expresiones discriminatorias.<\/strong> Comentarios despectivos, degradantes u ofensivos sobre una persona o grupo basados en la raza, nacionalidad, sexo, orientaci\u00f3n sexual, edad, discapacidad, u otras caracter\u00edsticas f\u00edsicas o circunstancias sociales.&nbsp;<\/li>\n\n\n\n<li><strong>(b) Conductas amenazantes.<\/strong> Intimidaci\u00f3n, amenazas, o acoso; perseguir a alguien, hacer fotos, v\u00eddeos o grabar su voz sin consentimiento; contacto f\u00edsico no deseado o violento; cualquier otra conducta f\u00edsica o verbal de naturaleza amenazante, intimidatoria o coercitiva.&nbsp;<\/li>\n\n\n\n<li><strong>(c) Conductas de tipo sexual.<\/strong> Muestras de atenci\u00f3n o insinuaciones sexuales no deseadas; comentarios o gestos provocativos; petici\u00f3n de favores sexuales; otras conductas f\u00edsicas o verbales de \u00edndole sexual.&nbsp;<\/li>\n\n\n\n<li><strong>(d) Contenido gr\u00e1fico.<\/strong> La exhibici\u00f3n de contenido e im\u00e1genes sexuales, o contenido igualmente gr\u00e1fico o expl\u00edcito, sin aviso previo.<\/li>\n\n\n\n<li><strong>(e) Disrupci\u00f3n.<\/strong> Interrupci\u00f3n intencionada de charlas, programas, presentaciones o eventos.<\/li>\n\n\n\n<li><strong>(f) Otras conductas.<\/strong> Cualquier otra conducta que Wikiesfera determine que podr\u00eda interferir con sus eventos o con la seguridad y comodidad de sus participantes.&nbsp;Adicionalmente, en los eventos financiados por la Wikimedia Foundation se cumplir\u00e1 y har\u00e1 cumplir con su <a href=\"https:\/\/meta.wikimedia.org\/wiki\/Event_Ban_policy\/es\" target=\"_blank\" rel=\"noreferrer noopener\">Pol\u00edtica de Prohibici\u00f3n de Eventos<\/a>.<\/li>\n<\/ul>\n\n\n\n<h1 id=\"2-presentaciones\" class=\"wp-block-heading\"><strong>2. Presentaciones<\/strong><\/h1>\n\n\n\n<p>Quienes realicen presentaciones, incluyendo a quienes sean responsables de puestos o stands, no utilizar\u00e1n im\u00e1genes sexualizadas ni promocionar\u00e1n actividades sexuales. Quienes presenten, incluyendo staff asociado y las personas voluntarias, no utilizar\u00e1n ropa, uniformes o disfraces sexualizados, ni crear\u00e1n de ninguna otra forma un ambiente sexualizado. Estas personas deber\u00e1n indicar a Wikiesfera que aceptan cumplir con la Pol\u00edtica de espacios seguros antes del evento.<\/p>\n\n\n\n<h1 id=\"3-medidas-disciplinarias\" class=\"wp-block-heading\"><strong>3. Medidas disciplinarias<\/strong><\/h1>\n\n\n\n<p>Las organizadoras del evento ser\u00e1n las responsables de asegurarse del cumplimiento de esta Pol\u00edtica. Si entienden que la conducta de una persona es preocupante, o reciben quejas al respecto, tomar\u00e1n las medidas pertinentes, desde una advertencia para que cambie la conducta inmediatamente, hasta la expulsi\u00f3n y prohibici\u00f3n de asistir y\/o participar en futuros eventos. De ser necesario, se involucrar\u00e1 al equipo del espacio donde se realice el evento y\/o a las autoridades.<\/p>\n\n\n\n<p class=\"has-text-align-left\"><\/p>\n\n\n\n<p class=\"has-text-align-right\"><em><strong>Aprobado el 26 de enero de 2023<\/strong><\/em><\/p>\n\n\n\n<p class=\"wp-block-coblocks-highlight wp-elements-7f043455c9c7b982e85f07aa994b8e8b\" style=\"text-align:right\"><mark class=\"wp-block-coblocks-highlight__content has-text-color has-background has-link-color\" style=\"background-color:#dddddd;color:#b5179e\"><em>Nota: En este texto reivindicamos el uso del femenino gen\u00e9rico.<\/em><\/mark><\/p>\n\n\n\n<hr class=\"wp-block-separator has-alpha-channel-opacity\"\/>\n\n\n\n<h1 id=\"enlaces-relacionados\" class=\"wp-block-heading\"><strong>Enlaces relacionados<\/strong><\/h1>\n\n\n\n<ul class=\"wp-block-list\">\n<li><a href=\"https:\/\/wikiesfera.org\/codigo-de-conducta-universal\/\" target=\"_blank\" rel=\"noreferrer noopener\">C\u00f3digo de conducta universal<\/a><\/li>\n\n\n\n<li><a href=\"https:\/\/www.wikiesfera.org\/codigo-de-convivencia\/\">C\u00f3digo de convivencia<\/a><\/li>\n<\/ul>\n\n\n\n<p><\/p>\n","protected":false},"excerpt":{"rendered":"<p>Wikiesfera se compromete a proporcionar una experiencia libre de acosos para todo el mundo, independientemente de su sexo, edad, raza, orientaci\u00f3n sexual, apariencia f\u00edsica o cualquier otra circunstancia f\u00edsica o social. No toleramos el acoso de ning\u00fan tipo a quienes participen en nuestras conferencias y actividades presenciales. Acosar es una conducta completamente inapropiada en todos [&hellip;]<\/p>\n","protected":false},"author":1,"featured_media":0,"parent":0,"menu_order":0,"comment_status":"closed","ping_status":"closed","template":"templates\/fullwidth.php","meta":{"_coblocks_attr":"","_coblocks_dimensions":"","_coblocks_responsive_height":"","_coblocks_accordion_ie_support":"","footnotes":""},"class_list":["post-3751","page","type-page","status-publish","hentry","page-entry","loop-entry clr"],"_links":{"self":[{"href":"https:\/\/www.wikiesfera.org\/es\/wp-json\/wp\/v2\/pages\/3751","targetHints":{"allow":["GET"]}}],"collection":[{"href":"https:\/\/www.wikiesfera.org\/es\/wp-json\/wp\/v2\/pages"}],"about":[{"href":"https:\/\/www.wikiesfera.org\/es\/wp-json\/wp\/v2\/types\/page"}],"author":[{"embeddable":true,"href":"https:\/\/www.wikiesfera.org\/es\/wp-json\/wp\/v2\/users\/1"}],"replies":[{"embeddable":true,"href":"https:\/\/www.wikiesfera.org\/es\/wp-json\/wp\/v2\/comments?post=3751"}],"version-history":[{"count":20,"href":"https:\/\/www.wikiesfera.org\/es\/wp-json\/wp\/v2\/pages\/3751\/revisions"}],"predecessor-version":[{"id":7698,"href":"https:\/\/www.wikiesfera.org\/es\/wp-json\/wp\/v2\/pages\/3751\/revisions\/7698"}],"wp:attachment":[{"href":"https:\/\/www.wikiesfera.org\/es\/wp-json\/wp\/v2\/media?parent=3751"}],"curies":[{"name":"wp","href":"https:\/\/api.w.org\/{rel}","templated":true}]}}