{"id":3544,"date":"2022-10-13T11:57:32","date_gmt":"2022-10-13T11:57:32","guid":{"rendered":"\/?page_id=3544"},"modified":"2025-06-07T18:19:40","modified_gmt":"2025-06-07T18:19:40","slug":"circo","status":"publish","type":"page","link":"https:\/\/www.wikiesfera.org\/es\/circo\/","title":{"rendered":"Circo"},"content":{"rendered":"\n<p>En noviembre de 2019, el&nbsp;<strong><a href=\"https:\/\/es.wikipedia.org\/wiki\/Circo_Price\">Teatro Circo Price<\/a>&nbsp;de Madrid (<a href=\"https:\/\/www.instagram.com\/circoprice\">@CircoPrice<\/a>)<\/strong>&nbsp;puso en marcha una&nbsp;l\u00ednea de trabajo sobre memoria&nbsp;cuyo objetivo es&nbsp;<em>\u00abPoner en valor y di\u00e1logo el patrimonio inmaterial que supone la historia del circo en Espa\u00f1a y en Madrid, as\u00ed como la historia del Circo Price hasta hoy\u00bb<\/em>. Unido a esa idea, contact\u00f3 con Wikiesfera para&nbsp;<strong>coordinar una serie de editatones con contenido vinculado al Mundo del Circo<\/strong>. A partir de aquel momento, se han desarrollado una serie de actividades que han ayudado a visibilizar las biograf\u00edas de artistas relevantes del mundo del circo, as\u00ed como de festivales y organizaciones.<\/p>\n\n\n\n<p>En el segundo marat\u00f3n de edici\u00f3n realizado de manera virtual en 2021 para conmemorar el <strong>D\u00eda Mundial del Circo<\/strong>,&nbsp;<strong><a href=\"https:\/\/es.wikipedia.org\/wiki\/Mar\u00eda_Folguera\">Mar\u00eda Folguera<\/a><\/strong>, escritora, dramaturga y directora art\u00edstica del Teatro Circo Price, inici\u00f3 la sesi\u00f3n con una charla sobre la situaci\u00f3n actual del circo no solo como parte de las artes esc\u00e9nicas, sino tambi\u00e9n desde el punto de vista de la investigaci\u00f3n y divulgaci\u00f3n en nuestro idioma.<\/p>\n\n\n\n<p><\/p>\n\n\n\n<figure class=\"wp-block-embed is-type-video is-provider-youtube wp-block-embed-youtube wp-embed-aspect-16-9 wp-has-aspect-ratio\"><div class=\"wp-block-embed__wrapper\">\n<iframe title=\"Ponencia de Mar\u00eda Folguera sobre el mundo del Circo\" width=\"980\" height=\"551\" src=\"https:\/\/www.youtube.com\/embed\/RsQEYquNHyg?list=PLXFzchSVDrTgYqFlT5zLhe9SfE6EeMitv\" frameborder=\"0\" allow=\"accelerometer; autoplay; clipboard-write; encrypted-media; gyroscope; picture-in-picture; web-share\" referrerpolicy=\"strict-origin-when-cross-origin\" allowfullscreen><\/iframe>\n<\/div><\/figure>\n\n\n\n<hr class=\"wp-block-separator has-alpha-channel-opacity\"\/>\n\n\n<h1 class=\"wp-block-heading\" id=\"gt-wikiproyecto-circo\"><strong>&gt; Wikiproyecto Circo<\/strong><\/h1>\n\n\n<p>Al mismo tiempo, <strong>Liliana Alvi\u00e1rez<\/strong>&nbsp;<strong>(<a href=\"https:\/\/www.instagram.com\/misscirquera\/\" data-type=\"link\" data-id=\"https:\/\/www.instagram.com\/misscirquera\/\">@MissCirquera<\/a>)<\/strong> se incorpor\u00f3 al equipo de Wikiesfera, tras haber asistido a la primera actividad realizada sobre esta tem\u00e1tica y desarroll\u00f3 el <strong><a href=\"https:\/\/es.wikipedia.org\/wiki\/Wikiproyecto:Circo\" target=\"_blank\" rel=\"noreferrer noopener\">Wikiproyecto Circo<\/a><\/strong> como un espacio de trabajo para reducir la brecha de conocimiento sobre el mundo del circo en la Wikipedia en espa\u00f1ol. Tambi\u00e9n ha coordinado los editatones que se han desarrollado junto al&nbsp;Teatro Circo Price, as\u00ed como otras actividades relacionadas con el arte circense.<\/p>\n\n\n\n<p>Adem\u00e1s, el Wikiproyecto Circo fue seleccionado junto a una treintena de proyectos de la comunidad internacional de wikimedistas para participar en la&nbsp;<a href=\"https:\/\/commons.wikimedia.org\/wiki\/Category:Wikimania_2024_Posters#\/media\/File:Wikiproyecto_Circo_in_Wikipedia_in_Spanish_poster_for_Wikimania_2024.png\"><strong>sesi\u00f3n de p\u00f3sters<\/strong><\/a>&nbsp;<strong>de&nbsp;<a href=\"https:\/\/www.wikiesfera.org\/2024\/08\/29\/wikimania-2024-en-katowice\/\" data-type=\"post\" data-id=\"5783\">Wikimania 2024<\/a><\/strong>, celebrado en&nbsp;Katowice, Polonia.<\/p>\n\n\n\n<div class=\"wp-block-columns is-layout-flex wp-container-core-columns-is-layout-9d6595d7 wp-block-columns-is-layout-flex\">\n<div class=\"wp-block-column is-layout-flow wp-block-column-is-layout-flow\" style=\"flex-basis:60%\">\n<p>En 2025, el <strong>Wikiproyecto Circo mantiene en curadur\u00eda a <a href=\"https:\/\/es.wikipedia.org\/wiki\/Wikiproyecto:Circo\/ListaDeSeguimiento\">m\u00e1s de 600 art\u00edculos<\/a><\/strong> que est\u00e1n publicados en la Wikipedia en espa\u00f1ol sobre circo o temas relacionados. Adem\u00e1s, ha identificado un<strong> listado con <a href=\"https:\/\/es.wikipedia.org\/wiki\/Wikiproyecto:Circo\/Tareas\/Traducci\u00f3n\">m\u00e1s de 460 art\u00edculos para traducir<\/a><\/strong> de otras wikis, de los cu\u00e1les el <strong>31% ya ha sido traducido<\/strong>; un <strong>listado con <a href=\"https:\/\/es.wikipedia.org\/wiki\/Wikiproyecto:Circo\/Tareas\/Creaci\u00f3n\">m\u00e1s de 260 art\u00edculos que no existen<\/a><\/strong>, de los cu\u00e1les <strong>ya se han creado el 12%<\/strong>; y un listado con <strong><a href=\"https:\/\/es.wikipedia.org\/wiki\/Wikiproyecto:Circo\/Tareas\/Mejora\">m\u00e1s de 50 art\u00edculos para mejorar<\/a><\/strong> de los cu\u00e1les el <strong>12% ya ha sido mejorado<\/strong> por la comunidad de editoras colaboradoras.<\/p>\n<\/div>\n\n\n\n<div class=\"wp-block-column is-layout-flow wp-block-column-is-layout-flow\" style=\"flex-basis:40%\">\n<figure class=\"wp-block-image size-large\"><img fetchpriority=\"high\" decoding=\"async\" width=\"1024\" height=\"360\" src=\"https:\/\/www.wikiesfera.org\/wp-content\/uploads\/2024\/04\/miss-cirquera-01-1024x360.jpg\" alt=\"\" class=\"wp-image-5348\" srcset=\"https:\/\/www.wikiesfera.org\/wp-content\/uploads\/2024\/04\/miss-cirquera-01-1024x360.jpg 1024w, https:\/\/www.wikiesfera.org\/wp-content\/uploads\/2024\/04\/miss-cirquera-01-300x105.jpg 300w, https:\/\/www.wikiesfera.org\/wp-content\/uploads\/2024\/04\/miss-cirquera-01-768x270.jpg 768w, https:\/\/www.wikiesfera.org\/wp-content\/uploads\/2024\/04\/miss-cirquera-01-1536x540.jpg 1536w, https:\/\/www.wikiesfera.org\/wp-content\/uploads\/2024\/04\/miss-cirquera-01-2048x720.jpg 2048w, https:\/\/www.wikiesfera.org\/wp-content\/uploads\/2024\/04\/miss-cirquera-01-150x53.jpg 150w, https:\/\/www.wikiesfera.org\/wp-content\/uploads\/2024\/04\/miss-cirquera-01-400x141.jpg 400w\" sizes=\"(max-width: 1024px) 100vw, 1024px\" \/><\/figure>\n<\/div>\n<\/div>\n\n\n\n<hr class=\"wp-block-separator has-alpha-channel-opacity\"\/>\n\n\n<h1 class=\"wp-block-heading\" id=\"gt-ediciones\"><strong>&gt; Ediciones<\/strong><\/h1>\n\n\n<p>Entre noviembre de 2019 y octubre de 2022, de la mano del <strong>Teatro Circo Price<\/strong>, se han desarrollado&nbsp;<strong>5 editatones de creaci\u00f3n<\/strong> (3 presenciales y 2 virtuales), en los que participaron en total <strong>27 editores<\/strong>&nbsp;y se crearon&nbsp;<strong>31 art\u00edculos nuevos<\/strong>:<\/p>\n\n\n\n<ul class=\"wp-block-list\">\n<li>3 de noviembre de 2019 |<strong> <a href=\"https:\/\/wikiesfera.org\/portfolio-item\/editaton-sobre-el-mundo-del-circo\/\" target=\"_blank\" rel=\"noreferrer noopener\">Editat\u00f3n sobre el Mundo del Circo #3N 2019<\/a><\/strong><\/li>\n\n\n\n<li>17 de abril de 2021 | <a href=\"https:\/\/wikiesfera.org\/portfolio-item\/ii-editaton-sobre-el-mundo-del-circo\/\" target=\"_blank\" rel=\"noreferrer noopener\"><strong>II Editat\u00f3n sobre el Mundo del Circo #17A 2021<\/strong><\/a><\/li>\n\n\n\n<li>19 de febrero de 2022 | <a href=\"https:\/\/www.wikiesfera.org\/portfolio-item\/editaton-virtual-de-magia-19f-2022\/\" data-type=\"portfolio\" data-id=\"2786\"><strong>Editat\u00f3n virtual de Magia #19F 2022<\/strong><\/a><\/li>\n\n\n\n<li>20 de mayo de 2022 | <a href=\"https:\/\/wikiesfera.org\/portfolio-item\/iii-editaton-del-mundo-del-circo-9a-2022\/\" target=\"_blank\" rel=\"noreferrer noopener\"><strong>III Editat\u00f3n sobre el Mundo del Circo #9A 2022<\/strong><\/a><\/li>\n\n\n\n<li>16 de octubre de 2022 |<strong> <a href=\"https:\/\/wikiesfera.org\/portfolio-item\/iv-editaton-del-mundo-del-circo-16o-2022\/\" target=\"_blank\" rel=\"noreferrer noopener\">IV Editat\u00f3n sobre el Mundo del Circo #16O 2022<\/a><\/strong><\/li>\n<\/ul>\n\n\n\n<p>Desde abril de 2024, <strong>Liliana Alvi\u00e1rez<\/strong>&nbsp;<strong>(<a href=\"https:\/\/www.instagram.com\/misscirquera\/\" data-type=\"link\" data-id=\"https:\/\/www.instagram.com\/misscirquera\/\">@MissCirquera<\/a>)<\/strong> tambi\u00e9n ha estado coordinando<strong> campa\u00f1as<\/strong> <strong>virtuales y as\u00edncronas<\/strong> para celebrar el D\u00eda Mundial del Circo, en las que han participado <strong>33 editoras<\/strong> y se han traducido al espa\u00f1ol <strong>m\u00e1s de 100 art\u00edculos nuevos<\/strong>:<\/p>\n\n\n\n<ul class=\"wp-block-list\">\n<li>Abril de 2024 |<strong> <a href=\"https:\/\/www.wikiesfera.org\/portfolio-item\/campana-de-mujeres-del-circo-20a-2024\/\">I Campa\u00f1a de mujeres del circo 2024<\/a><\/strong><\/li>\n\n\n\n<li>Abril de 2025 |<strong> <a href=\"https:\/\/www.wikiesfera.org\/es\/portfolio-item\/campana-de-mujeres-del-circo-2025\/\">II Campa\u00f1a de mujeres del circo 2025<\/a><\/strong><\/li>\n<\/ul>\n\n\n\n<p><\/p>\n\n\n\n<hr class=\"wp-block-separator has-alpha-channel-opacity\"\/>\n\n\n<h1 class=\"wp-block-heading\" id=\"gt-resultados\"><strong>&gt; Resultados<\/strong><\/h1>\n\n\n<div class=\"wp-block-columns is-layout-flex wp-container-core-columns-is-layout-9d6595d7 wp-block-columns-is-layout-flex\">\n<div class=\"wp-block-column is-layout-flow wp-block-column-is-layout-flow\">\n<p class=\"has-text-align-center has-white-color has-text-color has-background has-link-color wp-elements-afd40b1d058246a38aaa1ad3e4cd199a\" style=\"background-color:#b5179e\"><strong>PUBLICACI\u00d3N<\/strong><\/p>\n\n\n\n<p class=\"has-text-align-center has-white-background-color has-background\"><strong>136 art\u00edculos<\/strong><\/p>\n\n\n\n<p class=\"has-text-align-center has-white-background-color has-background\">[31 en editatones + 105 en campa\u00f1as]<\/p>\n<\/div>\n\n\n\n<div class=\"wp-block-column is-layout-flow wp-block-column-is-layout-flow\">\n<p class=\"has-text-align-center has-white-color has-text-color has-background has-link-color wp-elements-851eafd896fda824958f1c15f0363e61\" style=\"background-color:#b5179e\"><strong>PARTICIPACI\u00d3N<\/strong><\/p>\n\n\n\n<p class=\"has-text-align-center has-white-background-color has-background\"><strong>76 editores<\/strong><\/p>\n\n\n\n<p class=\"has-text-align-center has-white-background-color has-background\">[42 en editatones + 34 en camapa\u00f1as]<\/p>\n<\/div>\n\n\n\n<div class=\"wp-block-column is-layout-flow wp-block-column-is-layout-flow\">\n<p class=\"has-text-align-center has-white-color has-text-color has-background has-link-color wp-elements-efa42e790562864516fafcc575e7e13c\" style=\"background-color:#b5179e\"><strong>EDICIONES<\/strong><\/p>\n\n\n\n<p class=\"has-text-align-center has-white-background-color has-background\"><strong>1.232.800 bytes<\/strong><\/p>\n\n\n\n<p class=\"has-text-align-center has-white-background-color has-background\">[104 p\u00e1ginas mejoradas]<\/p>\n<\/div>\n\n\n\n<div class=\"wp-block-column is-layout-flow wp-block-column-is-layout-flow\">\n<p class=\"has-text-align-center has-white-color has-text-color has-background has-link-color wp-elements-109f8cbac0dfb06833c7531df0ae35df\" style=\"background-color:#b5179e\"><strong>IMPACTO<\/strong><\/p>\n\n\n\n<p class=\"has-text-align-center has-white-background-color has-background\"><strong>95.600 visitas<\/strong><\/p>\n\n\n\n<p class=\"has-text-align-center has-white-background-color has-background\">[3.651 visitas al d\u00eda]<\/p>\n<\/div>\n<\/div>\n\n\n\n<hr class=\"wp-block-separator has-alpha-channel-opacity\"\/>\n\n\n<h1 class=\"wp-block-heading\" id=\"gt-galeria\"><strong>&gt; Galer\u00eda<\/strong><\/h1>\n\n\n<div class=\"wp-block-columns is-layout-flex wp-container-core-columns-is-layout-9d6595d7 wp-block-columns-is-layout-flex\">\n<div class=\"wp-block-column is-layout-flow wp-block-column-is-layout-flow\">\n<figure class=\"wp-block-image size-large\"><img decoding=\"async\" width=\"1024\" height=\"360\" src=\"\/wp-content\/uploads\/2021\/04\/circo_02-1024x360.jpg\" alt=\"\" class=\"wp-image-1965\" srcset=\"https:\/\/www.wikiesfera.org\/wp-content\/uploads\/2021\/04\/circo_02-1024x360.jpg 1024w, https:\/\/www.wikiesfera.org\/wp-content\/uploads\/2021\/04\/circo_02-300x105.jpg 300w, https:\/\/www.wikiesfera.org\/wp-content\/uploads\/2021\/04\/circo_02-768x270.jpg 768w, https:\/\/www.wikiesfera.org\/wp-content\/uploads\/2021\/04\/circo_02-150x53.jpg 150w, https:\/\/www.wikiesfera.org\/wp-content\/uploads\/2021\/04\/circo_02-400x141.jpg 400w, https:\/\/www.wikiesfera.org\/wp-content\/uploads\/2021\/04\/circo_02.jpg 1280w\" sizes=\"(max-width: 1024px) 100vw, 1024px\" \/><\/figure>\n<\/div>\n\n\n\n<div class=\"wp-block-column is-layout-flow wp-block-column-is-layout-flow\">\n<figure class=\"wp-block-image size-large\"><img decoding=\"async\" width=\"1024\" height=\"360\" src=\"\/wp-content\/uploads\/2022\/04\/Captura-de-pantalla-2022-04-09-a-las-10.07.03-2-1024x360.jpg\" alt=\"III Editat\u00f3n de circo_abril2022\" class=\"wp-image-2898\" srcset=\"https:\/\/www.wikiesfera.org\/wp-content\/uploads\/2022\/04\/Captura-de-pantalla-2022-04-09-a-las-10.07.03-2-1024x360.jpg 1024w, https:\/\/www.wikiesfera.org\/wp-content\/uploads\/2022\/04\/Captura-de-pantalla-2022-04-09-a-las-10.07.03-2-300x105.jpg 300w, https:\/\/www.wikiesfera.org\/wp-content\/uploads\/2022\/04\/Captura-de-pantalla-2022-04-09-a-las-10.07.03-2-768x270.jpg 768w, https:\/\/www.wikiesfera.org\/wp-content\/uploads\/2022\/04\/Captura-de-pantalla-2022-04-09-a-las-10.07.03-2-150x53.jpg 150w, https:\/\/www.wikiesfera.org\/wp-content\/uploads\/2022\/04\/Captura-de-pantalla-2022-04-09-a-las-10.07.03-2-400x141.jpg 400w, https:\/\/www.wikiesfera.org\/wp-content\/uploads\/2022\/04\/Captura-de-pantalla-2022-04-09-a-las-10.07.03-2.jpg 1152w\" sizes=\"(max-width: 1024px) 100vw, 1024px\" \/><\/figure>\n<\/div>\n<\/div>\n\n\n\n<p><\/p>\n\n\n\n<div class=\"wp-block-columns is-layout-flex wp-container-core-columns-is-layout-9d6595d7 wp-block-columns-is-layout-flex\">\n<div class=\"wp-block-column is-layout-flow wp-block-column-is-layout-flow\">\n<figure class=\"wp-block-image size-large\"><img loading=\"lazy\" decoding=\"async\" width=\"1024\" height=\"360\" src=\"\/wp-content\/uploads\/2019\/12\/editaton-price_02-1024x360.jpg\" alt=\"\" class=\"wp-image-1363\" srcset=\"https:\/\/www.wikiesfera.org\/wp-content\/uploads\/2019\/12\/editaton-price_02-1024x360.jpg 1024w, https:\/\/www.wikiesfera.org\/wp-content\/uploads\/2019\/12\/editaton-price_02-300x105.jpg 300w, https:\/\/www.wikiesfera.org\/wp-content\/uploads\/2019\/12\/editaton-price_02-768x270.jpg 768w, https:\/\/www.wikiesfera.org\/wp-content\/uploads\/2019\/12\/editaton-price_02-150x53.jpg 150w, https:\/\/www.wikiesfera.org\/wp-content\/uploads\/2019\/12\/editaton-price_02-400x141.jpg 400w, https:\/\/www.wikiesfera.org\/wp-content\/uploads\/2019\/12\/editaton-price_02.jpg 1280w\" sizes=\"(max-width: 1024px) 100vw, 1024px\" \/><\/figure>\n<\/div>\n\n\n\n<div class=\"wp-block-column is-layout-flow wp-block-column-is-layout-flow\">\n<figure class=\"wp-block-image size-large\"><img loading=\"lazy\" decoding=\"async\" width=\"1024\" height=\"360\" src=\"http:\/\/www.wikiesfera.org\/wp-content\/uploads\/2022\/10\/iv-editaton-circo_01-1024x360.jpg\" alt=\"\" class=\"wp-image-3590\" srcset=\"https:\/\/www.wikiesfera.org\/wp-content\/uploads\/2022\/10\/iv-editaton-circo_01-1024x360.jpg 1024w, https:\/\/www.wikiesfera.org\/wp-content\/uploads\/2022\/10\/iv-editaton-circo_01-300x105.jpg 300w, https:\/\/www.wikiesfera.org\/wp-content\/uploads\/2022\/10\/iv-editaton-circo_01-768x270.jpg 768w, https:\/\/www.wikiesfera.org\/wp-content\/uploads\/2022\/10\/iv-editaton-circo_01-150x53.jpg 150w, https:\/\/www.wikiesfera.org\/wp-content\/uploads\/2022\/10\/iv-editaton-circo_01-400x141.jpg 400w, https:\/\/www.wikiesfera.org\/wp-content\/uploads\/2022\/10\/iv-editaton-circo_01.jpg 1280w\" sizes=\"(max-width: 1024px) 100vw, 1024px\" \/><\/figure>\n<\/div>\n<\/div>\n\n\n\n<p><\/p>\n\n\n\n<hr class=\"wp-block-separator has-alpha-channel-opacity\"\/>\n\n\n<h1 class=\"wp-block-heading\" id=\"gt-colaboran\"><strong>&gt; Colaboran<\/strong><\/h1>\n\n\n<div class=\"wp-block-columns are-vertically-aligned-center is-layout-flex wp-container-core-columns-is-layout-9d6595d7 wp-block-columns-is-layout-flex\">\n<div class=\"wp-block-column is-vertically-aligned-center has-small-font-size is-layout-flow wp-block-column-is-layout-flow\"><div class=\"wp-block-image\">\n<figure class=\"alignleft size-full\"><img loading=\"lazy\" decoding=\"async\" width=\"250\" height=\"75\" src=\"https:\/\/www.wikiesfera.org\/wp-content\/uploads\/2022\/05\/logo_price_hz.png\" alt=\"Circo Price (Ayuntamiento de Madrid)\" class=\"wp-image-3066\" srcset=\"https:\/\/www.wikiesfera.org\/wp-content\/uploads\/2022\/05\/logo_price_hz.png 250w, https:\/\/www.wikiesfera.org\/wp-content\/uploads\/2022\/05\/logo_price_hz-150x45.png 150w\" sizes=\"(max-width: 250px) 100vw, 250px\" \/><\/figure><\/div><\/div>\n\n\n\n<div class=\"wp-block-column is-vertically-aligned-center has-small-font-size is-layout-flow wp-block-column-is-layout-flow\"><div class=\"wp-block-image\">\n<figure class=\"alignleft size-full\"><img loading=\"lazy\" decoding=\"async\" width=\"500\" height=\"150\" src=\"https:\/\/www.wikiesfera.org\/wp-content\/uploads\/2024\/04\/logotipo-miss-cirquera.png\" alt=\"\" class=\"wp-image-5345\" srcset=\"https:\/\/www.wikiesfera.org\/wp-content\/uploads\/2024\/04\/logotipo-miss-cirquera.png 500w, https:\/\/www.wikiesfera.org\/wp-content\/uploads\/2024\/04\/logotipo-miss-cirquera-300x90.png 300w, https:\/\/www.wikiesfera.org\/wp-content\/uploads\/2024\/04\/logotipo-miss-cirquera-150x45.png 150w, https:\/\/www.wikiesfera.org\/wp-content\/uploads\/2024\/04\/logotipo-miss-cirquera-400x120.png 400w\" sizes=\"(max-width: 500px) 100vw, 500px\" \/><\/figure><\/div><\/div>\n\n\n\n<div class=\"wp-block-column is-vertically-aligned-center has-small-font-size is-layout-flow wp-block-column-is-layout-flow\"><div class=\"wp-block-image\">\n<figure class=\"alignleft size-large\"><img loading=\"lazy\" decoding=\"async\" width=\"1024\" height=\"238\" src=\"https:\/\/www.wikiesfera.org\/wp-content\/uploads\/2018\/04\/Wikimedia_Foundation_logo_-_horizontal.svg_-1024x238.png\" alt=\"\" class=\"wp-image-1036\" srcset=\"https:\/\/www.wikiesfera.org\/wp-content\/uploads\/2018\/04\/Wikimedia_Foundation_logo_-_horizontal.svg_-1024x238.png 1024w, https:\/\/www.wikiesfera.org\/wp-content\/uploads\/2018\/04\/Wikimedia_Foundation_logo_-_horizontal.svg_-300x70.png 300w, https:\/\/www.wikiesfera.org\/wp-content\/uploads\/2018\/04\/Wikimedia_Foundation_logo_-_horizontal.svg_-768x179.png 768w, https:\/\/www.wikiesfera.org\/wp-content\/uploads\/2018\/04\/Wikimedia_Foundation_logo_-_horizontal.svg_-150x35.png 150w, https:\/\/www.wikiesfera.org\/wp-content\/uploads\/2018\/04\/Wikimedia_Foundation_logo_-_horizontal.svg_-400x93.png 400w, https:\/\/www.wikiesfera.org\/wp-content\/uploads\/2018\/04\/Wikimedia_Foundation_logo_-_horizontal.svg_.png 2000w\" sizes=\"(max-width: 1024px) 100vw, 1024px\" \/><\/figure><\/div><\/div>\n\n\n\n<div class=\"wp-block-column is-vertically-aligned-center is-layout-flow wp-block-column-is-layout-flow\"><\/div>\n<\/div>\n\n\n\n<p><\/p>\n","protected":false},"excerpt":{"rendered":"<p>En noviembre de 2019, el&nbsp;Teatro Circo Price&nbsp;de Madrid (@CircoPrice)&nbsp;puso en marcha una&nbsp;l\u00ednea de trabajo sobre memoria&nbsp;cuyo objetivo es&nbsp;\u00abPoner en valor y di\u00e1logo el patrimonio inmaterial que supone la historia del circo en Espa\u00f1a y en Madrid, as\u00ed como la historia del Circo Price hasta hoy\u00bb. Unido a esa idea, contact\u00f3 con Wikiesfera para&nbsp;coordinar una serie [&hellip;]<\/p>\n","protected":false},"author":1,"featured_media":7531,"parent":0,"menu_order":0,"comment_status":"closed","ping_status":"closed","template":"templates\/fullwidth.php","meta":{"_coblocks_attr":"","_coblocks_dimensions":"","_coblocks_responsive_height":"","_coblocks_accordion_ie_support":"","footnotes":""},"class_list":["post-3544","page","type-page","status-publish","has-post-thumbnail","hentry","page-entry","loop-entry clr"],"_links":{"self":[{"href":"https:\/\/www.wikiesfera.org\/es\/wp-json\/wp\/v2\/pages\/3544","targetHints":{"allow":["GET"]}}],"collection":[{"href":"https:\/\/www.wikiesfera.org\/es\/wp-json\/wp\/v2\/pages"}],"about":[{"href":"https:\/\/www.wikiesfera.org\/es\/wp-json\/wp\/v2\/types\/page"}],"author":[{"embeddable":true,"href":"https:\/\/www.wikiesfera.org\/es\/wp-json\/wp\/v2\/users\/1"}],"replies":[{"embeddable":true,"href":"https:\/\/www.wikiesfera.org\/es\/wp-json\/wp\/v2\/comments?post=3544"}],"version-history":[{"count":54,"href":"https:\/\/www.wikiesfera.org\/es\/wp-json\/wp\/v2\/pages\/3544\/revisions"}],"predecessor-version":[{"id":9253,"href":"https:\/\/www.wikiesfera.org\/es\/wp-json\/wp\/v2\/pages\/3544\/revisions\/9253"}],"wp:featuredmedia":[{"embeddable":true,"href":"https:\/\/www.wikiesfera.org\/es\/wp-json\/wp\/v2\/media\/7531"}],"wp:attachment":[{"href":"https:\/\/www.wikiesfera.org\/es\/wp-json\/wp\/v2\/media?parent=3544"}],"curies":[{"name":"wp","href":"https:\/\/api.w.org\/{rel}","templated":true}]}}