{"id":3284,"date":"2022-08-12T15:27:31","date_gmt":"2022-08-12T15:27:31","guid":{"rendered":"\/?page_id=3284"},"modified":"2025-10-22T04:30:44","modified_gmt":"2025-10-22T04:30:44","slug":"aspasia","status":"publish","type":"page","link":"https:\/\/www.wikiesfera.org\/es\/aspasia\/","title":{"rendered":"Aspasia"},"content":{"rendered":"\n<p>En septiembre de 2020, el Laboratorio de la Direcci\u00f3n General de Gobierno Abierto e Innovaci\u00f3n Social (LAAAB) del Gobierno de Arag\u00f3n (Espa\u00f1a) contact\u00f3 con Wikiesfera para&nbsp;<strong>coordinar una serie de editatonas dentro de la&nbsp;<a href=\"http:\/\/www.laaab.es\/comunidad-aspasia\/\">Comunidad Aspasia<\/a><\/strong>. Esta iniciativa, que se desarrolla en colaboraci\u00f3n con el Instituto Aragon\u00e9s de la Mujer (IAM), busca <strong>promover la participaci\u00f3n pol\u00edtica con perspectiva de g\u00e9nero y la visibilidad de la mujer en los asuntos p\u00fablicos<\/strong>. El objetivo de la implicaci\u00f3n de Wikiesfera en esta comunidad es doble: por un lado, visibilizar en Wikipedia a mujeres relevantes en diferentes \u00e1mbitos (preferentemente de Arag\u00f3n) y, por otro, formar a nuevas editoras que pudieran formar su propio grupo de trabajo.<\/p>\n\n\n\n<p>La&nbsp;<a href=\"http:\/\/www.laaab.es\/2020\/11\/aspasia-inicia-viaje-y-presenta-su-comunidadaspasia\/\">presentaci\u00f3n del proyecto<\/a>&nbsp;tuvo lugar el 18 de noviembre de 2020, donde participaron Mariv\u00ed Broto, Consejera de Ciudadan\u00eda y Derechos Sociales, Mar\u00eda Goikoetxea, directora del Instituto Aragon\u00e9s de la Mujer, Beatriz Palacios-Llorente del LAAAB, la escritora Irene Vallejo, con su ponencia&nbsp;<em><strong>\u00abAspasia: las ra\u00edces de la voz p\u00fablica de las mujeres\u00bb<\/strong><\/em>&nbsp;y Patricia Horrillo, fundadora de Wikiesfera, que&nbsp;explic\u00f3 en su intervenci\u00f3n&nbsp;la gran brecha de g\u00e9nero que existe en Wikipedia.<\/p>\n\n\n\n<figure class=\"wp-block-embed is-type-video is-provider-youtube wp-block-embed-youtube wp-embed-aspect-16-9 wp-has-aspect-ratio\"><div class=\"wp-block-embed__wrapper\">\n<iframe title=\"Presentacio\u0301n Proyecto Aspasia (III) Charla con Patricia Horrillo\" width=\"980\" height=\"551\" src=\"https:\/\/www.youtube.com\/embed\/iegv6HFbf3o?feature=oembed\" frameborder=\"0\" allow=\"accelerometer; autoplay; clipboard-write; encrypted-media; gyroscope; picture-in-picture; web-share\" referrerpolicy=\"strict-origin-when-cross-origin\" allowfullscreen><\/iframe>\n<\/div><\/figure>\n\n\n\n<hr class=\"wp-block-separator has-alpha-channel-opacity\"\/>\n\n\n<h1 class=\"wp-block-heading\" id=\"gt-ediciones\"><strong>&gt; Ediciones<\/strong><\/h1>\n\n\n<p>Desde diciembre de 2020 se han desarrollado <strong>13 editatonas de creaci\u00f3n y 1 de traducciones sobre diferentes tem\u00e1ticas<\/strong>, y con invitadas expertas en diferentes \u00e1mbitos, en las que han participado <strong>107 editoras<\/strong>\u00a0y se han publicado\u00a0<strong>122 art\u00edculos nuevos<\/strong> (95 de creaci\u00f3n y 27 traducciones):<\/p>\n\n\n\n<ul class=\"wp-block-list\">\n<li>19 de diciembre de 2020 | <a href=\"https:\/\/wikiesfera.org\/portfolio-item\/editatona-virtual-de-aragonesas-19d\/\" target=\"_blank\" rel=\"noreferrer noopener\">Editatona virtual de aragonesas #19D<\/a><\/li>\n\n\n\n<li>13 de febrero de 2021 | <a href=\"https:\/\/wikiesfera.org\/portfolio-item\/editatona-virtual-de-mujeres-stem-13f\/\" target=\"_blank\" rel=\"noreferrer noopener\">Editatona virtual de mujeres STEM #13F<\/a><\/li>\n\n\n\n<li>10 de abril de 2021 | <a href=\"https:\/\/wikiesfera.org\/portfolio-item\/editatona-virtual-de-deportistas-10a\/\" target=\"_blank\" rel=\"noreferrer noopener\">Editatona virtual de deportistas #10A<\/a><\/li>\n\n\n\n<li>20 de mayo de 2021 | <a href=\"https:\/\/wikiesfera.org\/portfolio-item\/editatona-virtual-de-traducciones-20m\/\" target=\"_blank\" rel=\"noreferrer noopener\">Editatona virtual de traducciones #20M<\/a><\/li>\n\n\n\n<li>5 de junio de 2021 | <a href=\"https:\/\/wikiesfera.org\/portfolio-item\/editatona-virtual-de-arquitectas-5j\/\" target=\"_blank\" rel=\"noreferrer noopener\">Editatona virtual de arquitectas #5J<\/a><\/li>\n\n\n\n<li>15 de octubre de 2021 | <a href=\"https:\/\/wikiesfera.org\/portfolio-item\/editatona-de-mujeres-rurales-15o\/\" target=\"_blank\" rel=\"noreferrer noopener\">Editatona de mujeres rurales #15O<\/a><\/li>\n\n\n\n<li>19 de febrero de 2022 | <a href=\"https:\/\/wikiesfera.org\/portfolio-item\/editatona-virtual-de-mujeres-stem-19f\/\" target=\"_blank\" rel=\"noreferrer noopener\">Editatona virtual de mujeres STEM #19F<\/a><\/li>\n\n\n\n<li>14 de mayo de 2022 | <a href=\"https:\/\/wikiesfera.org\/portfolio-item\/editatona-de-mujeres-altoaragonesas-14m\/\">Editatona de mujeres altoaragonesas #14M<\/a><\/li>\n\n\n\n<li>19 de noviembre de 2022 | <a href=\"https:\/\/wikiesfera.org\/portfolio-item\/editatona-de-aragonesas-en-las-artes-escenicas-19n\/\" target=\"_blank\" rel=\"noreferrer noopener\">Editatona de aragonesas en las artes esc\u00e9nicas #19N<\/a><\/li>\n\n\n\n<li>11 de febrero de 2023 | <a href=\"https:\/\/www.wikiesfera.org\/portfolio-item\/editatona-virtual-de-aragonesas-stem-11f\/\" target=\"_blank\" rel=\"noreferrer noopener\">Editatona de aragonesas STEM #11F<\/a><\/li>\n\n\n\n<li>11 de noviembre de 2023 | <a href=\"https:\/\/www.wikiesfera.org\/portfolio-item\/editatona-virtual-de-lideres-aragonesas-11n\/\">Editatona de l\u00edderes aragonesas #11N<\/a><\/li>\n\n\n\n<li>16 de febrero de 2024 | <a href=\"https:\/\/www.wikiesfera.org\/portfolio-item\/editatona-de-aragonesas-stem-16f-2024\/\" target=\"_blank\" rel=\"noreferrer noopener\">Editatona de aragonesas STEM #16F<\/a><\/li>\n\n\n\n<li>30 de noviembre de 2024 | <a href=\"https:\/\/www.wikiesfera.org\/portfolio-item\/editatona-de-aragonesas-en-las-artes-escenicas-30n-2024\/\" target=\"_blank\" rel=\"noreferrer noopener\">Editatona de aragonesas en las artes esc\u00e9nicas #30N<\/a><\/li>\n\n\n\n<li>18 de octubre de 2025 | <a href=\"https:\/\/www.wikiesfera.org\/es\/portfolio-item\/editatona-aragon-contra-la-violencia-de-genero-18o\/\">Editatona: Arag\u00f3n contra la violencia de g\u00e9nero #18O<\/a><\/li>\n<\/ul>\n\n\n\n<hr class=\"wp-block-separator has-alpha-channel-opacity\"\/>\n\n\n<h1 class=\"wp-block-heading\" id=\"gt-resultados\"><strong>&gt; Resultados<\/strong><\/h1>\n\n\n<div class=\"wp-block-columns is-layout-flex wp-container-core-columns-is-layout-9d6595d7 wp-block-columns-is-layout-flex\">\n<div class=\"wp-block-column is-layout-flow wp-block-column-is-layout-flow\">\n<p class=\"has-text-align-center has-pale-pink-background-color has-background\"><strong>PUBLICACI\u00d3N<\/strong><\/p>\n\n\n\n<p class=\"has-text-align-center has-white-background-color has-background\"><strong>122 art\u00edculos<\/strong><\/p>\n\n\n\n<p class=\"has-text-align-center has-white-background-color has-background\">[ 95 creaci\u00f3n + 27 traducci\u00f3n ]<\/p>\n<\/div>\n\n\n\n<div class=\"wp-block-column is-layout-flow wp-block-column-is-layout-flow\">\n<p class=\"has-text-align-center has-pale-pink-background-color has-background\"><strong>PARTICIPACI\u00d3N<\/strong><\/p>\n\n\n\n<p class=\"has-text-align-center has-white-background-color has-background\"><strong>107 editoras<\/strong><\/p>\n\n\n\n<p class=\"has-text-align-center has-white-background-color has-background\">[ 74 de Arag\u00f3n + 33 de Wikiesfera ]<\/p>\n<\/div>\n\n\n\n<div class=\"wp-block-column is-layout-flow wp-block-column-is-layout-flow\">\n<p class=\"has-text-align-center has-pale-pink-background-color has-background\"><strong>EDICIONES<\/strong><\/p>\n\n\n\n<p class=\"has-text-align-center has-white-background-color has-background\"><strong>1.203.987 bytes<\/strong><\/p>\n\n\n\n<p class=\"has-text-align-center has-white-background-color has-background\">[ 628 p\u00e1ginas mejoradas ]<\/p>\n<\/div>\n\n\n\n<div class=\"wp-block-column is-layout-flow wp-block-column-is-layout-flow\">\n<p class=\"has-text-align-center has-pale-pink-background-color has-background\"><strong>IMPACTO<\/strong><\/p>\n\n\n\n<p class=\"has-text-align-center has-white-background-color has-background\"><strong>71.897 visitas<\/strong><\/p>\n\n\n\n<p class=\"has-text-align-center has-white-background-color has-background\">[ 45.494 visitas al d\u00eda ]<\/p>\n<\/div>\n<\/div>\n\n\n\n<hr class=\"wp-block-separator has-alpha-channel-opacity\"\/>\n\n\n<h1 class=\"wp-block-heading\" id=\"gt-galeria\"><strong>&gt; Galer\u00eda<\/strong><\/h1>\n\n\n<div class=\"wp-block-columns is-layout-flex wp-container-core-columns-is-layout-9d6595d7 wp-block-columns-is-layout-flex\">\n<div class=\"wp-block-column is-layout-flow wp-block-column-is-layout-flow\">\n<figure class=\"wp-block-image size-large\"><img fetchpriority=\"high\" decoding=\"async\" width=\"1024\" height=\"360\" src=\"http:\/\/www.wikiesfera.org\/wp-content\/uploads\/2024\/02\/cronica-aspasia-stem-2024_00-1024x360.jpg\" alt=\"\" class=\"wp-image-4862\" srcset=\"https:\/\/www.wikiesfera.org\/wp-content\/uploads\/2024\/02\/cronica-aspasia-stem-2024_00-1024x360.jpg 1024w, https:\/\/www.wikiesfera.org\/wp-content\/uploads\/2024\/02\/cronica-aspasia-stem-2024_00-300x105.jpg 300w, https:\/\/www.wikiesfera.org\/wp-content\/uploads\/2024\/02\/cronica-aspasia-stem-2024_00-768x270.jpg 768w, https:\/\/www.wikiesfera.org\/wp-content\/uploads\/2024\/02\/cronica-aspasia-stem-2024_00-1536x540.jpg 1536w, https:\/\/www.wikiesfera.org\/wp-content\/uploads\/2024\/02\/cronica-aspasia-stem-2024_00-2048x720.jpg 2048w, https:\/\/www.wikiesfera.org\/wp-content\/uploads\/2024\/02\/cronica-aspasia-stem-2024_00-150x53.jpg 150w, https:\/\/www.wikiesfera.org\/wp-content\/uploads\/2024\/02\/cronica-aspasia-stem-2024_00-400x141.jpg 400w\" sizes=\"(max-width: 1024px) 100vw, 1024px\" \/><\/figure>\n<\/div>\n\n\n\n<div class=\"wp-block-column is-layout-flow wp-block-column-is-layout-flow\">\n<figure class=\"wp-block-image size-large\"><img decoding=\"async\" width=\"1024\" height=\"360\" src=\"http:\/\/www.wikiesfera.org\/wp-content\/uploads\/2022\/11\/cronica-aspasia-artesescenicas_01-1024x360.jpg\" alt=\"\" class=\"wp-image-3648\" srcset=\"https:\/\/www.wikiesfera.org\/wp-content\/uploads\/2022\/11\/cronica-aspasia-artesescenicas_01-1024x360.jpg 1024w, https:\/\/www.wikiesfera.org\/wp-content\/uploads\/2022\/11\/cronica-aspasia-artesescenicas_01-300x105.jpg 300w, https:\/\/www.wikiesfera.org\/wp-content\/uploads\/2022\/11\/cronica-aspasia-artesescenicas_01-768x270.jpg 768w, https:\/\/www.wikiesfera.org\/wp-content\/uploads\/2022\/11\/cronica-aspasia-artesescenicas_01-150x53.jpg 150w, https:\/\/www.wikiesfera.org\/wp-content\/uploads\/2022\/11\/cronica-aspasia-artesescenicas_01-400x141.jpg 400w, https:\/\/www.wikiesfera.org\/wp-content\/uploads\/2022\/11\/cronica-aspasia-artesescenicas_01.jpg 1280w\" sizes=\"(max-width: 1024px) 100vw, 1024px\" \/><\/figure>\n<\/div>\n<\/div>\n\n\n\n<p><\/p>\n\n\n\n<div class=\"wp-block-columns is-layout-flex wp-container-core-columns-is-layout-9d6595d7 wp-block-columns-is-layout-flex\">\n<div class=\"wp-block-column is-layout-flow wp-block-column-is-layout-flow\">\n<figure class=\"wp-block-image size-large\"><img decoding=\"async\" width=\"1024\" height=\"360\" src=\"\/wp-content\/uploads\/2021\/10\/editatona-rurales-01-1024x360.jpg\" alt=\"\" class=\"wp-image-2360\" srcset=\"https:\/\/www.wikiesfera.org\/wp-content\/uploads\/2021\/10\/editatona-rurales-01-1024x360.jpg 1024w, https:\/\/www.wikiesfera.org\/wp-content\/uploads\/2021\/10\/editatona-rurales-01-300x105.jpg 300w, https:\/\/www.wikiesfera.org\/wp-content\/uploads\/2021\/10\/editatona-rurales-01-768x270.jpg 768w, https:\/\/www.wikiesfera.org\/wp-content\/uploads\/2021\/10\/editatona-rurales-01-150x53.jpg 150w, https:\/\/www.wikiesfera.org\/wp-content\/uploads\/2021\/10\/editatona-rurales-01-400x141.jpg 400w, https:\/\/www.wikiesfera.org\/wp-content\/uploads\/2021\/10\/editatona-rurales-01.jpg 1280w\" sizes=\"(max-width: 1024px) 100vw, 1024px\" \/><\/figure>\n<\/div>\n\n\n\n<div class=\"wp-block-column is-layout-flow wp-block-column-is-layout-flow\">\n<figure class=\"wp-block-image size-large\"><img loading=\"lazy\" decoding=\"async\" width=\"1024\" height=\"360\" src=\"\/wp-content\/uploads\/2022\/05\/altoaragonesas_02-1024x360.jpg\" alt=\"\" class=\"wp-image-3046\" srcset=\"https:\/\/www.wikiesfera.org\/wp-content\/uploads\/2022\/05\/altoaragonesas_02-1024x360.jpg 1024w, https:\/\/www.wikiesfera.org\/wp-content\/uploads\/2022\/05\/altoaragonesas_02-300x105.jpg 300w, https:\/\/www.wikiesfera.org\/wp-content\/uploads\/2022\/05\/altoaragonesas_02-768x270.jpg 768w, https:\/\/www.wikiesfera.org\/wp-content\/uploads\/2022\/05\/altoaragonesas_02-150x53.jpg 150w, https:\/\/www.wikiesfera.org\/wp-content\/uploads\/2022\/05\/altoaragonesas_02-400x141.jpg 400w, https:\/\/www.wikiesfera.org\/wp-content\/uploads\/2022\/05\/altoaragonesas_02.jpg 1280w\" sizes=\"(max-width: 1024px) 100vw, 1024px\" \/><\/figure>\n<\/div>\n<\/div>\n\n\n\n<p><\/p>\n\n\n\n<div class=\"wp-block-columns is-layout-flex wp-container-core-columns-is-layout-9d6595d7 wp-block-columns-is-layout-flex\">\n<div class=\"wp-block-column is-layout-flow wp-block-column-is-layout-flow\">\n<figure class=\"wp-block-image size-large\"><img loading=\"lazy\" decoding=\"async\" width=\"1024\" height=\"360\" src=\"\/wp-content\/uploads\/2022\/02\/editatona-stem-19f-01-1024x360.jpg\" alt=\"\" class=\"wp-image-2777\" srcset=\"https:\/\/www.wikiesfera.org\/wp-content\/uploads\/2022\/02\/editatona-stem-19f-01-1024x360.jpg 1024w, https:\/\/www.wikiesfera.org\/wp-content\/uploads\/2022\/02\/editatona-stem-19f-01-300x105.jpg 300w, https:\/\/www.wikiesfera.org\/wp-content\/uploads\/2022\/02\/editatona-stem-19f-01-768x270.jpg 768w, https:\/\/www.wikiesfera.org\/wp-content\/uploads\/2022\/02\/editatona-stem-19f-01-150x53.jpg 150w, https:\/\/www.wikiesfera.org\/wp-content\/uploads\/2022\/02\/editatona-stem-19f-01-400x141.jpg 400w, https:\/\/www.wikiesfera.org\/wp-content\/uploads\/2022\/02\/editatona-stem-19f-01.jpg 1280w\" sizes=\"(max-width: 1024px) 100vw, 1024px\" \/><\/figure>\n<\/div>\n\n\n\n<div class=\"wp-block-column is-layout-flow wp-block-column-is-layout-flow\">\n<figure class=\"wp-block-image size-large\"><img loading=\"lazy\" decoding=\"async\" width=\"1024\" height=\"360\" src=\"\/wp-content\/uploads\/2021\/02\/stem-13f_01-1024x360.jpg\" alt=\"\" class=\"wp-image-1890\" srcset=\"https:\/\/www.wikiesfera.org\/wp-content\/uploads\/2021\/02\/stem-13f_01-1024x360.jpg 1024w, https:\/\/www.wikiesfera.org\/wp-content\/uploads\/2021\/02\/stem-13f_01-300x105.jpg 300w, https:\/\/www.wikiesfera.org\/wp-content\/uploads\/2021\/02\/stem-13f_01-768x270.jpg 768w, https:\/\/www.wikiesfera.org\/wp-content\/uploads\/2021\/02\/stem-13f_01-150x53.jpg 150w, https:\/\/www.wikiesfera.org\/wp-content\/uploads\/2021\/02\/stem-13f_01-400x141.jpg 400w, https:\/\/www.wikiesfera.org\/wp-content\/uploads\/2021\/02\/stem-13f_01.jpg 1280w\" sizes=\"(max-width: 1024px) 100vw, 1024px\" \/><\/figure>\n<\/div>\n<\/div>\n\n\n\n<hr class=\"wp-block-separator has-alpha-channel-opacity\"\/>\n\n\n<h1 class=\"wp-block-heading\" id=\"gt-colabora\"><strong>&gt; Colabora<\/strong><\/h1>\n\n\n<div class=\"wp-block-columns is-layout-flex wp-container-core-columns-is-layout-9d6595d7 wp-block-columns-is-layout-flex\">\n<div class=\"wp-block-column is-layout-flow wp-block-column-is-layout-flow\">\n<figure class=\"wp-block-image size-full\"><img loading=\"lazy\" decoding=\"async\" width=\"500\" height=\"150\" src=\"http:\/\/www.wikiesfera.org\/wp-content\/uploads\/2024\/02\/logo_gob-aragon.png\" alt=\"\" class=\"wp-image-4905\" srcset=\"https:\/\/www.wikiesfera.org\/wp-content\/uploads\/2024\/02\/logo_gob-aragon.png 500w, https:\/\/www.wikiesfera.org\/wp-content\/uploads\/2024\/02\/logo_gob-aragon-300x90.png 300w, https:\/\/www.wikiesfera.org\/wp-content\/uploads\/2024\/02\/logo_gob-aragon-150x45.png 150w, https:\/\/www.wikiesfera.org\/wp-content\/uploads\/2024\/02\/logo_gob-aragon-400x120.png 400w\" sizes=\"(max-width: 500px) 100vw, 500px\" \/><\/figure>\n<\/div>\n\n\n\n<div class=\"wp-block-column is-layout-flow wp-block-column-is-layout-flow\">\n<figure class=\"wp-block-image size-full\"><img loading=\"lazy\" decoding=\"async\" width=\"250\" height=\"75\" src=\"http:\/\/www.wikiesfera.org\/wp-content\/uploads\/2022\/05\/logo_laaab_hz.png\" alt=\"\" class=\"wp-image-3087\" srcset=\"https:\/\/www.wikiesfera.org\/wp-content\/uploads\/2022\/05\/logo_laaab_hz.png 250w, https:\/\/www.wikiesfera.org\/wp-content\/uploads\/2022\/05\/logo_laaab_hz-150x45.png 150w\" sizes=\"(max-width: 250px) 100vw, 250px\" \/><\/figure>\n<\/div>\n\n\n\n<div class=\"wp-block-column is-layout-flow wp-block-column-is-layout-flow\"><\/div>\n\n\n\n<div class=\"wp-block-column is-layout-flow wp-block-column-is-layout-flow\"><\/div>\n<\/div>\n","protected":false},"excerpt":{"rendered":"<p>En septiembre de 2020, el Laboratorio de la Direcci\u00f3n General de Gobierno Abierto e Innovaci\u00f3n Social (LAAAB) del Gobierno de Arag\u00f3n (Espa\u00f1a) contact\u00f3 con Wikiesfera para&nbsp;coordinar una serie de editatonas dentro de la&nbsp;Comunidad Aspasia. Esta iniciativa, que se desarrolla en colaboraci\u00f3n con el Instituto Aragon\u00e9s de la Mujer (IAM), busca promover la participaci\u00f3n pol\u00edtica con [&hellip;]<\/p>\n","protected":false},"author":1,"featured_media":1839,"parent":0,"menu_order":0,"comment_status":"closed","ping_status":"closed","template":"templates\/fullwidth.php","meta":{"_coblocks_attr":"","_coblocks_dimensions":"","_coblocks_responsive_height":"","_coblocks_accordion_ie_support":"","footnotes":""},"class_list":["post-3284","page","type-page","status-publish","has-post-thumbnail","hentry","page-entry","loop-entry clr"],"_links":{"self":[{"href":"https:\/\/www.wikiesfera.org\/es\/wp-json\/wp\/v2\/pages\/3284","targetHints":{"allow":["GET"]}}],"collection":[{"href":"https:\/\/www.wikiesfera.org\/es\/wp-json\/wp\/v2\/pages"}],"about":[{"href":"https:\/\/www.wikiesfera.org\/es\/wp-json\/wp\/v2\/types\/page"}],"author":[{"embeddable":true,"href":"https:\/\/www.wikiesfera.org\/es\/wp-json\/wp\/v2\/users\/1"}],"replies":[{"embeddable":true,"href":"https:\/\/www.wikiesfera.org\/es\/wp-json\/wp\/v2\/comments?post=3284"}],"version-history":[{"count":45,"href":"https:\/\/www.wikiesfera.org\/es\/wp-json\/wp\/v2\/pages\/3284\/revisions"}],"predecessor-version":[{"id":9855,"href":"https:\/\/www.wikiesfera.org\/es\/wp-json\/wp\/v2\/pages\/3284\/revisions\/9855"}],"wp:featuredmedia":[{"embeddable":true,"href":"https:\/\/www.wikiesfera.org\/es\/wp-json\/wp\/v2\/media\/1839"}],"wp:attachment":[{"href":"https:\/\/www.wikiesfera.org\/es\/wp-json\/wp\/v2\/media?parent=3284"}],"curies":[{"name":"wp","href":"https:\/\/api.w.org\/{rel}","templated":true}]}}