{"id":3016,"date":"2022-05-03T16:20:23","date_gmt":"2022-05-03T16:20:23","guid":{"rendered":"\/?page_id=3016"},"modified":"2026-04-26T17:14:41","modified_gmt":"2026-04-26T17:14:41","slug":"brecha-de-genero","status":"publish","type":"page","link":"https:\/\/www.wikiesfera.org\/es\/brecha-de-genero\/","title":{"rendered":"Brecha de g\u00e9nero en Wikipedia"},"content":{"rendered":"\n<div class=\"wp-block-columns is-layout-flex wp-container-core-columns-is-layout-9d6595d7 wp-block-columns-is-layout-flex\">\n<div class=\"wp-block-column is-layout-flow wp-block-column-is-layout-flow\" style=\"flex-basis:30%\">\n<p>La brecha de g\u00e9nero en las profesiones relacionadas con la tecnolog\u00eda es un problema de largo recorrido que a\u00fan perdura en nuestras sociedades. Wikipedia, al igual que el resto de proyectos de la <a rel=\"noopener noreferrer\" href=\"http:\/\/es.wikipedia.org\/wiki\/Fundaci%C3%B3n_Wikimedia\" target=\"_blank\">Fundaci\u00f3n Wikimedia<\/a>, tambi\u00e9n lo sufre: <b><a rel=\"noopener noreferrer\" href=\"http:\/\/www.ris.org\/uploadi\/editor\/1305050082Wikipedia_Overview_15March2010-FINAL.pdf\" target=\"_blank\">menos del 13% de editores de la enciclopedia libre son mujeres<\/a><\/b>.<\/p>\n\n\n\n<p>Una interfaz de edici\u00f3n poco amigable, agresividad en los debates, una atm\u00f3sfera sexista e incluso mis\u00f3gina, falta de tiempo libre o una escasa interacci\u00f3n social en los proyectos, son algunos de los <a rel=\"noreferrer noopener\" href=\"http:\/\/suegardner.org\/2011\/02\/19\/nine-reasons-why-women-dont-edit-wikipedia-in-their-own-words\/\" target=\"_blank\"><strong>m\u00faltiples factores que se apuntan como causas de la desigualdad de g\u00e9nero<\/strong><\/a>.<\/p>\n<\/div>\n\n\n\n<div class=\"wp-block-column is-layout-flow wp-block-column-is-layout-flow\" style=\"flex-basis:100%\">\n<figure class=\"wp-block-image size-full\"><img fetchpriority=\"high\" decoding=\"async\" width=\"1024\" height=\"632\" src=\"\/wp-content\/uploads\/2022\/08\/Gender_gap_in_Wikipedia_animation.gif\" alt=\"\" class=\"wp-image-3248\"\/><\/figure>\n<\/div>\n<\/div>\n\n\n\n<p><\/p>\n\n\n\n<p><\/p>\n\n\n\n<p>Esta exclusi\u00f3n implica <a rel=\"noopener noreferrer\" href=\"https:\/\/en.wikipedia.org\/wiki\/Wikipedia:WikiProject_Countering_systemic_bias\/Gender_gap_task_force\" target=\"_blank\">consecuencias directas sobre los contenidos<\/a>:<\/p>\n\n\n\n<ul class=\"wp-block-list\">\n<li>menor cobertura sobre temas y art\u00edculos relacionados con mujeres,<\/li>\n\n\n\n<li>menor calidad de los mismos y presencia de sesgos intr\u00ednsecos.<\/li>\n<\/ul>\n\n\n\n<p>Que seamos <strong>m\u00e1s de la mitad de la poblaci\u00f3n mundial<\/strong> <strong>pero no estemos contribuyendo<\/strong> a la documentaci\u00f3n colectiva de la Historia, es una consecuencia m\u00e1s de la <strong> invisibilidad de las mujeres en la vida p\u00fablica<\/strong>, infrarepresentadas en los medios de comunicaci\u00f3n y en otros espacios que nos impide que podamos construir y publicar sus biograf\u00edas en Wikipedia con base a fuentes fiables que acrediten su relevancia. En <strong>Wikipedia en espa\u00f1ol solo cerca del 25% de los art\u00edculos son o tratan temas de mujeres<\/strong>.<\/p>\n\n\n\n<p>Seg\u00fan una investigaci\u00f3n, en Wikipedia en espa\u00f1ol, el 26,8% de las palabras en los art\u00edculos biogr\u00e1ficos de mujeres hacen referencia a condiciones de g\u00e9nero o relaciones personales y familiares (mujer, esposa, madre&#8230;); sin embargo, en los art\u00edculos de hombres esta circunstancia s\u00f3lo sucede en un 3,8% de las palabras.<\/p>\n\n\n\n<p>En nuestros <strong><a href=\"https:\/\/www.wikiesfera.org\/maratones-edicion\/\">maratones de edici\u00f3n con perspectiva de g\u00e9nero: editatonas<\/a><\/strong> compartimos todos estos datos para hacernos m\u00e1s conscientes de <b>la necesidad de ir cambiando de forma progresiva y met\u00f3dica esta situaci\u00f3n de desigualdad<\/b>. El objetivo, en cualquier caso, es conocernos, aprender y poner en valor las aportaciones que a nivel individual y colectivo podemos hacer en este espacio colaborativo.<\/p>\n\n\n\n<figure class=\"wp-block-embed is-type-video is-provider-youtube wp-block-embed-youtube wp-embed-aspect-16-9 wp-has-aspect-ratio\"><div class=\"wp-block-embed__wrapper\">\n<iframe title=\"Nadie hablar\u00e1 de nosotras si no estamos en Wikipedia | Patricia Horrillo | TEDxMadrid\" width=\"980\" height=\"551\" src=\"https:\/\/www.youtube.com\/embed\/bV62PsZgF18?feature=oembed\" frameborder=\"0\" allow=\"accelerometer; autoplay; clipboard-write; encrypted-media; gyroscope; picture-in-picture; web-share\" referrerpolicy=\"strict-origin-when-cross-origin\" allowfullscreen><\/iframe>\n<\/div><\/figure>\n\n\n\n<p><\/p>\n\n\n\n<hr class=\"wp-block-separator has-alpha-channel-opacity\"\/>\n\n\n\n<h1 id=\"gt-articulos-de-analisis\" class=\"wp-block-heading\"><strong>&gt; Art\u00edculos de an\u00e1lisis<\/strong><\/h1>\n\n\n\n<p>Adem\u00e1s, las editoras de nuestra comunidad han dado un paso m\u00e1s y han creado <strong><a href=\"https:\/\/www.wikiesfera.org\/category\/divulgacion\/\">art\u00edculos de an\u00e1lisis<\/a> <\/strong>sobre diferentes realidades y experiencias con cuestiones relacionadas con la brecha de g\u00e9nero en Wikipedia que contribuyen a la construcci\u00f3n de un relato y un conocimiento m\u00e1s equitativo. El objetivo es desarrollar un espacio de reflexi\u00f3n e inter\u00e9s para nuestra comunidad y para personas de fuera de ella que se interesen por los temas que planteamos:<\/p>\n\n\n\n<ul class=\"wp-block-list\">\n<li><a href=\"https:\/\/www.wikiesfera.org\/2024\/03\/27\/por-que-no-vemos-a-las-mujeres-que-estan-en-wikipedia\/\"><strong><em>\u00bfPor qu\u00e9 no vemos a las mujeres que est\u00e1n en Wikipedia?<\/em><\/strong><\/a>, por Isabel Zapico.<\/li>\n\n\n\n<li><a href=\"https:\/\/www.wikiesfera.org\/2024\/05\/23\/visibilizando-el-aborto-en-espana-en-wikipedia\/\"><strong><em>Visibilizando el aborto en Espa\u00f1a en Wikipedia<\/em><\/strong><\/a>, por Mar\u00eda Sefidari.<\/li>\n\n\n\n<li><a href=\"https:\/\/www.wikiesfera.org\/2024\/11\/29\/anticoncepcion-de-emergencia-en-espana-destacado-en-la-portada-de-wikipedia\/\"><strong>\u00abAnticoncepci\u00f3n de emergencia en Espa\u00f1a\u00bb destacado en la portada de Wikipedia<\/strong><\/a>, Mar\u00eda Sefidari.<\/li>\n\n\n\n<li><a href=\"https:\/\/www.wikiesfera.org\/2024\/06\/28\/la-visibilidad-de-las-lesbianas-en-wikipedia\/\"><strong><em>La visibilidad de las lesbianas en Wikipedia<\/em><\/strong><\/a>, por Encina Villanueva y Celia Hern\u00e1ndez.<\/li>\n\n\n\n<li><a href=\"https:\/\/www.wikiesfera.org\/es\/2025\/09\/05\/la-visibilidad-de-las-lesbianas-en-wikipedia-ii\/\"><strong><em>La visibilidad de las lesbianas en Wikipedia<\/em><\/strong> <em><strong>II<\/strong><\/em><\/a>, por Encina Villanueva y Celia Hern\u00e1ndez.<\/li>\n\n\n\n<li><strong><em><a href=\"https:\/\/www.wikiesfera.org\/es\/2026\/04\/26\/el-parrafo-incomodo-cuando-el-lesbianismo-es-una-mancha-en-una-biografia-de-wikipedia\/\">El p\u00e1rrafo inc\u00f3modo. Cuando el lesbianismo es una mancha en una biograf\u00eda de Wikipedia<\/a><\/em><\/strong>, por Encina Villanueva y Celia Hern\u00e1ndez.<\/li>\n\n\n\n<li><em><strong><a href=\"https:\/\/www.wikiesfera.org\/es\/2026\/03\/25\/wikiesfera-como-estudio-de-caso-publicado\/\">Construyendo Wikipedia desde una perspectiva feminista: el caso de Wikiesfera<\/a><\/strong><\/em>, por Mar\u00eda Sefidari y Patricia Horrillo<\/li>\n<\/ul>\n\n\n\n<hr class=\"wp-block-separator has-alpha-channel-opacity\"\/>\n","protected":false},"excerpt":{"rendered":"<p>La brecha de g\u00e9nero en las profesiones relacionadas con la tecnolog\u00eda es un problema de largo recorrido que a\u00fan perdura en nuestras sociedades. Wikipedia, al igual que el resto de proyectos de la Fundaci\u00f3n Wikimedia, tambi\u00e9n lo sufre: menos del 13% de editores de la enciclopedia libre son mujeres. Una interfaz de edici\u00f3n poco amigable, [&hellip;]<\/p>\n","protected":false},"author":1,"featured_media":0,"parent":0,"menu_order":0,"comment_status":"closed","ping_status":"closed","template":"templates\/fullwidth.php","meta":{"_coblocks_attr":"","_coblocks_dimensions":"","_coblocks_responsive_height":"","_coblocks_accordion_ie_support":"","footnotes":""},"class_list":["post-3016","page","type-page","status-publish","hentry","page-entry","loop-entry clr"],"_links":{"self":[{"href":"https:\/\/www.wikiesfera.org\/es\/wp-json\/wp\/v2\/pages\/3016","targetHints":{"allow":["GET"]}}],"collection":[{"href":"https:\/\/www.wikiesfera.org\/es\/wp-json\/wp\/v2\/pages"}],"about":[{"href":"https:\/\/www.wikiesfera.org\/es\/wp-json\/wp\/v2\/types\/page"}],"author":[{"embeddable":true,"href":"https:\/\/www.wikiesfera.org\/es\/wp-json\/wp\/v2\/users\/1"}],"replies":[{"embeddable":true,"href":"https:\/\/www.wikiesfera.org\/es\/wp-json\/wp\/v2\/comments?post=3016"}],"version-history":[{"count":35,"href":"https:\/\/www.wikiesfera.org\/es\/wp-json\/wp\/v2\/pages\/3016\/revisions"}],"predecessor-version":[{"id":12036,"href":"https:\/\/www.wikiesfera.org\/es\/wp-json\/wp\/v2\/pages\/3016\/revisions\/12036"}],"wp:attachment":[{"href":"https:\/\/www.wikiesfera.org\/es\/wp-json\/wp\/v2\/media?parent=3016"}],"curies":[{"name":"wp","href":"https:\/\/api.w.org\/{rel}","templated":true}]}}