{"id":11057,"date":"2026-02-19T17:48:13","date_gmt":"2026-02-19T17:48:13","guid":{"rendered":"https:\/\/www.wikiesfera.org\/?page_id=11057"},"modified":"2026-04-07T14:47:59","modified_gmt":"2026-04-07T14:47:59","slug":"creacion-de-comunidades","status":"publish","type":"page","link":"https:\/\/www.wikiesfera.org\/es\/creacion-de-comunidades\/","title":{"rendered":"Comunidades de conocimiento libre con enfoque feminista"},"content":{"rendered":"\n<pre class=\"wp-block-preformatted has-white-color has-text-color has-background has-link-color wp-elements-4306c7edd9ae400430b2ff4f0840d80b\" style=\"background-color:#ff3131\"><em>Un proyecto para el desarrollo de capacidades de los nodos territoriales de Wikiesfera financiado por el <strong>Ministerio de Cultura<\/strong><\/em><\/pre>\n\n\n\n<div class=\"wp-block-columns is-layout-flex wp-container-core-columns-is-layout-9d6595d7 wp-block-columns-is-layout-flex\">\n<div class=\"wp-block-column is-layout-flow wp-block-column-is-layout-flow\" style=\"flex-basis:66.66%\">\n<p>Wikiesfera impulsa desde 2015 una red de comunidades feministas que trabajan para <strong>reducir la brecha de g\u00e9nero en Wikipedia<\/strong> y favorecer la producci\u00f3n de <strong>conocimiento libre <\/strong>desde una perspectiva <strong>interseccional<\/strong>. Entre 2025 y 2026 consolidar\u00e1 la red a nivel estatal mediante un <strong>acompa\u00f1amiento adaptado al nivel de madurez de cada grupo<\/strong>, fortaleciendo la <strong>coordinaci\u00f3n interterritorial <\/strong>y la <strong>autonom\u00eda organizativa<\/strong> de los nodos.<\/p>\n<\/div>\n\n\n\n<div class=\"wp-block-column is-layout-flow wp-block-column-is-layout-flow\" style=\"flex-basis:33.33%\">\n<figure class=\"wp-block-image size-large\"><img decoding=\"async\" src=\"https:\/\/www.wikiesfera.org\/wp-content\/uploads\/2026\/02\/Cabecera-BLOG-2-1-1024x544.png\" alt=\"\" class=\"wp-image-11139\"\/><\/figure>\n<\/div>\n<\/div>\n\n\n\n<p>Con el proyecto <strong><em>\u00abCreaci\u00f3n de comunidades de conocimiento libre con enfoque feminista\u00bb<\/em><\/strong>, el objetivo es claro, buscamos<strong> garantizar que las comunidades locales puedan sostener en el tiempo espacios activos de edici\u00f3n feminista<\/strong>, con metodolog\u00eda compartida y capacidad organizativa propia. Se desarrollar\u00e1 para los <strong>nodos de Madrid, Arag\u00f3n (Zaragoza), Galicia (Vigo) y Asturias<\/strong>, e incluye acciones itinerantes en otros territorios en proceso de nacimiento o consolidaci\u00f3n.<\/p>\n\n\n\n<p>Est\u00e1 <strong>financiado por el Ministerio de Cultura<\/strong>, en el marco de la convocatoria de ayudas a proyectos culturales con especial impacto social, y cuenta con la <strong>cofinanciaci\u00f3n de la Fundaci\u00f3n Wikimedia<\/strong>.<\/p>\n\n\n\n<hr class=\"wp-block-separator has-alpha-channel-opacity\"\/>\n\n\n<h1 class=\"wp-block-heading\" id=\"gt-diseno-del-proyecto\"><strong>&gt; Dise\u00f1o del proyecto<\/strong><\/h1>\n\n\n<p>El proyecto se estructura como un marco com\u00fan de fortalecimiento de red, basado en tres pilares:<\/p>\n\n\n\n<p><strong>1. Acompa\u00f1amiento organizativo<\/strong><br>Refuerzo de la cohesi\u00f3n interna, planificaci\u00f3n y sostenibilidad de los nodos territoriales.<\/p>\n\n\n\n<p><strong>2. Metodolog\u00eda compartida<\/strong><br>Desarrollo del <strong>Kit Metodol\u00f3gico \u201cF\u00f3rmula Wikiesfera\u201d<\/strong>, que sistematizar\u00e1 m\u00e1s de una d\u00e9cada de experiencia en creaci\u00f3n de comunidades editoras feministas. Esta ser\u00e1 una herramienta transferible, construida a partir de la pr\u00e1ctica de la red y de las necesidades detectadas en cada nodo.<\/p>\n\n\n\n<p><strong>3. Gobernanza horizontal<\/strong><br>Modelo basado en la corresponsabilidad, el intercambio colectivo y el acompa\u00f1amiento metodol\u00f3gico del equipo motor.<\/p>\n\n\n\n<p>Este dise\u00f1o permite adaptar el trabajo al nivel de madurez de cada nodo, garantizando coherencia com\u00fan respetando los procesos locales.<\/p>\n\n\n\n<figure class=\"wp-block-embed is-type-video is-provider-youtube wp-block-embed-youtube wp-embed-aspect-16-9 wp-has-aspect-ratio\"><div class=\"wp-block-embed__wrapper\">\n<iframe title=\"The Wikiesfera Formula: A Feminist Approach to Bridging the Gender Gap\" width=\"980\" height=\"551\" src=\"https:\/\/www.youtube.com\/embed\/AS3H3xQpvzQ?feature=oembed\" frameborder=\"0\" allow=\"accelerometer; autoplay; clipboard-write; encrypted-media; gyroscope; picture-in-picture; web-share\" referrerpolicy=\"strict-origin-when-cross-origin\" allowfullscreen><\/iframe>\n<\/div><\/figure>\n\n\n\n<hr class=\"wp-block-separator has-alpha-channel-opacity\"\/>\n\n\n<h1 class=\"wp-block-heading\" id=\"gt-actividades-e-impacto\"><strong>&gt; Actividades e impacto<\/strong><\/h1>\n\n\n<p>El proyecto contempla las siguientes acciones:<\/p>\n\n\n\n<ul class=\"wp-block-list\">\n<li>Acompa\u00f1amiento peri\u00f3dico a los nodos territoriales para apoyar el desarrollo de capacidades de acuerdo a sus necesidades. <\/li>\n\n\n\n<li>Identificaci\u00f3n estrat\u00e9gica de vac\u00edos de representaci\u00f3n en Wikipedia para trabajar en contenidos de inter\u00e9s en cada comunidad<\/li>\n\n\n\n<li>Coordinaci\u00f3n conjunta de eventos de edici\u00f3n en Wikipedia que incluyen editatonas presenciales y campa\u00f1as virtuales.<\/li>\n\n\n\n<li>Sistematizaci\u00f3n de los aprendizajes comunes obtenidos de manera colaborativa a trav\u00e9s de las sesiones de acompa\u00f1amiento, los encuentros virtuales y las actividades de edici\u00f3n.<\/li>\n<\/ul>\n\n\n\n<p>Estas actividades permitir\u00e1n <strong>acompa\u00f1ar a las personas forman parte de los nodos activos<\/strong> en cada ciudad,<strong> incorporar nuevas editoras <\/strong>a la red y ampliar la publicaci\u00f3n y mejora de <strong>contenidos en Wikipedia con enfoque feminista<\/strong>. Asimismo, el proyecto apoyar\u00e1 la transferencia metodol\u00f3gica que reforzar\u00e1 la red estatal feminista de conocimiento libre.<\/p>\n\n\n\n<p>M\u00e1s all\u00e1 de los contenidos generados, queremos asegurar que esta red cuenta con las capacidades necesarias para <strong>sostener en el tiempo comunidades dedicadas a la producci\u00f3n de conocimiento<\/strong> diversas, plurales y equitativas. La innovaci\u00f3n del proyecto consiste en <strong>convertir la pr\u00e1ctica acumulada en una metodolog\u00eda replicable<\/strong>.<\/p>\n\n\n<h2 class=\"wp-block-heading has-white-color has-text-color has-background has-link-color wp-elements-eab3425e8c44531195dd960fc5a81453\" style=\"background-color:#ff3131\" id=\"gtgt-editatonas-presenciales\"><strong>&gt;&gt; Editatonas presenciales<\/strong><\/h2>\n\n\n<figure class=\"wp-block-image size-large\"><img fetchpriority=\"high\" decoding=\"async\" width=\"1024\" height=\"360\" src=\"https:\/\/www.wikiesfera.org\/wp-content\/uploads\/2025\/10\/1-2-1024x360.png\" alt=\"\" class=\"wp-image-9856\" srcset=\"https:\/\/www.wikiesfera.org\/wp-content\/uploads\/2025\/10\/1-2-1024x360.png 1024w, https:\/\/www.wikiesfera.org\/wp-content\/uploads\/2025\/10\/1-2-300x105.png 300w, https:\/\/www.wikiesfera.org\/wp-content\/uploads\/2025\/10\/1-2-768x270.png 768w, https:\/\/www.wikiesfera.org\/wp-content\/uploads\/2025\/10\/1-2-1536x540.png 1536w, https:\/\/www.wikiesfera.org\/wp-content\/uploads\/2025\/10\/1-2-2048x720.png 2048w, https:\/\/www.wikiesfera.org\/wp-content\/uploads\/2025\/10\/1-2-18x6.png 18w, https:\/\/www.wikiesfera.org\/wp-content\/uploads\/2025\/10\/1-2-150x53.png 150w, https:\/\/www.wikiesfera.org\/wp-content\/uploads\/2025\/10\/1-2-400x141.png 400w\" sizes=\"(max-width: 1024px) 100vw, 1024px\" \/><\/figure>\n\n\n\n<ul class=\"wp-block-list\">\n<li><strong>Murcia<\/strong> [ WikiAlboroque ] <br>S\u00e1bado <strong>14 de marzo <\/strong>de 2026 | <em><a href=\"https:\/\/www.wikiesfera.org\/2026\/02\/20\/editatona-de-mujeres-en-murcia-14m-wikialboroque\/\" data-type=\"post\" data-id=\"11163\">Editatona de mujeres en Murcia #14M<\/a><\/em> | [ <a href=\"http:\/\/Editatona de mujeres en Murcia #14M | [WikiAlboroque]\">Cr\u00f3nica<\/a> ]<\/li>\n\n\n\n<li><strong>Asturias<\/strong> [ WikiAsturianes ]<br>S\u00e1bado <strong>25 de abril <\/strong>de 2026 | <em><a href=\"https:\/\/www.wikiesfera.org\/es\/2026\/03\/25\/editatona-de-artistas-asturianas\/\">Editatona de artistas asturianas #25A<\/a><\/em> | [ Cr\u00f3nica ]<\/li>\n\n\n\n<li><strong>Vigo<\/strong> [ Wikimorada ]<br>S\u00e1bado <strong>16 de mayo<\/strong> de 2026 |<\/li>\n\n\n\n<li><strong>Madrid<\/strong> [ Wikiesfera ]<br>S\u00e1bado <strong>6 de junio<\/strong> de 2026 |<\/li>\n\n\n\n<li><strong>Zaragoza<\/strong> [ WikiArag\u00f3n ]<br>S\u00e1bado <strong>19 de septiembre <\/strong>de 2026 |<\/li>\n\n\n\n<li><strong>Por confirmar<\/strong> [ Itinerante ]<br><strong>Octubre <\/strong>de 2026 |<\/li>\n<\/ul>\n\n\n<h2 class=\"wp-block-heading has-white-color has-text-color has-background has-link-color wp-elements-bd8a1965f65373c6dcd7ae7243cc3e02\" style=\"background-color:#ff3131\" id=\"gtgt-campanas-online-y-asincronas\"><strong><strong>&gt;&gt; Campa\u00f1as online y as\u00edncronas<\/strong><\/strong><\/h2>\n\n\n<ul class=\"wp-block-list\">\n<li><strong>Marzo<\/strong> 2026 | <em><a href=\"https:\/\/www.wikiesfera.org\/es\/2026\/02\/23\/campana-mujeres-cine\/\">Campa\u00f1a de mujeres en el cine<\/a><\/em> | [ <a href=\"https:\/\/www.wikiesfera.org\/es\/portfolio-item\/campana-de-mujeres-en-el-cine-2026\/\">Cr\u00f3nica<\/a>\u00a0]<\/li>\n\n\n\n<li><strong>Junio<\/strong> 2026 | <em>Campa\u00f1a de lesbianas relevantes<\/em><\/li>\n\n\n\n<li><strong>Septiembre<\/strong> 2026 | <em>Campa\u00f1a de obras de arte hechas por mujeres<\/em><\/li>\n<\/ul>\n\n\n<h2 class=\"wp-block-heading has-white-color has-text-color has-background has-link-color wp-elements-1e698425b2c86c104a7f3ba45d25818e\" style=\"background-color:#ff3131\" id=\"gtgt-encuentros-virtuales-de-nodos\"><strong><strong><strong>&gt;&gt; Encuentros virtuales de nodos<\/strong><\/strong><\/strong><\/h2>\n\n\n<div class=\"wp-block-columns is-layout-flex wp-container-core-columns-is-layout-9d6595d7 wp-block-columns-is-layout-flex\">\n<div class=\"wp-block-column is-layout-flow wp-block-column-is-layout-flow\">\n<ul class=\"wp-block-list\">\n<li><strong>Marzo-abril<\/strong> 2026<br>Encuentro virtual para compartir ideas, aprendizajes, necesidades y buenas pr\u00e1cticas.<\/li>\n\n\n\n<li><strong>Junio<\/strong>&#8211;<strong>septiembre<\/strong> 2026<br>Encuentro virtual para la presentaci\u00f3n del Kit Metodol\u00f3gico \u201cF\u00f3rmula Wikiesfera\u201d a los nodos.<\/li>\n<\/ul>\n<\/div>\n\n\n\n<div class=\"wp-block-column is-layout-flow wp-block-column-is-layout-flow\">\n<figure class=\"wp-block-image size-large\"><img decoding=\"async\" width=\"1024\" height=\"360\" src=\"https:\/\/www.wikiesfera.org\/wp-content\/uploads\/2026\/01\/2026-01-17_Editatona-25-aniversario_01-1024x360.png\" alt=\"\" class=\"wp-image-10798\" srcset=\"https:\/\/www.wikiesfera.org\/wp-content\/uploads\/2026\/01\/2026-01-17_Editatona-25-aniversario_01-1024x360.png 1024w, https:\/\/www.wikiesfera.org\/wp-content\/uploads\/2026\/01\/2026-01-17_Editatona-25-aniversario_01-300x105.png 300w, https:\/\/www.wikiesfera.org\/wp-content\/uploads\/2026\/01\/2026-01-17_Editatona-25-aniversario_01-768x270.png 768w, https:\/\/www.wikiesfera.org\/wp-content\/uploads\/2026\/01\/2026-01-17_Editatona-25-aniversario_01-1536x540.png 1536w, https:\/\/www.wikiesfera.org\/wp-content\/uploads\/2026\/01\/2026-01-17_Editatona-25-aniversario_01-2048x720.png 2048w, https:\/\/www.wikiesfera.org\/wp-content\/uploads\/2026\/01\/2026-01-17_Editatona-25-aniversario_01-18x6.png 18w, https:\/\/www.wikiesfera.org\/wp-content\/uploads\/2026\/01\/2026-01-17_Editatona-25-aniversario_01-150x53.png 150w, https:\/\/www.wikiesfera.org\/wp-content\/uploads\/2026\/01\/2026-01-17_Editatona-25-aniversario_01-400x141.png 400w\" sizes=\"(max-width: 1024px) 100vw, 1024px\" \/><\/figure>\n<\/div>\n<\/div>\n\n\n\n<p><\/p>\n\n\n\n<hr class=\"wp-block-separator has-alpha-channel-opacity\"\/>\n\n\n<h1 class=\"wp-block-heading\" id=\"gt-colaboran\"><strong>&gt; Colaboran<\/strong><\/h1>\n\n\n<div aria-label=\"Carousel Gallery\" class=\"wp-block-coblocks-gallery-carousel alignfull\"><div class=\"coblocks-gallery-carousel-swiper-container is-cropped coblocks-gallery has-caption-style-dark has-horizontal-gutter has-no-thumbnails\"><div class=\"has-carousel has-carousel-sml swiper-container has-aligned-cells has-responsive-height\" data-swiper=\"{&quot;alignCells&quot;:true,&quot;autoPlay&quot;:true,&quot;autoPlaySpeed&quot;:&quot;1000&quot;,&quot;draggable&quot;:false,&quot;freeMode&quot;:false,&quot;loop&quot;:true,&quot;navigation&quot;:false,&quot;pageDots&quot;:false,&quot;pauseHover&quot;:true,&quot;responsiveHeight&quot;:true,&quot;slidesPerView&quot;:5,&quot;thumbnails&quot;:false,&quot;uuid&quot;:&quot;12345&quot;}\" style=\"height:400px\"><div class=\"swiper-wrapper\"><div class=\"swiper-slide\"><div class=\"coblocks-gallery--item\" role=\"button\" tabindex=\"0\"><figure class=\"coblocks-gallery--figure has-margin-left-5 has-margin-left-mobile-5 has-margin-right-5 has-margin-right-mobile-5\"><img decoding=\"async\" width=\"400\" height=\"200\" alt=\"\" class=\"wp-image-6964\" data-id=\"6964\" data-link=\"https:\/\/www.wikiesfera.org\/46\/\" src=\"https:\/\/www.wikiesfera.org\/wp-content\/uploads\/2025\/01\/46.png\" srcset=\"https:\/\/www.wikiesfera.org\/wp-content\/uploads\/2025\/01\/46.png 400w, https:\/\/www.wikiesfera.org\/wp-content\/uploads\/2025\/01\/46-300x150.png 300w, https:\/\/www.wikiesfera.org\/wp-content\/uploads\/2025\/01\/46-150x75.png 150w\" sizes=\"(max-width: 400px) 100vw, 400px\" \/><\/figure><figcaption class=\"coblocks-gallery--caption coblocks-gallery--primary-caption\"><\/figcaption><\/div><\/div><div class=\"swiper-slide\"><div class=\"coblocks-gallery--item\" role=\"button\" tabindex=\"1\"><figure class=\"coblocks-gallery--figure has-margin-left-5 has-margin-left-mobile-5 has-margin-right-5 has-margin-right-mobile-5\"><img loading=\"lazy\" decoding=\"async\" width=\"400\" height=\"200\" alt=\"\" class=\"wp-image-6966\" data-id=\"6966\" data-link=\"https:\/\/www.wikiesfera.org\/48\/\" src=\"https:\/\/www.wikiesfera.org\/wp-content\/uploads\/2025\/01\/48.png\" srcset=\"https:\/\/www.wikiesfera.org\/wp-content\/uploads\/2025\/01\/48.png 400w, https:\/\/www.wikiesfera.org\/wp-content\/uploads\/2025\/01\/48-300x150.png 300w, https:\/\/www.wikiesfera.org\/wp-content\/uploads\/2025\/01\/48-150x75.png 150w\" sizes=\"(max-width: 400px) 100vw, 400px\" \/><\/figure><figcaption class=\"coblocks-gallery--caption coblocks-gallery--primary-caption\"><\/figcaption><\/div><\/div><div class=\"swiper-slide\"><div class=\"coblocks-gallery--item\" role=\"button\" tabindex=\"2\"><figure class=\"coblocks-gallery--figure has-margin-left-5 has-margin-left-mobile-5 has-margin-right-5 has-margin-right-mobile-5\"><img loading=\"lazy\" decoding=\"async\" width=\"400\" height=\"200\" alt=\"\" class=\"wp-image-11223\" data-id=\"11223\" data-link=\"https:\/\/www.wikiesfera.org\/genero\/1-13\/\" src=\"https:\/\/www.wikiesfera.org\/wp-content\/uploads\/2026\/02\/1.png\" srcset=\"https:\/\/www.wikiesfera.org\/wp-content\/uploads\/2026\/02\/1.png 400w, https:\/\/www.wikiesfera.org\/wp-content\/uploads\/2026\/02\/1-300x150.png 300w, https:\/\/www.wikiesfera.org\/wp-content\/uploads\/2026\/02\/1-18x9.png 18w, https:\/\/www.wikiesfera.org\/wp-content\/uploads\/2026\/02\/1-150x75.png 150w\" sizes=\"(max-width: 400px) 100vw, 400px\" \/><\/figure><figcaption class=\"coblocks-gallery--caption coblocks-gallery--primary-caption\"><\/figcaption><\/div><\/div><div class=\"swiper-slide\"><div class=\"coblocks-gallery--item\" role=\"button\" tabindex=\"3\"><figure class=\"coblocks-gallery--figure has-margin-left-5 has-margin-left-mobile-5 has-margin-right-5 has-margin-right-mobile-5\"><img loading=\"lazy\" decoding=\"async\" width=\"400\" height=\"200\" alt=\"\" class=\"wp-image-6993\" data-id=\"6993\" data-link=\"https:\/\/www.wikiesfera.org\/75\/\" src=\"https:\/\/www.wikiesfera.org\/wp-content\/uploads\/2025\/01\/75.png\" srcset=\"https:\/\/www.wikiesfera.org\/wp-content\/uploads\/2025\/01\/75.png 400w, https:\/\/www.wikiesfera.org\/wp-content\/uploads\/2025\/01\/75-300x150.png 300w, https:\/\/www.wikiesfera.org\/wp-content\/uploads\/2025\/01\/75-150x75.png 150w\" sizes=\"(max-width: 400px) 100vw, 400px\" \/><\/figure><figcaption class=\"coblocks-gallery--caption coblocks-gallery--primary-caption\"><\/figcaption><\/div><\/div><div class=\"swiper-slide\"><div class=\"coblocks-gallery--item\" role=\"button\" tabindex=\"4\"><figure class=\"coblocks-gallery--figure has-margin-left-5 has-margin-left-mobile-5 has-margin-right-5 has-margin-right-mobile-5\"><img loading=\"lazy\" decoding=\"async\" width=\"400\" height=\"200\" alt=\"\" class=\"wp-image-6953\" data-id=\"6953\" data-link=\"https:\/\/www.wikiesfera.org\/35\/\" src=\"https:\/\/www.wikiesfera.org\/wp-content\/uploads\/2025\/01\/35.png\" srcset=\"https:\/\/www.wikiesfera.org\/wp-content\/uploads\/2025\/01\/35.png 400w, https:\/\/www.wikiesfera.org\/wp-content\/uploads\/2025\/01\/35-300x150.png 300w, https:\/\/www.wikiesfera.org\/wp-content\/uploads\/2025\/01\/35-150x75.png 150w\" sizes=\"(max-width: 400px) 100vw, 400px\" \/><\/figure><figcaption class=\"coblocks-gallery--caption coblocks-gallery--primary-caption\"><\/figcaption><\/div><\/div><div class=\"swiper-slide\"><div class=\"coblocks-gallery--item\" role=\"button\" tabindex=\"5\"><figure class=\"coblocks-gallery--figure has-margin-left-5 has-margin-left-mobile-5 has-margin-right-5 has-margin-right-mobile-5\"><img loading=\"lazy\" decoding=\"async\" width=\"400\" height=\"200\" alt=\"\" class=\"wp-image-6954\" data-id=\"6954\" data-link=\"https:\/\/www.wikiesfera.org\/36\/\" src=\"https:\/\/www.wikiesfera.org\/wp-content\/uploads\/2025\/01\/36.png\" srcset=\"https:\/\/www.wikiesfera.org\/wp-content\/uploads\/2025\/01\/36.png 400w, https:\/\/www.wikiesfera.org\/wp-content\/uploads\/2025\/01\/36-300x150.png 300w, https:\/\/www.wikiesfera.org\/wp-content\/uploads\/2025\/01\/36-150x75.png 150w\" sizes=\"(max-width: 400px) 100vw, 400px\" \/><\/figure><figcaption class=\"coblocks-gallery--caption coblocks-gallery--primary-caption\"><\/figcaption><\/div><\/div><div class=\"swiper-slide\"><div class=\"coblocks-gallery--item\" role=\"button\" tabindex=\"6\"><figure class=\"coblocks-gallery--figure has-margin-left-5 has-margin-left-mobile-5 has-margin-right-5 has-margin-right-mobile-5\"><img loading=\"lazy\" decoding=\"async\" width=\"400\" height=\"200\" alt=\"\" class=\"wp-image-6955\" data-id=\"6955\" data-link=\"https:\/\/www.wikiesfera.org\/37\/\" src=\"https:\/\/www.wikiesfera.org\/wp-content\/uploads\/2025\/01\/37.png\" srcset=\"https:\/\/www.wikiesfera.org\/wp-content\/uploads\/2025\/01\/37.png 400w, https:\/\/www.wikiesfera.org\/wp-content\/uploads\/2025\/01\/37-300x150.png 300w, https:\/\/www.wikiesfera.org\/wp-content\/uploads\/2025\/01\/37-150x75.png 150w\" sizes=\"(max-width: 400px) 100vw, 400px\" \/><\/figure><figcaption class=\"coblocks-gallery--caption coblocks-gallery--primary-caption\"><\/figcaption><\/div><\/div><div class=\"swiper-slide\"><div class=\"coblocks-gallery--item\" role=\"button\" tabindex=\"7\"><figure class=\"coblocks-gallery--figure has-margin-left-5 has-margin-left-mobile-5 has-margin-right-5 has-margin-right-mobile-5\"><img loading=\"lazy\" decoding=\"async\" width=\"400\" height=\"200\" alt=\"\" class=\"wp-image-6977\" data-id=\"6977\" data-link=\"https:\/\/www.wikiesfera.org\/59\/\" src=\"https:\/\/www.wikiesfera.org\/wp-content\/uploads\/2025\/01\/59.png\" srcset=\"https:\/\/www.wikiesfera.org\/wp-content\/uploads\/2025\/01\/59.png 400w, https:\/\/www.wikiesfera.org\/wp-content\/uploads\/2025\/01\/59-300x150.png 300w, https:\/\/www.wikiesfera.org\/wp-content\/uploads\/2025\/01\/59-150x75.png 150w\" sizes=\"(max-width: 400px) 100vw, 400px\" \/><\/figure><figcaption class=\"coblocks-gallery--caption coblocks-gallery--primary-caption\"><\/figcaption><\/div><\/div><\/div><\/div><\/div><\/div>\n\n\n\n<p><\/p>\n\n\n\n<hr class=\"wp-block-separator has-alpha-channel-opacity\"\/>\n\n\n<h1 class=\"wp-block-heading\" id=\"gt-financian\"><strong>&gt; Financian<\/strong><\/h1>\n\n\n<div class=\"wp-block-columns are-vertically-aligned-center is-layout-flex wp-container-core-columns-is-layout-9d6595d7 wp-block-columns-is-layout-flex\">\n<div class=\"wp-block-column is-vertically-aligned-center is-layout-flow wp-block-column-is-layout-flow\"><div class=\"wp-block-image\">\n<figure class=\"alignleft size-large\"><img loading=\"lazy\" decoding=\"async\" width=\"1024\" height=\"217\" src=\"https:\/\/www.wikiesfera.org\/wp-content\/uploads\/2026\/02\/Copia-de-logotipo-color-min-1024x217.jpg\" alt=\"\" class=\"wp-image-11060\" srcset=\"https:\/\/www.wikiesfera.org\/wp-content\/uploads\/2026\/02\/Copia-de-logotipo-color-min-1024x217.jpg 1024w, https:\/\/www.wikiesfera.org\/wp-content\/uploads\/2026\/02\/Copia-de-logotipo-color-min-300x64.jpg 300w, https:\/\/www.wikiesfera.org\/wp-content\/uploads\/2026\/02\/Copia-de-logotipo-color-min-768x163.jpg 768w, https:\/\/www.wikiesfera.org\/wp-content\/uploads\/2026\/02\/Copia-de-logotipo-color-min-1536x326.jpg 1536w, https:\/\/www.wikiesfera.org\/wp-content\/uploads\/2026\/02\/Copia-de-logotipo-color-min-2048x435.jpg 2048w, https:\/\/www.wikiesfera.org\/wp-content\/uploads\/2026\/02\/Copia-de-logotipo-color-min-18x4.jpg 18w, https:\/\/www.wikiesfera.org\/wp-content\/uploads\/2026\/02\/Copia-de-logotipo-color-min-150x32.jpg 150w, https:\/\/www.wikiesfera.org\/wp-content\/uploads\/2026\/02\/Copia-de-logotipo-color-min-400x85.jpg 400w\" sizes=\"(max-width: 1024px) 100vw, 1024px\" \/><\/figure><\/div><\/div>\n\n\n\n<div class=\"wp-block-column is-layout-flow wp-block-column-is-layout-flow\"><div class=\"wp-block-image\">\n<figure class=\"alignleft size-large\"><img loading=\"lazy\" decoding=\"async\" width=\"1024\" height=\"238\" src=\"https:\/\/www.wikiesfera.org\/wp-content\/uploads\/2018\/04\/Wikimedia_Foundation_logo_-_horizontal.svg_-1024x238.png\" alt=\"\" class=\"wp-image-1036\" srcset=\"https:\/\/www.wikiesfera.org\/wp-content\/uploads\/2018\/04\/Wikimedia_Foundation_logo_-_horizontal.svg_-1024x238.png 1024w, https:\/\/www.wikiesfera.org\/wp-content\/uploads\/2018\/04\/Wikimedia_Foundation_logo_-_horizontal.svg_-300x70.png 300w, https:\/\/www.wikiesfera.org\/wp-content\/uploads\/2018\/04\/Wikimedia_Foundation_logo_-_horizontal.svg_-768x179.png 768w, https:\/\/www.wikiesfera.org\/wp-content\/uploads\/2018\/04\/Wikimedia_Foundation_logo_-_horizontal.svg_-150x35.png 150w, https:\/\/www.wikiesfera.org\/wp-content\/uploads\/2018\/04\/Wikimedia_Foundation_logo_-_horizontal.svg_-400x93.png 400w, https:\/\/www.wikiesfera.org\/wp-content\/uploads\/2018\/04\/Wikimedia_Foundation_logo_-_horizontal.svg_.png 2000w\" sizes=\"(max-width: 1024px) 100vw, 1024px\" \/><\/figure><\/div><\/div>\n<\/div>\n\n\n\n<p><\/p>\n","protected":false},"excerpt":{"rendered":"<p>Un proyecto para el desarrollo de capacidades de los nodos territoriales de Wikiesfera financiado por el Ministerio de Cultura Wikiesfera impulsa desde 2015 una red de comunidades feministas que trabajan para reducir la brecha de g\u00e9nero en Wikipedia y favorecer la producci\u00f3n de conocimiento libre desde una perspectiva interseccional. Entre 2025 y 2026 consolidar\u00e1 la [&hellip;]<\/p>\n","protected":false},"author":1,"featured_media":11143,"parent":0,"menu_order":0,"comment_status":"closed","ping_status":"closed","template":"templates\/fullwidth.php","meta":{"_coblocks_attr":"","_coblocks_dimensions":"","_coblocks_responsive_height":"","_coblocks_accordion_ie_support":"","footnotes":""},"class_list":["post-11057","page","type-page","status-publish","has-post-thumbnail","hentry","page-entry","loop-entry clr"],"_links":{"self":[{"href":"https:\/\/www.wikiesfera.org\/es\/wp-json\/wp\/v2\/pages\/11057","targetHints":{"allow":["GET"]}}],"collection":[{"href":"https:\/\/www.wikiesfera.org\/es\/wp-json\/wp\/v2\/pages"}],"about":[{"href":"https:\/\/www.wikiesfera.org\/es\/wp-json\/wp\/v2\/types\/page"}],"author":[{"embeddable":true,"href":"https:\/\/www.wikiesfera.org\/es\/wp-json\/wp\/v2\/users\/1"}],"replies":[{"embeddable":true,"href":"https:\/\/www.wikiesfera.org\/es\/wp-json\/wp\/v2\/comments?post=11057"}],"version-history":[{"count":50,"href":"https:\/\/www.wikiesfera.org\/es\/wp-json\/wp\/v2\/pages\/11057\/revisions"}],"predecessor-version":[{"id":11800,"href":"https:\/\/www.wikiesfera.org\/es\/wp-json\/wp\/v2\/pages\/11057\/revisions\/11800"}],"wp:featuredmedia":[{"embeddable":true,"href":"https:\/\/www.wikiesfera.org\/es\/wp-json\/wp\/v2\/media\/11143"}],"wp:attachment":[{"href":"https:\/\/www.wikiesfera.org\/es\/wp-json\/wp\/v2\/media?parent=11057"}],"curies":[{"name":"wp","href":"https:\/\/api.w.org\/{rel}","templated":true}]}}