{"id":10932,"date":"2026-01-26T14:10:14","date_gmt":"2026-01-26T14:10:14","guid":{"rendered":"https:\/\/www.wikiesfera.org\/?page_id=10932"},"modified":"2026-01-27T20:24:59","modified_gmt":"2026-01-27T20:24:59","slug":"consejo-de-sabias","status":"publish","type":"page","link":"https:\/\/www.wikiesfera.org\/es\/consejo-de-sabias\/","title":{"rendered":"Consejo de Sabias"},"content":{"rendered":"\n<p>El Consejo de Sabias es un <strong>\u00f3rgano de gobernanza de Wikiesfera<\/strong> <strong>que sirve de acompa\u00f1amiento estrat\u00e9gico al equipo core y para rendir cuentas a nuestra comunidad de mujeres<\/strong>. Dicho Consejo est\u00e1 formado por entre 12 y 16 mujeres, con una dilatada trayectoria en m\u00faltiples sectores y con experiencia editando Wikipedia, que han decidido aportar su extraordinaria experiencia vital para apoyar a Wikiesfera. La pertenencia al Consejo de Sabias es <strong>voluntaria y desinteresada<\/strong>, y se rige por la normativa interna vigente en cada momento.<\/p>\n\n\n\n<p>Este Consejo <strong>participa en las asambleas generales, recibe, revisa y aprueba los informes de actividades, estrat\u00e9gicos y econ\u00f3micos<\/strong>, y en definitiva realiza una labor de supervisi\u00f3n, acompa\u00f1amiento y asesoramiento al equipo core de Wikiesfera.<\/p>\n\n\n\n<p><\/p>\n","protected":false},"excerpt":{"rendered":"<p>El Consejo de Sabias es un \u00f3rgano de gobernanza de Wikiesfera que sirve de acompa\u00f1amiento estrat\u00e9gico al equipo core y para rendir cuentas a nuestra comunidad de mujeres. Dicho Consejo est\u00e1 formado por entre 12 y 16 mujeres, con una dilatada trayectoria en m\u00faltiples sectores y con experiencia editando Wikipedia, que han decidido aportar su [&hellip;]<\/p>\n","protected":false},"author":7,"featured_media":0,"parent":0,"menu_order":0,"comment_status":"closed","ping_status":"closed","template":"templates\/fullwidth.php","meta":{"_coblocks_attr":"","_coblocks_dimensions":"","_coblocks_responsive_height":"","_coblocks_accordion_ie_support":"","footnotes":""},"class_list":["post-10932","page","type-page","status-publish","hentry","page-entry","loop-entry clr"],"_links":{"self":[{"href":"https:\/\/www.wikiesfera.org\/es\/wp-json\/wp\/v2\/pages\/10932","targetHints":{"allow":["GET"]}}],"collection":[{"href":"https:\/\/www.wikiesfera.org\/es\/wp-json\/wp\/v2\/pages"}],"about":[{"href":"https:\/\/www.wikiesfera.org\/es\/wp-json\/wp\/v2\/types\/page"}],"author":[{"embeddable":true,"href":"https:\/\/www.wikiesfera.org\/es\/wp-json\/wp\/v2\/users\/7"}],"replies":[{"embeddable":true,"href":"https:\/\/www.wikiesfera.org\/es\/wp-json\/wp\/v2\/comments?post=10932"}],"version-history":[{"count":2,"href":"https:\/\/www.wikiesfera.org\/es\/wp-json\/wp\/v2\/pages\/10932\/revisions"}],"predecessor-version":[{"id":10935,"href":"https:\/\/www.wikiesfera.org\/es\/wp-json\/wp\/v2\/pages\/10932\/revisions\/10935"}],"wp:attachment":[{"href":"https:\/\/www.wikiesfera.org\/es\/wp-json\/wp\/v2\/media?parent=10932"}],"curies":[{"name":"wp","href":"https:\/\/api.w.org\/{rel}","templated":true}]}}