{"id":10160,"date":"2025-12-02T14:26:00","date_gmt":"2025-12-02T14:26:00","guid":{"rendered":"https:\/\/www.wikiesfera.org\/?page_id=10160"},"modified":"2026-04-03T15:58:34","modified_gmt":"2026-04-03T15:58:34","slug":"museos","status":"publish","type":"page","link":"https:\/\/www.wikiesfera.org\/es\/museos\/","title":{"rendered":"Museos"},"content":{"rendered":"\n<p>En&nbsp;Wikiesfera&nbsp;trabajamos con los&nbsp;<strong>museos como aliados estrat\u00e9gicos<\/strong>&nbsp;<strong>para llevar el patrimonio cultural al entorno digital <\/strong>y garantizar que la memoria de las mujeres forme parte del conocimiento libre. A trav\u00e9s de la edici\u00f3n en Wikipedia, conectamos colecciones, investigaci\u00f3n y participaci\u00f3n ciudadana para ampliar el acceso a la cultura desde una mirada abierta, colaborativa y con perspectiva de g\u00e9nero.<\/p>\n\n\n\n<p>A trav\u00e9s de nuestras editatonas en museos, <strong>desde 2024\u00a0impulsamos la visibilizaci\u00f3n de mujeres y patrimonio cultural en Wikipedia<\/strong> en colaboraci\u00f3n con instituciones de referencia como el\u00a0<strong><a href=\"https:\/\/es.wikipedia.org\/wiki\/Museo_Nacional_de_Artes_Decorativas\">Museo Nacional de Artes Decorativas<\/a><\/strong>, el\u00a0<strong><a href=\"https:\/\/es.wikipedia.org\/wiki\/Museo_del_Traje_(Madrid)\">Museo del Traje<\/a><\/strong>, el\u00a0<strong><a href=\"https:\/\/es.wikipedia.org\/wiki\/Museo_Sefard\u00ed\">Museo Sefard\u00ed de Toledo<\/a><\/strong> y la <strong>Subdirecci\u00f3n General de Museos Estatales<\/strong>, todos dependientes del <a href=\"https:\/\/es.wikipedia.org\/wiki\/Ministerio_de_Cultura_(Espa\u00f1a)\"><strong>Ministerio de Cultura de Espa\u00f1a<\/strong><\/a>. En estos encuentros trabajamos junto a la ciudadan\u00eda, personal de los museos y comunidad de editoras en la creaci\u00f3n, traducci\u00f3n y mejora de art\u00edculos sobre mujeres artistas, dise\u00f1adoras, modistas, creadoras, investigadoras, figuras hist\u00f3ricas vinculadas a las artes decorativas, la moda y la cultura sefard\u00ed; as\u00ed como de obras de arte hechas por mujeres.<\/p>\n\n\n\n<p>Desde&nbsp;Wikiesfera&nbsp;seguiremos tejiendo redes con instituciones muse\u00edsticas para que las voces de las mujeres, la herencia cultural y las colecciones lleguen a m\u00e1s personas a trav\u00e9s de Wikipedia y los proyectos Wikimedia.<\/p>\n\n\n\n<hr class=\"wp-block-separator has-alpha-channel-opacity\"\/>\n\n\n<h1 class=\"wp-block-heading\" id=\"gt-ediciones\"><strong>&gt; Ediciones<\/strong><\/h1>\n\n<h3 class=\"wp-block-heading\" id=\"gtgt-editatonas\"><strong>&gt;&gt; Editatonas<\/strong><\/h3>\n\n\n<ul class=\"wp-block-list\">\n<li>Jueves 3 de octubre de 2024<br><strong><a href=\"https:\/\/www.wikiesfera.org\/es\/portfolio-item\/editatona-de-mujeres-en-las-artes-decorativas\/\">Editatona de mujeres en las Artes Decorativas<\/a><\/strong>&nbsp;| <strong>Museo de Artes Decorativas<\/strong> | Madrid<\/li>\n\n\n\n<li>S\u00e1bado 22 de febrero de 2025<br><strong><a href=\"https:\/\/www.wikiesfera.org\/es\/portfolio-item\/editatona-del-museo-del-traje-22f\/\">Editatona del Museo del Traje #22F<\/a><\/strong> | <strong>Museo del Traje<\/strong> | Madrid<\/li>\n\n\n\n<li>S\u00e1bado 15 de marzo de 2025<br><strong><a href=\"https:\/\/www.wikiesfera.org\/es\/portfolio-item\/editatona-de-mujeres-sefardies\/\">Editatona de mujeres sefard\u00edes #15M<\/a> <\/strong>| <strong>Museo Sefard\u00ed<\/strong> | Toledo<\/li>\n\n\n\n<li>Mi\u00e9rcoles 18 de marzo de 2025<br><strong><a href=\"https:\/\/www.wikiesfera.org\/es\/portfolio-item\/las-que-faltaban-mujeres-y-museos-memoria-y-presente-18m\/\">Las que faltaban. Mujeres y museos, memoria y presente. #18M<\/a><\/strong> | <strong>Subdirecci\u00f3n General de Museos Estatales<\/strong> | Madrid<\/li>\n<\/ul>\n\n\n\n<p><\/p>\n\n\n\n<hr class=\"wp-block-separator has-alpha-channel-opacity\"\/>\n\n\n<h1 class=\"wp-block-heading\" id=\"gt-resultados\"><strong>&gt; Resultados<\/strong><\/h1>\n\n\n<div class=\"wp-block-columns is-layout-flex wp-container-core-columns-is-layout-9d6595d7 wp-block-columns-is-layout-flex\">\n<div class=\"wp-block-column is-layout-flow wp-block-column-is-layout-flow\">\n<p class=\"has-text-align-center has-black-color has-blush-light-purple-gradient-background has-text-color has-background has-link-color wp-elements-3ed4e1705a5c16f09624daf3c88ef81e\"><strong>ACTIVIDADES<\/strong><\/p>\n\n\n\n<p class=\"has-text-align-center has-white-background-color has-background\"><strong>4 editatonas<\/strong><\/p>\n\n\n\n<p class=\"has-text-align-center has-white-background-color has-background\">[ presenciales en museos ]<\/p>\n<\/div>\n\n\n\n<div class=\"wp-block-column is-layout-flow wp-block-column-is-layout-flow\">\n<p class=\"has-text-align-center has-black-color has-blush-light-purple-gradient-background has-text-color has-background has-link-color wp-elements-1dbd0dbc14cd52e2e367e9f5b2c047e9\"><strong>PARTICIPACI\u00d3N<\/strong><\/p>\n\n\n\n<p class=\"has-text-align-center has-white-background-color has-background\"><strong>62 personas<\/strong><\/p>\n\n\n\n<p class=\"has-text-align-center has-white-background-color has-background\">[ 98% mujeres ]<\/p>\n<\/div>\n\n\n\n<div class=\"wp-block-column is-layout-flow wp-block-column-is-layout-flow\">\n<p class=\"has-text-align-center has-black-color has-blush-light-purple-gradient-background has-text-color has-background has-link-color wp-elements-664c2848be9c19c38e485ca31ce7d305\"><strong>PUBLICACI\u00d3N<\/strong><\/p>\n\n\n\n<p class=\"has-text-align-center has-white-background-color has-background\"><strong>63 art\u00edculos<\/strong><\/p>\n\n\n\n<p class=\"has-text-align-center has-white-background-color has-background\">[ 41 creaci\u00f3n + 22 traducci\u00f3n ]<\/p>\n<\/div>\n<\/div>\n\n\n\n<hr class=\"wp-block-separator has-alpha-channel-opacity\"\/>\n\n\n<h1 class=\"wp-block-heading\" id=\"gt-galeria\"><strong>&gt; Galer\u00eda<\/strong><\/h1>\n\n\n<div class=\"wp-block-columns is-layout-flex wp-container-core-columns-is-layout-9d6595d7 wp-block-columns-is-layout-flex\">\n<div class=\"wp-block-column is-layout-flow wp-block-column-is-layout-flow\">\n<figure class=\"wp-block-image size-large\"><img fetchpriority=\"high\" decoding=\"async\" width=\"1024\" height=\"360\" src=\"https:\/\/www.wikiesfera.org\/wp-content\/uploads\/2024\/10\/editatona-artes-decorativas-02-1024x360.jpg\" alt=\"\" class=\"wp-image-6086\" srcset=\"https:\/\/www.wikiesfera.org\/wp-content\/uploads\/2024\/10\/editatona-artes-decorativas-02-1024x360.jpg 1024w, https:\/\/www.wikiesfera.org\/wp-content\/uploads\/2024\/10\/editatona-artes-decorativas-02-300x105.jpg 300w, https:\/\/www.wikiesfera.org\/wp-content\/uploads\/2024\/10\/editatona-artes-decorativas-02-768x270.jpg 768w, https:\/\/www.wikiesfera.org\/wp-content\/uploads\/2024\/10\/editatona-artes-decorativas-02-1536x540.jpg 1536w, https:\/\/www.wikiesfera.org\/wp-content\/uploads\/2024\/10\/editatona-artes-decorativas-02-2048x720.jpg 2048w, https:\/\/www.wikiesfera.org\/wp-content\/uploads\/2024\/10\/editatona-artes-decorativas-02-150x53.jpg 150w, https:\/\/www.wikiesfera.org\/wp-content\/uploads\/2024\/10\/editatona-artes-decorativas-02-400x141.jpg 400w\" sizes=\"(max-width: 1024px) 100vw, 1024px\" \/><\/figure>\n<\/div>\n\n\n\n<div class=\"wp-block-column is-layout-flow wp-block-column-is-layout-flow\">\n<figure class=\"wp-block-image size-large\"><img decoding=\"async\" width=\"1024\" height=\"360\" src=\"https:\/\/www.wikiesfera.org\/wp-content\/uploads\/2025\/02\/editatona-traje_01-1024x360.png\" alt=\"\" class=\"wp-image-8043\" srcset=\"https:\/\/www.wikiesfera.org\/wp-content\/uploads\/2025\/02\/editatona-traje_01-1024x360.png 1024w, https:\/\/www.wikiesfera.org\/wp-content\/uploads\/2025\/02\/editatona-traje_01-300x105.png 300w, https:\/\/www.wikiesfera.org\/wp-content\/uploads\/2025\/02\/editatona-traje_01-768x270.png 768w, https:\/\/www.wikiesfera.org\/wp-content\/uploads\/2025\/02\/editatona-traje_01-1536x540.png 1536w, https:\/\/www.wikiesfera.org\/wp-content\/uploads\/2025\/02\/editatona-traje_01-2048x720.png 2048w, https:\/\/www.wikiesfera.org\/wp-content\/uploads\/2025\/02\/editatona-traje_01-18x6.png 18w, https:\/\/www.wikiesfera.org\/wp-content\/uploads\/2025\/02\/editatona-traje_01-150x53.png 150w, https:\/\/www.wikiesfera.org\/wp-content\/uploads\/2025\/02\/editatona-traje_01-400x141.png 400w\" sizes=\"(max-width: 1024px) 100vw, 1024px\" \/><\/figure>\n<\/div>\n<\/div>\n\n\n\n<p><\/p>\n\n\n\n<div class=\"wp-block-columns is-layout-flex wp-container-core-columns-is-layout-9d6595d7 wp-block-columns-is-layout-flex\">\n<div class=\"wp-block-column is-layout-flow wp-block-column-is-layout-flow\">\n<figure class=\"wp-block-image size-large\"><img decoding=\"async\" width=\"1024\" height=\"360\" src=\"https:\/\/www.wikiesfera.org\/wp-content\/uploads\/2026\/03\/Cabecera-cronicas-FOTOS-1-1024x360.jpg\" alt=\"\" class=\"wp-image-11645\" srcset=\"https:\/\/www.wikiesfera.org\/wp-content\/uploads\/2026\/03\/Cabecera-cronicas-FOTOS-1-1024x360.jpg 1024w, https:\/\/www.wikiesfera.org\/wp-content\/uploads\/2026\/03\/Cabecera-cronicas-FOTOS-1-300x105.jpg 300w, https:\/\/www.wikiesfera.org\/wp-content\/uploads\/2026\/03\/Cabecera-cronicas-FOTOS-1-768x270.jpg 768w, https:\/\/www.wikiesfera.org\/wp-content\/uploads\/2026\/03\/Cabecera-cronicas-FOTOS-1-1536x540.jpg 1536w, https:\/\/www.wikiesfera.org\/wp-content\/uploads\/2026\/03\/Cabecera-cronicas-FOTOS-1-2048x720.jpg 2048w, https:\/\/www.wikiesfera.org\/wp-content\/uploads\/2026\/03\/Cabecera-cronicas-FOTOS-1-18x6.jpg 18w, https:\/\/www.wikiesfera.org\/wp-content\/uploads\/2026\/03\/Cabecera-cronicas-FOTOS-1-150x53.jpg 150w, https:\/\/www.wikiesfera.org\/wp-content\/uploads\/2026\/03\/Cabecera-cronicas-FOTOS-1-400x141.jpg 400w\" sizes=\"(max-width: 1024px) 100vw, 1024px\" \/><\/figure>\n<\/div>\n\n\n\n<div class=\"wp-block-column is-layout-flow wp-block-column-is-layout-flow\">\n<figure class=\"wp-block-image size-large\"><img loading=\"lazy\" decoding=\"async\" width=\"1024\" height=\"360\" src=\"https:\/\/www.wikiesfera.org\/wp-content\/uploads\/2025\/02\/editatona-traje_02-1024x360.png\" alt=\"\" class=\"wp-image-8044\" srcset=\"https:\/\/www.wikiesfera.org\/wp-content\/uploads\/2025\/02\/editatona-traje_02-1024x360.png 1024w, https:\/\/www.wikiesfera.org\/wp-content\/uploads\/2025\/02\/editatona-traje_02-300x105.png 300w, https:\/\/www.wikiesfera.org\/wp-content\/uploads\/2025\/02\/editatona-traje_02-768x270.png 768w, https:\/\/www.wikiesfera.org\/wp-content\/uploads\/2025\/02\/editatona-traje_02-1536x540.png 1536w, https:\/\/www.wikiesfera.org\/wp-content\/uploads\/2025\/02\/editatona-traje_02-2048x720.png 2048w, https:\/\/www.wikiesfera.org\/wp-content\/uploads\/2025\/02\/editatona-traje_02-18x6.png 18w, https:\/\/www.wikiesfera.org\/wp-content\/uploads\/2025\/02\/editatona-traje_02-150x53.png 150w, https:\/\/www.wikiesfera.org\/wp-content\/uploads\/2025\/02\/editatona-traje_02-400x141.png 400w\" sizes=\"(max-width: 1024px) 100vw, 1024px\" \/><\/figure>\n<\/div>\n<\/div>\n\n\n\n<div class=\"wp-block-columns is-layout-flex wp-container-core-columns-is-layout-9d6595d7 wp-block-columns-is-layout-flex\">\n<div class=\"wp-block-column is-layout-flow wp-block-column-is-layout-flow\"><\/div>\n\n\n\n<div class=\"wp-block-column is-layout-flow wp-block-column-is-layout-flow\"><\/div>\n<\/div>\n\n\n\n<hr class=\"wp-block-separator has-alpha-channel-opacity\"\/>\n\n\n<h1 class=\"wp-block-heading\" id=\"gt-colabora\"><strong>&gt; Colabora<\/strong><\/h1>\n\n\n<div class=\"wp-block-columns is-layout-flex wp-container-core-columns-is-layout-9d6595d7 wp-block-columns-is-layout-flex\">\n<div class=\"wp-block-column is-layout-flow wp-block-column-is-layout-flow\"><div class=\"wp-block-image\">\n<figure class=\"alignleft size-full is-resized\"><img loading=\"lazy\" decoding=\"async\" width=\"2000\" height=\"465\" src=\"http:\/\/www.wikiesfera.org\/wp-content\/uploads\/2018\/04\/Wikimedia_Foundation_logo_-_horizontal.svg_.png\" alt=\"\" class=\"wp-image-1036\" style=\"width:198px;height:auto\" srcset=\"https:\/\/www.wikiesfera.org\/wp-content\/uploads\/2018\/04\/Wikimedia_Foundation_logo_-_horizontal.svg_.png 2000w, https:\/\/www.wikiesfera.org\/wp-content\/uploads\/2018\/04\/Wikimedia_Foundation_logo_-_horizontal.svg_-300x70.png 300w, https:\/\/www.wikiesfera.org\/wp-content\/uploads\/2018\/04\/Wikimedia_Foundation_logo_-_horizontal.svg_-768x179.png 768w, https:\/\/www.wikiesfera.org\/wp-content\/uploads\/2018\/04\/Wikimedia_Foundation_logo_-_horizontal.svg_-1024x238.png 1024w, https:\/\/www.wikiesfera.org\/wp-content\/uploads\/2018\/04\/Wikimedia_Foundation_logo_-_horizontal.svg_-150x35.png 150w, https:\/\/www.wikiesfera.org\/wp-content\/uploads\/2018\/04\/Wikimedia_Foundation_logo_-_horizontal.svg_-400x93.png 400w\" sizes=\"(max-width: 2000px) 100vw, 2000px\" \/><\/figure><\/div><\/div>\n\n\n\n<div class=\"wp-block-column is-layout-flow wp-block-column-is-layout-flow\"><div class=\"wp-block-image\">\n<figure class=\"alignleft size-full\"><img loading=\"lazy\" decoding=\"async\" width=\"759\" height=\"243\" src=\"https:\/\/www.wikiesfera.org\/wp-content\/uploads\/2024\/09\/logo-artes-decorativas.png\" alt=\"\" class=\"wp-image-5885\" srcset=\"https:\/\/www.wikiesfera.org\/wp-content\/uploads\/2024\/09\/logo-artes-decorativas.png 759w, https:\/\/www.wikiesfera.org\/wp-content\/uploads\/2024\/09\/logo-artes-decorativas-300x96.png 300w, https:\/\/www.wikiesfera.org\/wp-content\/uploads\/2024\/09\/logo-artes-decorativas-150x48.png 150w, https:\/\/www.wikiesfera.org\/wp-content\/uploads\/2024\/09\/logo-artes-decorativas-400x128.png 400w\" sizes=\"(max-width: 759px) 100vw, 759px\" \/><\/figure><\/div><\/div>\n\n\n\n<div class=\"wp-block-column is-layout-flow wp-block-column-is-layout-flow\"><div class=\"wp-block-image\">\n<figure class=\"alignleft size-full\"><img loading=\"lazy\" decoding=\"async\" width=\"814\" height=\"306\" src=\"https:\/\/www.wikiesfera.org\/wp-content\/uploads\/2025\/03\/Logo-Museo-Sefardi_sinfondo.png\" alt=\"\" class=\"wp-image-8407\" srcset=\"https:\/\/www.wikiesfera.org\/wp-content\/uploads\/2025\/03\/Logo-Museo-Sefardi_sinfondo.png 814w, https:\/\/www.wikiesfera.org\/wp-content\/uploads\/2025\/03\/Logo-Museo-Sefardi_sinfondo-300x113.png 300w, https:\/\/www.wikiesfera.org\/wp-content\/uploads\/2025\/03\/Logo-Museo-Sefardi_sinfondo-768x289.png 768w, https:\/\/www.wikiesfera.org\/wp-content\/uploads\/2025\/03\/Logo-Museo-Sefardi_sinfondo-18x7.png 18w, https:\/\/www.wikiesfera.org\/wp-content\/uploads\/2025\/03\/Logo-Museo-Sefardi_sinfondo-150x56.png 150w, https:\/\/www.wikiesfera.org\/wp-content\/uploads\/2025\/03\/Logo-Museo-Sefardi_sinfondo-400x150.png 400w\" sizes=\"(max-width: 814px) 100vw, 814px\" \/><\/figure><\/div><\/div>\n\n\n\n<div class=\"wp-block-column is-layout-flow wp-block-column-is-layout-flow\"><div class=\"wp-block-image\">\n<figure class=\"alignleft size-full\"><img loading=\"lazy\" decoding=\"async\" width=\"500\" height=\"150\" src=\"https:\/\/www.wikiesfera.org\/wp-content\/uploads\/2025\/02\/logo-museo-traje_500x150px.png\" alt=\"\" class=\"wp-image-8047\" srcset=\"https:\/\/www.wikiesfera.org\/wp-content\/uploads\/2025\/02\/logo-museo-traje_500x150px.png 500w, https:\/\/www.wikiesfera.org\/wp-content\/uploads\/2025\/02\/logo-museo-traje_500x150px-300x90.png 300w, https:\/\/www.wikiesfera.org\/wp-content\/uploads\/2025\/02\/logo-museo-traje_500x150px-18x5.png 18w, https:\/\/www.wikiesfera.org\/wp-content\/uploads\/2025\/02\/logo-museo-traje_500x150px-150x45.png 150w, https:\/\/www.wikiesfera.org\/wp-content\/uploads\/2025\/02\/logo-museo-traje_500x150px-400x120.png 400w\" sizes=\"(max-width: 500px) 100vw, 500px\" \/><\/figure><\/div><\/div>\n<\/div>\n\n\n\n<p><\/p>\n","protected":false},"excerpt":{"rendered":"<p>En&nbsp;Wikiesfera&nbsp;trabajamos con los&nbsp;museos como aliados estrat\u00e9gicos&nbsp;para llevar el patrimonio cultural al entorno digital y garantizar que la memoria de las mujeres forme parte del conocimiento libre. A trav\u00e9s de la edici\u00f3n en Wikipedia, conectamos colecciones, investigaci\u00f3n y participaci\u00f3n ciudadana para ampliar el acceso a la cultura desde una mirada abierta, colaborativa y con perspectiva de [&hellip;]<\/p>\n","protected":false},"author":1,"featured_media":10162,"parent":0,"menu_order":0,"comment_status":"closed","ping_status":"closed","template":"templates\/fullwidth.php","meta":{"_coblocks_attr":"","_coblocks_dimensions":"","_coblocks_responsive_height":"","_coblocks_accordion_ie_support":"","footnotes":""},"class_list":["post-10160","page","type-page","status-publish","has-post-thumbnail","hentry","page-entry","loop-entry clr"],"_links":{"self":[{"href":"https:\/\/www.wikiesfera.org\/es\/wp-json\/wp\/v2\/pages\/10160","targetHints":{"allow":["GET"]}}],"collection":[{"href":"https:\/\/www.wikiesfera.org\/es\/wp-json\/wp\/v2\/pages"}],"about":[{"href":"https:\/\/www.wikiesfera.org\/es\/wp-json\/wp\/v2\/types\/page"}],"author":[{"embeddable":true,"href":"https:\/\/www.wikiesfera.org\/es\/wp-json\/wp\/v2\/users\/1"}],"replies":[{"embeddable":true,"href":"https:\/\/www.wikiesfera.org\/es\/wp-json\/wp\/v2\/comments?post=10160"}],"version-history":[{"count":12,"href":"https:\/\/www.wikiesfera.org\/es\/wp-json\/wp\/v2\/pages\/10160\/revisions"}],"predecessor-version":[{"id":11763,"href":"https:\/\/www.wikiesfera.org\/es\/wp-json\/wp\/v2\/pages\/10160\/revisions\/11763"}],"wp:featuredmedia":[{"embeddable":true,"href":"https:\/\/www.wikiesfera.org\/es\/wp-json\/wp\/v2\/media\/10162"}],"wp:attachment":[{"href":"https:\/\/www.wikiesfera.org\/es\/wp-json\/wp\/v2\/media?parent=10160"}],"curies":[{"name":"wp","href":"https:\/\/api.w.org\/{rel}","templated":true}]}}