{"id":10074,"date":"2025-11-27T16:55:43","date_gmt":"2025-11-27T16:55:43","guid":{"rendered":"https:\/\/www.wikiesfera.org\/?page_id=10074"},"modified":"2025-12-05T16:23:39","modified_gmt":"2025-12-05T16:23:39","slug":"bibliotecas","status":"publish","type":"page","link":"https:\/\/www.wikiesfera.org\/es\/bibliotecas\/","title":{"rendered":"Bibliotecas"},"content":{"rendered":"\n<p>Las <strong>bibliotecas<\/strong> son para nosotras <strong>espacios<\/strong> naturales de <strong>encuentro, aprendizaje y construcci\u00f3n colaborativa del conocimiento<\/strong>, para <strong>acercar la edici\u00f3n en Wikipedia <\/strong>a la ciudadan\u00eda, al personal bibliotecario y, especialmente, a las mujeres de los barrios.<\/p>\n\n\n\n<p>Nuestra colaboraci\u00f3n con bibliotecas se remonta al a\u00f1o <strong>2017<\/strong> cuando junto a la red de<strong> Bibliotecas P\u00fablicas Municipales (BPM) de Madrid  <\/strong>impulsamos una serie de <a href=\"https:\/\/www.wikiesfera.org\/es\/portfolio-item\/editatonas-de-mujeres-de-las-calles-de-madrid\/\"><strong>editatonas de mujeres de las calles de Madrid<\/strong><\/a>\u00a0en la BPM Ana Mar\u00eda Matute de Carabanchel,\u00a0la Miguel Delibes de Moratalaz y\u00a0la Jos\u00e9 Hierro de Canillejas-San Blas. Adem\u00e1s, realizamos un <strong>taller intensivo<\/strong> orientado al personal de bibliotecas para aprender a documentar en Wikipedia.<\/p>\n\n\n\n<p>Posteriormente, en 2022 y junto a la&nbsp;<a href=\"https:\/\/www.bibliotecaspublicas.es\/bpz\"><strong>Biblioteca P\u00fablica del Estado en Zaragoza<\/strong><\/a> (<a href=\"https:\/\/www.instagram.com\/bpezaragoza\/\">@bpezaragoza<\/a>), dedicamos una jornada presencial a visibilizar en Wikipedia los perfiles de&nbsp;<strong>bibliotecarias relevantes aragonesas<\/strong>, con la participaci\u00f3n de algunas profesionales de archivos y bibliotecas.<\/p>\n\n\n\n<div class=\"wp-block-columns is-layout-flex wp-container-core-columns-is-layout-9d6595d7 wp-block-columns-is-layout-flex\">\n<div class=\"wp-block-column is-layout-flow wp-block-column-is-layout-flow\">\n<p>En <strong>mayo de 2025<\/strong>, nuestra compa\u00f1era Encina Villanueva, la BPM San Ferm\u00edn y tres <a href=\"https:\/\/es.wikipedia.org\/wiki\/Espacios_de_Igualdad_(Madrid)\">Espacios de Igualdad del Ayuntamiento de Madrid<\/a>, el Clara Campoamor ubicado en el Distrito de Villaverde, el Juana Do\u00f1a del Distrito de Arganzuela y el Berta C\u00e1ceres del Distrito de Usera, realiz\u00f3 el<strong> <\/strong><em><strong>Taller primeros pasos en Wikipedia<\/strong><\/em>. En este encuentro se dio a conocer esta herramienta y su uso a vecinas y vecinos del barrio junto a mujeres usuarias de los Espacios de Igualdad. En octubre de este mismo a\u00f1o se repiti\u00f3 la experiencia en la BPM San Ferm\u00edn y se ampli\u00f3 la iniciativa a la BPM Jos\u00e9 Saramago, ubicada en el Barrio del Pilar.<\/p>\n<\/div>\n\n\n\n<div class=\"wp-block-column is-layout-flow wp-block-column-is-layout-flow\"><div class=\"wp-block-image is-style-default\">\n<figure class=\"aligncenter size-full is-resized\"><img fetchpriority=\"high\" decoding=\"async\" width=\"1942\" height=\"1388\" src=\"https:\/\/www.wikiesfera.org\/wp-content\/uploads\/2025\/11\/Captura-de-pantalla-2025-11-27-a-las-17.22.02.png\" alt=\"\" class=\"wp-image-10103\" style=\"width:350px\" srcset=\"https:\/\/www.wikiesfera.org\/wp-content\/uploads\/2025\/11\/Captura-de-pantalla-2025-11-27-a-las-17.22.02.png 1942w, https:\/\/www.wikiesfera.org\/wp-content\/uploads\/2025\/11\/Captura-de-pantalla-2025-11-27-a-las-17.22.02-300x214.png 300w, https:\/\/www.wikiesfera.org\/wp-content\/uploads\/2025\/11\/Captura-de-pantalla-2025-11-27-a-las-17.22.02-1024x732.png 1024w, https:\/\/www.wikiesfera.org\/wp-content\/uploads\/2025\/11\/Captura-de-pantalla-2025-11-27-a-las-17.22.02-768x549.png 768w, https:\/\/www.wikiesfera.org\/wp-content\/uploads\/2025\/11\/Captura-de-pantalla-2025-11-27-a-las-17.22.02-1536x1098.png 1536w, https:\/\/www.wikiesfera.org\/wp-content\/uploads\/2025\/11\/Captura-de-pantalla-2025-11-27-a-las-17.22.02-18x12.png 18w, https:\/\/www.wikiesfera.org\/wp-content\/uploads\/2025\/11\/Captura-de-pantalla-2025-11-27-a-las-17.22.02-150x107.png 150w, https:\/\/www.wikiesfera.org\/wp-content\/uploads\/2025\/11\/Captura-de-pantalla-2025-11-27-a-las-17.22.02-400x286.png 400w\" sizes=\"(max-width: 1942px) 100vw, 1942px\" \/><\/figure><\/div><\/div>\n<\/div>\n\n\n\n<p><\/p>\n\n\n\n<p>A estos talleres <strong>asistieron en total 29 mujeres<\/strong>, algunas han mantenido un grupo de edici\u00f3n en la biblioteca a partir de esta actividad, y otras, se han incorporado a la programaci\u00f3n habitual de Wikiesfera. Como parte de esta iniciativa, las mujeres que hab\u00edan participado en estos talleres<strong> <\/strong>fueron invitadas en noviembre, a participar en una <strong>editatona para crear art\u00edculos sobre inventoras<\/strong>, que tuvo lugar en la BPM San Ferm\u00edn.<\/p>\n\n\n\n<p>Desde Wikiesfera apostamos por mantener una estrecha relaci\u00f3n con la red de bibliotecas, generando&nbsp;<strong>sinergias que promuevan la participaci\u00f3n ciudadana en el conocimiento libre a trav\u00e9s de la edici\u00f3n en Wikipedia<\/strong>. <\/p>\n\n\n\n<hr class=\"wp-block-separator has-alpha-channel-opacity\"\/>\n\n\n<h1 class=\"wp-block-heading\" id=\"gt-ediciones\"><strong>&gt; Ediciones<\/strong><\/h1>\n\n<h3 class=\"wp-block-heading\" id=\"gtgt-editatonas\"><strong>&gt;&gt; Editatonas<\/strong><\/h3>\n\n\n<ul class=\"wp-block-list\">\n<li>Martes 24 de octubre de 2017<br><a href=\"https:\/\/wikiesfera.org\/portfolio-item\/editatonas-de-mujeres-de-las-calles-de-madrid\/\"><strong>Editatona de mujeres de las calles de Madrid<\/strong><\/a>&nbsp;| <strong>BPM Ana Mar\u00eda Matute<\/strong> | Carabanchel<\/li>\n\n\n\n<li>Mi\u00e9rcoles 22 de noviembre de 2017<br><a href=\"https:\/\/wikiesfera.org\/portfolio-item\/editatonas-de-mujeres-de-las-calles-de-madrid\/\"><strong>Editatona de mujeres de las calles de Madrid<\/strong><\/a>&nbsp;| <strong>BPM Miguel Delibes<\/strong> | Moratalaz<\/li>\n\n\n\n<li>Mi\u00e9rcoles 20 de diciembre de 2017<br><a href=\"https:\/\/wikiesfera.org\/portfolio-item\/editatonas-de-mujeres-de-las-calles-de-madrid\/\"><strong>Editatona de mujeres de las calles de Madrid<\/strong><\/a>&nbsp;| <strong>BPM Jos\u00e9 Hierro<\/strong> | Canillejas\/San Blas<\/li>\n\n\n\n<li>S\u00e1bado 5 de febrero de 2022<br><a href=\"https:\/\/www.wikiesfera.org\/es\/portfolio-item\/editatona-de-bibliotecarias-aragonesas-5f\/\"><strong>Editatona de bibliotecarias aragonesas #5F<\/strong><\/a> | <strong>Biblioteca P\u00fablica de Zaragoza<\/strong><\/li>\n\n\n\n<li>Martes 4 de noviembre de 2025<br><strong>Editatona sobre inventoras #4N<\/strong> | <strong>BPM San Ferm\u00edn<\/strong> | Usera<\/li>\n<\/ul>\n\n\n<h3 class=\"wp-block-heading\" id=\"gtgt-taller-primeros-pasos-en-wikipedia\"><strong>&gt;&gt; Taller primeros pasos en Wikipedia<\/strong><\/h3>\n\n\n<ul class=\"wp-block-list\">\n<li>Martes 6 de mayo de 2025<br><strong>BPM San Ferm\u00edn<\/strong> | Usera<br>E.I. Clara Campoamor (Villaverde), E.I. Juana Do\u00f1a (Arganzuela) y E.I. Berta C\u00e1ceres (Usera)<\/li>\n\n\n\n<li>Martes 7 de octubre de 2025<br><strong>BPM San Ferm\u00edn<\/strong> | Usera<\/li>\n\n\n\n<li>Martes 21 de octubre de 2025<br><strong>BPM Jos\u00e9 Saramago<\/strong> | Fuencarral-El Pardo<\/li>\n<\/ul>\n\n\n\n<p><\/p>\n\n\n\n<hr class=\"wp-block-separator has-alpha-channel-opacity\"\/>\n\n\n<h1 class=\"wp-block-heading\" id=\"gt-resultados\"><strong>&gt; Resultados<\/strong><\/h1>\n\n\n<div class=\"wp-block-columns is-layout-flex wp-container-core-columns-is-layout-9d6595d7 wp-block-columns-is-layout-flex\">\n<div class=\"wp-block-column is-layout-flow wp-block-column-is-layout-flow\">\n<p class=\"has-text-align-center has-black-color has-pale-cyan-blue-background-color has-text-color has-background has-link-color wp-elements-2449889c3acdd14d67e77d063972d0d7\"><strong>ACTIVIDADES<\/strong><\/p>\n\n\n\n<p class=\"has-text-align-center has-white-background-color has-background\"><strong>8 actividades<\/strong><\/p>\n\n\n\n<p class=\"has-text-align-center has-white-background-color has-background\">[ 5 editatonas + 3 talleres ]<\/p>\n<\/div>\n\n\n\n<div class=\"wp-block-column is-layout-flow wp-block-column-is-layout-flow\">\n<p class=\"has-text-align-center has-black-color has-pale-cyan-blue-background-color has-text-color has-background has-link-color wp-elements-ea9b09c75d036958b8ce2702a1827049\"><strong>PARTICIPACI\u00d3N<\/strong><\/p>\n\n\n\n<p class=\"has-text-align-center has-white-background-color has-background\"><strong>78 personas<\/strong><\/p>\n\n\n\n<p class=\"has-text-align-center has-white-background-color has-background\">[ 95% mujeres ]<\/p>\n<\/div>\n\n\n\n<div class=\"wp-block-column is-layout-flow wp-block-column-is-layout-flow\">\n<p class=\"has-text-align-center has-black-color has-pale-cyan-blue-background-color has-text-color has-background has-link-color wp-elements-890d43c8bf01a40100c63ccff7ad3211\"><strong>PUBLICACI\u00d3N<\/strong><\/p>\n\n\n\n<p class=\"has-text-align-center has-white-background-color has-background\"><strong>25 art\u00edculos<\/strong><\/p>\n\n\n\n<p class=\"has-text-align-center has-white-background-color has-background\">[ 23 creaci\u00f3n + 2 traducci\u00f3n ]<\/p>\n<\/div>\n<\/div>\n\n\n\n<hr class=\"wp-block-separator has-alpha-channel-opacity\"\/>\n\n\n<h1 class=\"wp-block-heading\" id=\"gt-galeria\"><strong>&gt; Galer\u00eda<\/strong><\/h1>\n\n\n<div class=\"wp-block-columns is-layout-flex wp-container-core-columns-is-layout-9d6595d7 wp-block-columns-is-layout-flex\">\n<div class=\"wp-block-column is-layout-flow wp-block-column-is-layout-flow\">\n<figure class=\"wp-block-image size-large\"><img decoding=\"async\" width=\"1024\" height=\"360\" src=\"https:\/\/www.wikiesfera.org\/wp-content\/uploads\/2017\/12\/cronica-editatona-bibliotecas_02-1024x360.jpg\" alt=\"\" class=\"wp-image-2563\" srcset=\"https:\/\/www.wikiesfera.org\/wp-content\/uploads\/2017\/12\/cronica-editatona-bibliotecas_02-1024x360.jpg 1024w, https:\/\/www.wikiesfera.org\/wp-content\/uploads\/2017\/12\/cronica-editatona-bibliotecas_02-300x105.jpg 300w, https:\/\/www.wikiesfera.org\/wp-content\/uploads\/2017\/12\/cronica-editatona-bibliotecas_02-768x270.jpg 768w, https:\/\/www.wikiesfera.org\/wp-content\/uploads\/2017\/12\/cronica-editatona-bibliotecas_02-150x53.jpg 150w, https:\/\/www.wikiesfera.org\/wp-content\/uploads\/2017\/12\/cronica-editatona-bibliotecas_02-400x141.jpg 400w, https:\/\/www.wikiesfera.org\/wp-content\/uploads\/2017\/12\/cronica-editatona-bibliotecas_02.jpg 1280w\" sizes=\"(max-width: 1024px) 100vw, 1024px\" \/><\/figure>\n<\/div>\n\n\n\n<div class=\"wp-block-column is-layout-flow wp-block-column-is-layout-flow\">\n<figure class=\"wp-block-image size-large\"><img decoding=\"async\" width=\"1024\" height=\"360\" src=\"https:\/\/www.wikiesfera.org\/wp-content\/uploads\/2022\/02\/editatona-bibliotecarias_01-1024x360.jpg\" alt=\"\" class=\"wp-image-2735\" srcset=\"https:\/\/www.wikiesfera.org\/wp-content\/uploads\/2022\/02\/editatona-bibliotecarias_01-1024x360.jpg 1024w, https:\/\/www.wikiesfera.org\/wp-content\/uploads\/2022\/02\/editatona-bibliotecarias_01-300x105.jpg 300w, https:\/\/www.wikiesfera.org\/wp-content\/uploads\/2022\/02\/editatona-bibliotecarias_01-768x270.jpg 768w, https:\/\/www.wikiesfera.org\/wp-content\/uploads\/2022\/02\/editatona-bibliotecarias_01-150x53.jpg 150w, https:\/\/www.wikiesfera.org\/wp-content\/uploads\/2022\/02\/editatona-bibliotecarias_01-400x141.jpg 400w, https:\/\/www.wikiesfera.org\/wp-content\/uploads\/2022\/02\/editatona-bibliotecarias_01.jpg 1280w\" sizes=\"(max-width: 1024px) 100vw, 1024px\" \/><\/figure>\n<\/div>\n<\/div>\n\n\n\n<p><\/p>\n\n\n\n<div class=\"wp-block-columns is-layout-flex wp-container-core-columns-is-layout-9d6595d7 wp-block-columns-is-layout-flex\">\n<div class=\"wp-block-column is-layout-flow wp-block-column-is-layout-flow\">\n<figure class=\"wp-block-image size-large\"><img loading=\"lazy\" decoding=\"async\" width=\"1024\" height=\"360\" src=\"https:\/\/www.wikiesfera.org\/wp-content\/uploads\/2025\/11\/82-1024x360.png\" alt=\"\" class=\"wp-image-10099\" srcset=\"https:\/\/www.wikiesfera.org\/wp-content\/uploads\/2025\/11\/82-1024x360.png 1024w, https:\/\/www.wikiesfera.org\/wp-content\/uploads\/2025\/11\/82-300x105.png 300w, https:\/\/www.wikiesfera.org\/wp-content\/uploads\/2025\/11\/82-768x270.png 768w, https:\/\/www.wikiesfera.org\/wp-content\/uploads\/2025\/11\/82-1536x540.png 1536w, https:\/\/www.wikiesfera.org\/wp-content\/uploads\/2025\/11\/82-2048x720.png 2048w, https:\/\/www.wikiesfera.org\/wp-content\/uploads\/2025\/11\/82-18x6.png 18w, https:\/\/www.wikiesfera.org\/wp-content\/uploads\/2025\/11\/82-150x53.png 150w, https:\/\/www.wikiesfera.org\/wp-content\/uploads\/2025\/11\/82-400x141.png 400w\" sizes=\"(max-width: 1024px) 100vw, 1024px\" \/><\/figure>\n<\/div>\n\n\n\n<div class=\"wp-block-column is-layout-flow wp-block-column-is-layout-flow\">\n<figure class=\"wp-block-image size-large\"><img loading=\"lazy\" decoding=\"async\" width=\"1024\" height=\"360\" src=\"https:\/\/www.wikiesfera.org\/wp-content\/uploads\/2025\/11\/83-1024x360.png\" alt=\"\" class=\"wp-image-10100\" srcset=\"https:\/\/www.wikiesfera.org\/wp-content\/uploads\/2025\/11\/83-1024x360.png 1024w, https:\/\/www.wikiesfera.org\/wp-content\/uploads\/2025\/11\/83-300x105.png 300w, https:\/\/www.wikiesfera.org\/wp-content\/uploads\/2025\/11\/83-768x270.png 768w, https:\/\/www.wikiesfera.org\/wp-content\/uploads\/2025\/11\/83-1536x540.png 1536w, https:\/\/www.wikiesfera.org\/wp-content\/uploads\/2025\/11\/83-2048x720.png 2048w, https:\/\/www.wikiesfera.org\/wp-content\/uploads\/2025\/11\/83-18x6.png 18w, https:\/\/www.wikiesfera.org\/wp-content\/uploads\/2025\/11\/83-150x53.png 150w, https:\/\/www.wikiesfera.org\/wp-content\/uploads\/2025\/11\/83-400x141.png 400w\" sizes=\"(max-width: 1024px) 100vw, 1024px\" \/><\/figure>\n<\/div>\n<\/div>\n\n\n\n<div class=\"wp-block-columns is-layout-flex wp-container-core-columns-is-layout-9d6595d7 wp-block-columns-is-layout-flex\">\n<div class=\"wp-block-column is-layout-flow wp-block-column-is-layout-flow\"><\/div>\n\n\n\n<div class=\"wp-block-column is-layout-flow wp-block-column-is-layout-flow\"><\/div>\n<\/div>\n\n\n\n<hr class=\"wp-block-separator has-alpha-channel-opacity\"\/>\n\n\n<h1 class=\"wp-block-heading\" id=\"gt-colabora\"><strong>&gt; Colabora<\/strong><\/h1>\n\n\n<div class=\"wp-block-columns is-layout-flex wp-container-core-columns-is-layout-9d6595d7 wp-block-columns-is-layout-flex\">\n<div class=\"wp-block-column is-layout-flow wp-block-column-is-layout-flow\"><div class=\"wp-block-image\">\n<figure class=\"alignleft size-full is-resized\"><img loading=\"lazy\" decoding=\"async\" width=\"2000\" height=\"465\" src=\"http:\/\/www.wikiesfera.org\/wp-content\/uploads\/2018\/04\/Wikimedia_Foundation_logo_-_horizontal.svg_.png\" alt=\"\" class=\"wp-image-1036\" style=\"width:198px;height:auto\" srcset=\"https:\/\/www.wikiesfera.org\/wp-content\/uploads\/2018\/04\/Wikimedia_Foundation_logo_-_horizontal.svg_.png 2000w, https:\/\/www.wikiesfera.org\/wp-content\/uploads\/2018\/04\/Wikimedia_Foundation_logo_-_horizontal.svg_-300x70.png 300w, https:\/\/www.wikiesfera.org\/wp-content\/uploads\/2018\/04\/Wikimedia_Foundation_logo_-_horizontal.svg_-768x179.png 768w, https:\/\/www.wikiesfera.org\/wp-content\/uploads\/2018\/04\/Wikimedia_Foundation_logo_-_horizontal.svg_-1024x238.png 1024w, https:\/\/www.wikiesfera.org\/wp-content\/uploads\/2018\/04\/Wikimedia_Foundation_logo_-_horizontal.svg_-150x35.png 150w, https:\/\/www.wikiesfera.org\/wp-content\/uploads\/2018\/04\/Wikimedia_Foundation_logo_-_horizontal.svg_-400x93.png 400w\" sizes=\"(max-width: 2000px) 100vw, 2000px\" \/><\/figure><\/div><\/div>\n\n\n\n<div class=\"wp-block-column is-layout-flow wp-block-column-is-layout-flow\"><div class=\"wp-block-image\">\n<figure class=\"alignleft size-full\"><img loading=\"lazy\" decoding=\"async\" width=\"586\" height=\"156\" src=\"https:\/\/www.wikiesfera.org\/wp-content\/uploads\/2017\/12\/bibliotecas-pu\u0301blicas-municipales-negro.png.png\" alt=\"\" class=\"wp-image-2857\" srcset=\"https:\/\/www.wikiesfera.org\/wp-content\/uploads\/2017\/12\/bibliotecas-pu\u0301blicas-municipales-negro.png.png 586w, https:\/\/www.wikiesfera.org\/wp-content\/uploads\/2017\/12\/bibliotecas-pu\u0301blicas-municipales-negro.png-300x80.png 300w, https:\/\/www.wikiesfera.org\/wp-content\/uploads\/2017\/12\/bibliotecas-pu\u0301blicas-municipales-negro.png-150x40.png 150w, https:\/\/www.wikiesfera.org\/wp-content\/uploads\/2017\/12\/bibliotecas-pu\u0301blicas-municipales-negro.png-400x106.png 400w\" sizes=\"(max-width: 586px) 100vw, 586px\" \/><\/figure><\/div><\/div>\n\n\n\n<div class=\"wp-block-column is-layout-flow wp-block-column-is-layout-flow\"><\/div>\n\n\n\n<div class=\"wp-block-column is-layout-flow wp-block-column-is-layout-flow\"><\/div>\n<\/div>\n\n\n\n<p><\/p>\n","protected":false},"excerpt":{"rendered":"<p>Las bibliotecas son para nosotras espacios naturales de encuentro, aprendizaje y construcci\u00f3n colaborativa del conocimiento, para acercar la edici\u00f3n en Wikipedia a la ciudadan\u00eda, al personal bibliotecario y, especialmente, a las mujeres de los barrios. Nuestra colaboraci\u00f3n con bibliotecas se remonta al a\u00f1o 2017 cuando junto a la red de Bibliotecas P\u00fablicas Municipales (BPM) de [&hellip;]<\/p>\n","protected":false},"author":1,"featured_media":10095,"parent":0,"menu_order":0,"comment_status":"closed","ping_status":"closed","template":"templates\/fullwidth.php","meta":{"_coblocks_attr":"","_coblocks_dimensions":"","_coblocks_responsive_height":"","_coblocks_accordion_ie_support":"","footnotes":""},"class_list":["post-10074","page","type-page","status-publish","has-post-thumbnail","hentry","page-entry","loop-entry clr"],"_links":{"self":[{"href":"https:\/\/www.wikiesfera.org\/es\/wp-json\/wp\/v2\/pages\/10074","targetHints":{"allow":["GET"]}}],"collection":[{"href":"https:\/\/www.wikiesfera.org\/es\/wp-json\/wp\/v2\/pages"}],"about":[{"href":"https:\/\/www.wikiesfera.org\/es\/wp-json\/wp\/v2\/types\/page"}],"author":[{"embeddable":true,"href":"https:\/\/www.wikiesfera.org\/es\/wp-json\/wp\/v2\/users\/1"}],"replies":[{"embeddable":true,"href":"https:\/\/www.wikiesfera.org\/es\/wp-json\/wp\/v2\/comments?post=10074"}],"version-history":[{"count":28,"href":"https:\/\/www.wikiesfera.org\/es\/wp-json\/wp\/v2\/pages\/10074\/revisions"}],"predecessor-version":[{"id":10197,"href":"https:\/\/www.wikiesfera.org\/es\/wp-json\/wp\/v2\/pages\/10074\/revisions\/10197"}],"wp:featuredmedia":[{"embeddable":true,"href":"https:\/\/www.wikiesfera.org\/es\/wp-json\/wp\/v2\/media\/10095"}],"wp:attachment":[{"href":"https:\/\/www.wikiesfera.org\/es\/wp-json\/wp\/v2\/media?parent=10074"}],"curies":[{"name":"wp","href":"https:\/\/api.w.org\/{rel}","templated":true}]}}