{"id":912,"date":"2018-03-13T19:51:06","date_gmt":"2018-03-13T19:51:06","guid":{"rendered":"\/?page_id=912"},"modified":"2026-02-27T15:58:48","modified_gmt":"2026-02-27T15:58:48","slug":"contacto","status":"publish","type":"page","link":"https:\/\/www.wikiesfera.org\/en\/contacto\/","title":{"rendered":"Contact"},"content":{"rendered":"<h1 id=\"gt-boletin-de-wikiesfera\" class=\"wp-block-heading\"><strong>&gt; Wikisphere Newsletter<\/strong><\/h1>\n\n\n\n<p>If you want to receive our <strong>monthly newsletter<\/strong>, with the activities we organize, leave us your name and email below:<\/p>\n\n\n\n<center>\n  <div id=\"mc_embed_shell\">\n    <link href=\"\/\/cdn-images.mailchimp.com\/embedcode\/classic-061523.css\" rel=\"stylesheet\" type=\"text\/css\">\n\n    <style type=\"text\/css\">\n      #mc_embed_signup{background:#fff; clear:left; font:14px Helvetica,Arial,sans-serif; width:600px;}\n      \/* Si puedes, mueve este CSS al <head> *\/\n    <\/style>\n\n    <!-- Estilos extra para RGPD + ocultar bloque legal Mailchimp (si apareciera) -->\n    <style type=\"text\/css\">\n      #mc-embedded-subscribe-form input[type=checkbox]{display:inline; width:auto; margin-right:10px;}\n      #mergeRow-gdpr {margin-top:20px;}\n      #mergeRow-gdpr fieldset label {font-weight:normal;}\n      #mc-embedded-subscribe-form .mc_fieldset{border:none; min-height:0; padding-bottom:0;}\n\n      \/* Por si tu cuenta\/plantilla inserta el bloque legal de Mailchimp en alg\u00fan momento *\/\n      .content__gdprLegal {display:none !important;}\n    <\/style>\n\n    <div id=\"mc_embed_signup\">\n      <form action=\"https:\/\/wikiesfera.us17.list-manage.com\/subscribe\/post?u=61285f3e962b181d9b3174c16&amp;id=91410eb3a6&amp;f_id=002b7ae0f0\"\n            method=\"post\"\n            id=\"mc-embedded-subscribe-form\"\n            name=\"mc-embedded-subscribe-form\"\n            class=\"validate\"\n            target=\"_blank\"\n            novalidate data-etm-original-action=\"https:\/\/wikiesfera.us17.list-manage.com\/subscribe\/post?u=61285f3e962b181d9b3174c16&amp;id=91410eb3a6&amp;f_id=002b7ae0f0\">\n\n        <div id=\"mc_embed_signup_scroll\">\n          <div class=\"indicates-required\"><span class=\"asterisk\">*<\/span> mandatory<\/div>\n\n          <div class=\"mc-field-group\">\n            <label for=\"mce-FNAME\">Name <span class=\"asterisk\">*<\/span><\/label>\n            <input type=\"text\" name=\"FNAME\" class=\"required text\" id=\"mce-FNAME\" value=\"\" required>\n          <\/div>\n\n          <div class=\"mc-field-group\">\n            <label for=\"mce-EMAIL\">E-mail address <span class=\"asterisk\">*<\/span><\/label>\n            <input type=\"email\" name=\"EMAIL\" class=\"required email\" id=\"mce-EMAIL\" value=\"\" required>\n          <\/div>\n\n          <!-- RGPD (bloque a\u00f1adido) -->\n          <div id=\"mergeRow-gdpr\" class=\"mergeRow gdpr-mergeRow content__gdprBlock mc-field-group\">\n            <div class=\"content__gdpr\">\n              <label>Data protection information:<\/label>\n\n              <p>\n                By subscribing, you give your consent for the WikiLabs association to process your data in order to send you information about the activities and news of Wikiesfera. You can exercise your rights and consult how we use your data in our\n                <a href=\"https:\/\/www.wikiesfera.org\/en\/politica-de-privacidad\/\" target=\"_blank\" rel=\"noopener\">\n                  Privacy Policy.\n                <\/a>\n              <\/p>\n\n              <fieldset class=\"mc_fieldset gdprRequired mc-field-group\" name=\"interestgroup_field\">\n                <label class=\"checkbox subfield\" for=\"gdpr_92071\">\n                  <!-- OJO: el name gdpr[92071] tiene que coincidir con el ID real que te da Mailchimp -->\n                  <input type=\"checkbox\" id=\"gdpr_92071\" name=\"gdpr[92071]\" class=\"gdpr\" value=\"Y\" required>\n                  <span>I have read and accept the privacy policy<\/span>\n                <\/label>\n              <\/fieldset>\n\n              <p>\n  The legal basis of the treatment is your consent, which you can withdraw at any time from the unsubscribe link included in each communication or by writing to\n  <a href=\"mailto:info@wikiesfera.org\">info@wikiesfera.org<\/a>.\n<\/p>\n            <\/div>\n\n            <!-- Si Mailchimp llegara a insertar aqu\u00ed su bloque legal, quedar\u00eda oculto por CSS -->\n            <div class=\"content__gdprLegal\"><\/div>\n          <\/div>\n\n          <div id=\"mce-responses\" class=\"clear\">\n            <div class=\"response\" id=\"mce-error-response\" style=\"display:none;\"><\/div>\n            <div class=\"response\" id=\"mce-success-response\" style=\"display:none;\"><\/div>\n          <\/div>\n\n          <div aria-hidden=\"true\" style=\"position:absolute; left:-5000px;\">\n            <input type=\"text\" name=\"b_61285f3e962b181d9b3174c16_91410eb3a6\" tabindex=\"-1\" value=\"\">\n          <\/div>\n\n          <div class=\"clear\">\n            <input type=\"submit\" name=\"subscribe\" id=\"mc-embedded-subscribe\" class=\"button\" value=\"Sign up\">\n          <\/div>\n        <\/div>\n      <input type=\"hidden\" name=\"etm-form-language\" value=\"en\"\/><\/form>\n    <\/div>\n\n    <script type=\"text\/javascript\" src=\"\/\/s3.amazonaws.com\/downloads.mailchimp.com\/js\/mc-validate.js\"><\/script>\n    <script type=\"text\/javascript\">\n      (function($) {\n        window.fnames = new Array(); window.ftypes = new Array();\n        fnames[1]='FNAME'; ftypes[1]='text';\n        fnames[0]='EMAIL'; ftypes[0]='email';\n        fnames[2]='LNAME'; ftypes[2]='text';\n        fnames[3]='ADDRESS'; ftypes[3]='address';\n        fnames[4]='PHONE'; ftypes[4]='phone';\n\n        $.extend($.validator.messages, {\n          required: \"Este campo es obligatorio.\",\n          remote: \"Por favor, rellena este campo.\",\n          email: \"Por favor, escribe una direcci\u00f3n de correo v\u00e1lida\",\n          url: \"Por favor, escribe una URL v\u00e1lida.\",\n          date: \"Por favor, escribe una fecha v\u00e1lida.\",\n          dateISO: \"Por favor, escribe una fecha (ISO) v\u00e1lida.\",\n          number: \"Por favor, escribe un n\u00famero entero v\u00e1lido.\",\n          digits: \"Por favor, escribe s\u00f3lo d\u00edgitos.\",\n          creditcard: \"Por favor, escribe un n\u00famero de tarjeta v\u00e1lido.\",\n          equalTo: \"Por favor, escribe el mismo valor de nuevo.\",\n          accept: \"Por favor, escribe un valor con una extensi\u00f3n aceptada.\",\n          maxlength: $.validator.format(\"Por favor, no escribas m\u00e1s de {0} caracteres.\"),\n          minlength: $.validator.format(\"Por favor, no escribas menos de {0} caracteres.\"),\n          rangelength: $.validator.format(\"Por favor, escribe un valor entre {0} y {1} caracteres.\"),\n          range: $.validator.format(\"Por favor, escribe un valor entre {0} y {1}.\"),\n          max: $.validator.format(\"Por favor, escribe un valor menor o igual a {0}.\"),\n          min: $.validator.format(\"Por favor, escribe un valor mayor o igual a {0}.\")\n        });\n      }(jQuery));\n      var $mcj = jQuery.noConflict(true);\n    <\/script>\n  <\/div>\n<\/center>\n\n\n\n<hr class=\"wp-block-separator has-alpha-channel-opacity\"\/>\n\n\n\n<h1 id=\"gt-correo-y-redes-sociales\" class=\"wp-block-heading\"><strong>&gt; Mail and social networks<\/strong><\/h1>\n\n\n\n<p>If you need to talk to us, you can send us a <strong>mail to <a href=\"mailto:info@wikiesfera.org\">info@wikiesfera.org<\/a><\/strong> or contact on our social networks:<\/p>\n\n\n\n<ul class=\"wp-block-list\">\n<li>LinkedIn \u2014 <a href=\"https:\/\/www.linkedin.com\/company\/wikiesfera\" target=\"_blank\" rel=\"noopener\">Wikisphere<\/a><\/li>\n\n\n\n<li>Instagram \u2014 <a href=\"https:\/\/www.instagram.com\/wikiesfera\/\" target=\"_blank\" rel=\"noopener\">@wikiesfera<\/a><\/li>\n<\/ul>\n\n\n\n<hr class=\"wp-block-separator has-alpha-channel-opacity\"\/>\n\n\n\n<h1 id=\"gt-oficina\" class=\"wp-block-heading\"><strong>&gt; Office<\/strong><\/h1>\n\n\n\n<ul class=\"wp-block-list\">\n<li>Gran V\u00eda, n\u00ba 59, 8\u00ba D, office 1 | 28013 | Madrid<\/li>\n<\/ul>\n\n\n\n<figure class=\"wp-block-image size-large\"><img fetchpriority=\"high\" decoding=\"async\" width=\"1024\" height=\"360\" src=\"https:\/\/www.wikiesfera.org\/wp-content\/uploads\/2026\/02\/Cabecera-cronicas-FOTOS-1-1024x360.png\" alt=\"\" class=\"wp-image-11331\" srcset=\"https:\/\/www.wikiesfera.org\/wp-content\/uploads\/2026\/02\/Cabecera-cronicas-FOTOS-1-1024x360.png 1024w, https:\/\/www.wikiesfera.org\/wp-content\/uploads\/2026\/02\/Cabecera-cronicas-FOTOS-1-300x105.png 300w, https:\/\/www.wikiesfera.org\/wp-content\/uploads\/2026\/02\/Cabecera-cronicas-FOTOS-1-768x270.png 768w, https:\/\/www.wikiesfera.org\/wp-content\/uploads\/2026\/02\/Cabecera-cronicas-FOTOS-1-1536x540.png 1536w, https:\/\/www.wikiesfera.org\/wp-content\/uploads\/2026\/02\/Cabecera-cronicas-FOTOS-1-2048x720.png 2048w, https:\/\/www.wikiesfera.org\/wp-content\/uploads\/2026\/02\/Cabecera-cronicas-FOTOS-1-18x6.png 18w, https:\/\/www.wikiesfera.org\/wp-content\/uploads\/2026\/02\/Cabecera-cronicas-FOTOS-1-150x53.png 150w, https:\/\/www.wikiesfera.org\/wp-content\/uploads\/2026\/02\/Cabecera-cronicas-FOTOS-1-400x141.png 400w\" sizes=\"(max-width: 1024px) 100vw, 1024px\" \/><\/figure>","protected":false},"excerpt":{"rendered":"<p>&gt; Bolet\u00edn de Wikiesfera Si quieres recibir nuestro bolet\u00edn mensual, con las actividades que organizamos, d\u00e9janos aqu\u00ed abajo tu nombre y correo electr\u00f3nico: * obligatorio Nombre * Direcci\u00f3n de correo electr\u00f3nico * Informaci\u00f3n sobre protecci\u00f3n de datos: Al suscribirte, das tu consentimiento para que la asociaci\u00f3n WikiLabs trate tus datos con la finalidad de enviarte [&hellip;]<\/p>","protected":false},"author":1,"featured_media":0,"parent":0,"menu_order":0,"comment_status":"closed","ping_status":"closed","template":"templates\/fullwidth.php","meta":{"_coblocks_attr":"","_coblocks_dimensions":"","_coblocks_responsive_height":"","_coblocks_accordion_ie_support":"","footnotes":""},"class_list":["post-912","page","type-page","status-publish","hentry","page-entry","loop-entry clr"],"_links":{"self":[{"href":"https:\/\/www.wikiesfera.org\/en\/wp-json\/wp\/v2\/pages\/912","targetHints":{"allow":["GET"]}}],"collection":[{"href":"https:\/\/www.wikiesfera.org\/en\/wp-json\/wp\/v2\/pages"}],"about":[{"href":"https:\/\/www.wikiesfera.org\/en\/wp-json\/wp\/v2\/types\/page"}],"author":[{"embeddable":true,"href":"https:\/\/www.wikiesfera.org\/en\/wp-json\/wp\/v2\/users\/1"}],"replies":[{"embeddable":true,"href":"https:\/\/www.wikiesfera.org\/en\/wp-json\/wp\/v2\/comments?post=912"}],"version-history":[{"count":40,"href":"https:\/\/www.wikiesfera.org\/en\/wp-json\/wp\/v2\/pages\/912\/revisions"}],"predecessor-version":[{"id":11339,"href":"https:\/\/www.wikiesfera.org\/en\/wp-json\/wp\/v2\/pages\/912\/revisions\/11339"}],"wp:attachment":[{"href":"https:\/\/www.wikiesfera.org\/en\/wp-json\/wp\/v2\/media?parent=912"}],"curies":[{"name":"wp","href":"https:\/\/api.w.org\/{rel}","templated":true}]}}