{"id":3287,"date":"2022-08-11T19:42:53","date_gmt":"2022-08-11T19:42:53","guid":{"rendered":"\/?page_id=3287"},"modified":"2025-05-16T00:07:09","modified_gmt":"2025-05-16T00:07:09","slug":"paisaje-de-la-luz","status":"publish","type":"page","link":"https:\/\/www.wikiesfera.org\/en\/paisaje-de-la-luz\/","title":{"rendered":"Landscape of Light"},"content":{"rendered":"<p>Wikipedia has become one of the main sources of consultation and is one of the ten most visited web pages in the world. Despite its 22 years of life and important documentation work by thousands of volunteers, <strong>Wikipedia in Spanish still needs the incorporation of more experts in different fields<\/strong>. In this way, a greater number of articles and better quality can be generated, which are also visible more directly in the main Internet search engines.&nbsp;<\/p>\n\n\n\n<p>To influence a specific field in Wikipedia it is convenient to create <strong>thematic working groups<\/strong>. By carrying out regular meetings and a fragmentation of tasks for the creation and improvement of articles, these editors are filling the gaps of the free encyclopedia. Therefore, in coordination with Medialab Matadero, we have developed for the City Council of Madrid a <strong>structured training project in several months<\/strong> that has allowed us <strong>dynamize a working group focused on generating content on the heritage of <a rel=\"noreferrer noopener\" href=\"https:\/\/paisajedelaluz.es\/\" target=\"_blank\">Landscape of Light<\/a><\/strong>, the candidature submitted by the Madrid City Council to UNESCO to be part of the World Heritage List.&nbsp;<\/p>\n\n\n\n<p>This training, very thought out in practical aspects, has allowed participants to acquire different digital skills as well as agile writing and reading. He's been <strong>vertebrate by several <\/strong><strong><em>editathons<\/em><\/strong> (Wikipedia editing marathons), which are playful meetings to \u2018hook\u2019 heritage experts interested in the documentation work offered by Wikipedia.<\/p>\n\n\n\n<figure class=\"wp-block-embed is-type-video is-provider-youtube wp-block-embed-youtube wp-embed-aspect-16-9 wp-has-aspect-ratio\"><div class=\"wp-block-embed__wrapper\">\n<iframe title=\"The Landscape of Light on Wikipedia\" width=\"980\" height=\"551\" src=\"https:\/\/www.youtube.com\/embed\/tus1kNnSJl0?feature=oembed\" frameborder=\"0\" allow=\"accelerometer; autoplay; clipboard-write; encrypted-media; gyroscope; picture-in-picture; web-share\" allowfullscreen><\/iframe>\n<\/div><\/figure>\n\n\n\n<hr class=\"wp-block-separator has-alpha-channel-opacity\"\/>\n\n\n\n<h1 id=\"gt-ediciones\" class=\"wp-block-heading\"><strong>&gt; Editions<\/strong><\/h1>\n\n\n\n<p>Following the success of the first edition of these workshops, the Madrid City Council decided to continue training and publishing activities on Wikipedia until the end of 2022. So far, the following editathons have been developed:<\/p>\n\n\n\n<ul class=\"wp-block-list\">\n<li>December 18, 2020 | <a rel=\"noreferrer noopener\" href=\"https:\/\/www.wikiesfera.org\/en\/portfolio-item\/editaton-virtual-sobre-patrimonio-18d\/\" target=\"_blank\">Virtual edition on heritage of Madrid #18D<\/a>&nbsp;<\/li>\n\n\n\n<li>25 September 2021 | <a rel=\"noreferrer noopener\" href=\"https:\/\/www.wikiesfera.org\/en\/portfolio-item\/i-editaton-del-paisaje-de-la-luz-25s\/\" target=\"_blank\">I Editathon of the Landscape of Light #25S<\/a><\/li>\n\n\n\n<li>23 October 2021 | <a rel=\"noreferrer noopener\" href=\"https:\/\/www.wikiesfera.org\/en\/portfolio-item\/ii-editaton-del-paisaje-de-la-luz-23o\/\" target=\"_blank\">II Editathon of the Landscape of Light #23O<\/a><\/li>\n\n\n\n<li>13 November 2021 | <a rel=\"noreferrer noopener\" href=\"https:\/\/www.wikiesfera.org\/en\/portfolio-item\/iii-editaton-del-paisaje-de-la-luz-13n\/\" target=\"_blank\">III Editathon of the Landscape of Light #13N<\/a><\/li>\n\n\n\n<li>22 January 2022 | <a rel=\"noreferrer noopener\" href=\"https:\/\/www.wikiesfera.org\/en\/portfolio-item\/iv-editaton-del-paisaje-de-la-luz-22e\/\" target=\"_blank\">IV Editathon of the Landscape of Light #22E<\/a><\/li>\n\n\n\n<li>10 and 24 June 2022 <a rel=\"noreferrer noopener\" href=\"https:\/\/www.wikiesfera.org\/en\/portfolio-item\/editatones-del-paisaje-de-la-luz-jun2022\/\" target=\"_blank\">Editathons of the Landscape of Light #JUN2022<\/a><\/li>\n\n\n\n<li>16-30 September 2022 | <a rel=\"noreferrer noopener\" href=\"https:\/\/www.wikiesfera.org\/en\/portfolio-item\/editatones-del-paisaje-de-la-luz-sep2022\/\" target=\"_blank\">Editathons of the Landscape of Light #SEP2022<\/a><\/li>\n\n\n\n<li>14-28 October 2022 | <a href=\"https:\/\/www.wikiesfera.org\/en\/portfolio-item\/editatones-del-paisaje-de-la-luz-oct2022\/\" target=\"_blank\" rel=\"noreferrer noopener\">Editathons of the Landscape of Light #OCT2022<\/a><\/li>\n\n\n\n<li>11 November and 16 December 2022 <a href=\"https:\/\/www.wikiesfera.org\/en\/portfolio-item\/editatones-del-paisaje-de-la-luz-novdic2022\/\" data-type=\"URL\" data-id=\"https:\/\/wikiesfera.org\/portfolio-item\/editatones-del-paisaje-de-la-luz-novdic2022\/\" target=\"_blank\" rel=\"noreferrer noopener\">Editathons of the Landscape of Light #NovDec2022<\/a><\/li>\n<\/ul>\n\n\n\n<hr class=\"wp-block-separator has-alpha-channel-opacity\"\/>\n\n\n\n<h1 id=\"gt-resultados\" class=\"wp-block-heading\"><strong>&gt; Results<\/strong><\/h1>\n\n\n\n<p>In these months of work, they have been achieved <strong>make visible those places, buildings, works, people, plants and other elements linked to the heritage of the Landscape of Light<\/strong> in one of the most important places of consultation in the world, with great results:<\/p>\n\n\n\n<div class=\"wp-block-columns is-layout-flex wp-container-core-columns-is-layout-9d6595d7 wp-block-columns-is-layout-flex\">\n<div class=\"wp-block-column is-layout-flow wp-block-column-is-layout-flow\">\n<p class=\"has-text-align-center has-pale-cyan-blue-background-color has-background\"><strong>PUBLICATION<\/strong><\/p>\n\n\n\n<p class=\"has-text-align-center has-white-background-color has-background\"><strong>156 articles<\/strong> <\/p>\n\n\n\n<p class=\"has-text-align-center has-white-background-color has-background\">[92 creation + 64 translation]<\/p>\n<\/div>\n\n\n\n<div class=\"wp-block-column is-layout-flow wp-block-column-is-layout-flow\">\n<p class=\"has-text-align-center has-pale-cyan-blue-background-color has-background\"><strong>COMMONS<\/strong><\/p>\n\n\n\n<p class=\"has-text-align-center has-white-background-color has-background\"><strong>106 images<\/strong> <\/p>\n\n\n\n<p class=\"has-text-align-center has-white-background-color has-background\">[for new and existing articles]<\/p>\n<\/div>\n\n\n\n<div class=\"wp-block-column is-layout-flow wp-block-column-is-layout-flow\">\n<p class=\"has-text-align-center has-pale-cyan-blue-background-color has-background\"><strong>PARTICIPATION<\/strong><\/p>\n\n\n\n<p class=\"has-text-align-center has-white-background-color has-background\"><strong>64 people<\/strong> <\/p>\n\n\n\n<p class=\"has-text-align-center has-white-background-color has-background\">[21 Wikiesfera Wikipedians + 43 new]<\/p>\n<\/div>\n\n\n\n<div class=\"wp-block-column is-layout-flow wp-block-column-is-layout-flow\">\n<p class=\"has-text-align-center has-pale-cyan-blue-background-color has-background\"><strong>IMPACT<\/strong><\/p>\n\n\n\n<p class=\"has-text-align-center has-white-background-color has-background\"><strong>3,800,000 visits<\/strong><\/p>\n\n\n\n<p class=\"has-text-align-center has-white-background-color has-background\">[20,000 visits per day]<\/p>\n<\/div>\n<\/div>\n\n\n\n<hr class=\"wp-block-separator has-alpha-channel-opacity\"\/>\n\n\n\n<h1 id=\"gt-galeria\" class=\"wp-block-heading\"><strong>&gt; Gallery<\/strong><\/h1>\n\n\n\n<div class=\"wp-block-columns is-layout-flex wp-container-core-columns-is-layout-9d6595d7 wp-block-columns-is-layout-flex\">\n<div class=\"wp-block-column is-layout-flow wp-block-column-is-layout-flow\">\n<figure class=\"wp-block-image size-large\"><img fetchpriority=\"high\" decoding=\"async\" width=\"1024\" height=\"360\" src=\"\/wp-content\/uploads\/2021\/11\/editaton-paisaje-de-la-luz_07-1024x360.jpg\" alt=\"\" class=\"wp-image-2425\" srcset=\"https:\/\/www.wikiesfera.org\/wp-content\/uploads\/2021\/11\/editaton-paisaje-de-la-luz_07-1024x360.jpg 1024w, https:\/\/www.wikiesfera.org\/wp-content\/uploads\/2021\/11\/editaton-paisaje-de-la-luz_07-300x105.jpg 300w, https:\/\/www.wikiesfera.org\/wp-content\/uploads\/2021\/11\/editaton-paisaje-de-la-luz_07-768x270.jpg 768w, https:\/\/www.wikiesfera.org\/wp-content\/uploads\/2021\/11\/editaton-paisaje-de-la-luz_07-150x53.jpg 150w, https:\/\/www.wikiesfera.org\/wp-content\/uploads\/2021\/11\/editaton-paisaje-de-la-luz_07-400x141.jpg 400w, https:\/\/www.wikiesfera.org\/wp-content\/uploads\/2021\/11\/editaton-paisaje-de-la-luz_07.jpg 1280w\" sizes=\"(max-width: 1024px) 100vw, 1024px\" \/><\/figure>\n<\/div>\n\n\n\n<div class=\"wp-block-column is-layout-flow wp-block-column-is-layout-flow\">\n<figure class=\"wp-block-image size-large\"><img decoding=\"async\" width=\"1024\" height=\"360\" src=\"\/wp-content\/uploads\/2021\/09\/editaton-paisaje-de-la-luz_02-1024x360.jpg\" alt=\"\" class=\"wp-image-2306\" srcset=\"https:\/\/www.wikiesfera.org\/wp-content\/uploads\/2021\/09\/editaton-paisaje-de-la-luz_02-1024x360.jpg 1024w, https:\/\/www.wikiesfera.org\/wp-content\/uploads\/2021\/09\/editaton-paisaje-de-la-luz_02-300x105.jpg 300w, https:\/\/www.wikiesfera.org\/wp-content\/uploads\/2021\/09\/editaton-paisaje-de-la-luz_02-768x270.jpg 768w, https:\/\/www.wikiesfera.org\/wp-content\/uploads\/2021\/09\/editaton-paisaje-de-la-luz_02-150x53.jpg 150w, https:\/\/www.wikiesfera.org\/wp-content\/uploads\/2021\/09\/editaton-paisaje-de-la-luz_02-400x141.jpg 400w, https:\/\/www.wikiesfera.org\/wp-content\/uploads\/2021\/09\/editaton-paisaje-de-la-luz_02.jpg 1280w\" sizes=\"(max-width: 1024px) 100vw, 1024px\" \/><\/figure>\n<\/div>\n<\/div>\n\n\n\n<p><\/p>\n\n\n\n<div class=\"wp-block-columns is-layout-flex wp-container-core-columns-is-layout-9d6595d7 wp-block-columns-is-layout-flex\">\n<div class=\"wp-block-column is-layout-flow wp-block-column-is-layout-flow\">\n<figure class=\"wp-block-image size-large\"><img decoding=\"async\" width=\"1024\" height=\"360\" src=\"\/wp-content\/uploads\/2022\/01\/editaton-paisaje-de-la-luz_09-1024x360.jpg\" alt=\"\" class=\"wp-image-2672\" srcset=\"https:\/\/www.wikiesfera.org\/wp-content\/uploads\/2022\/01\/editaton-paisaje-de-la-luz_09-1024x360.jpg 1024w, https:\/\/www.wikiesfera.org\/wp-content\/uploads\/2022\/01\/editaton-paisaje-de-la-luz_09-300x105.jpg 300w, https:\/\/www.wikiesfera.org\/wp-content\/uploads\/2022\/01\/editaton-paisaje-de-la-luz_09-768x270.jpg 768w, https:\/\/www.wikiesfera.org\/wp-content\/uploads\/2022\/01\/editaton-paisaje-de-la-luz_09-150x53.jpg 150w, https:\/\/www.wikiesfera.org\/wp-content\/uploads\/2022\/01\/editaton-paisaje-de-la-luz_09-400x141.jpg 400w, https:\/\/www.wikiesfera.org\/wp-content\/uploads\/2022\/01\/editaton-paisaje-de-la-luz_09.jpg 1280w\" sizes=\"(max-width: 1024px) 100vw, 1024px\" \/><\/figure>\n<\/div>\n\n\n\n<div class=\"wp-block-column is-layout-flow wp-block-column-is-layout-flow\">\n<figure class=\"wp-block-image size-large\"><img loading=\"lazy\" decoding=\"async\" width=\"1024\" height=\"360\" src=\"\/wp-content\/uploads\/2021\/10\/editaton-paisaje-de-la-luz_04-1024x360.jpg\" alt=\"\" class=\"wp-image-2372\" srcset=\"https:\/\/www.wikiesfera.org\/wp-content\/uploads\/2021\/10\/editaton-paisaje-de-la-luz_04-1024x360.jpg 1024w, https:\/\/www.wikiesfera.org\/wp-content\/uploads\/2021\/10\/editaton-paisaje-de-la-luz_04-300x105.jpg 300w, https:\/\/www.wikiesfera.org\/wp-content\/uploads\/2021\/10\/editaton-paisaje-de-la-luz_04-768x270.jpg 768w, https:\/\/www.wikiesfera.org\/wp-content\/uploads\/2021\/10\/editaton-paisaje-de-la-luz_04-150x53.jpg 150w, https:\/\/www.wikiesfera.org\/wp-content\/uploads\/2021\/10\/editaton-paisaje-de-la-luz_04-400x141.jpg 400w, https:\/\/www.wikiesfera.org\/wp-content\/uploads\/2021\/10\/editaton-paisaje-de-la-luz_04.jpg 1280w\" sizes=\"(max-width: 1024px) 100vw, 1024px\" \/><\/figure>\n<\/div>\n<\/div>\n\n\n\n<p><\/p>\n\n\n\n<hr class=\"wp-block-separator has-alpha-channel-opacity\"\/>\n\n\n\n<h1 id=\"gt-colabora\" class=\"wp-block-heading\"><strong>&gt; Collaborate<\/strong><\/h1>\n\n\n\n<div class=\"wp-block-columns is-layout-flex wp-container-core-columns-is-layout-9d6595d7 wp-block-columns-is-layout-flex\">\n<div class=\"wp-block-column is-layout-flow wp-block-column-is-layout-flow\">\n<figure class=\"wp-block-image size-full\"><img loading=\"lazy\" decoding=\"async\" width=\"250\" height=\"75\" src=\"\/wp-content\/uploads\/2022\/05\/logo_ayto-mad_hz.png\" alt=\"\" class=\"wp-image-3078\" srcset=\"https:\/\/www.wikiesfera.org\/wp-content\/uploads\/2022\/05\/logo_ayto-mad_hz.png 250w, https:\/\/www.wikiesfera.org\/wp-content\/uploads\/2022\/05\/logo_ayto-mad_hz-150x45.png 150w\" sizes=\"(max-width: 250px) 100vw, 250px\" \/><\/figure>\n<\/div>\n\n\n\n<div class=\"wp-block-column is-layout-flow wp-block-column-is-layout-flow\">\n<figure class=\"wp-block-image size-full\"><img loading=\"lazy\" decoding=\"async\" width=\"250\" height=\"75\" src=\"\/wp-content\/uploads\/2022\/07\/logo_paisaje.png\" alt=\"\" class=\"wp-image-3187\" srcset=\"https:\/\/www.wikiesfera.org\/wp-content\/uploads\/2022\/07\/logo_paisaje.png 250w, https:\/\/www.wikiesfera.org\/wp-content\/uploads\/2022\/07\/logo_paisaje-150x45.png 150w\" sizes=\"(max-width: 250px) 100vw, 250px\" \/><\/figure>\n<\/div>\n\n\n\n<div class=\"wp-block-column is-layout-flow wp-block-column-is-layout-flow\">\n<figure class=\"wp-block-image size-large is-resized\"><img loading=\"lazy\" decoding=\"async\" width=\"1024\" height=\"419\" src=\"http:\/\/www.wikiesfera.org\/wp-content\/uploads\/2023\/04\/logo_medialab-matadero_negro-1024x419.png\" alt=\"Medialab logo in Matadero \" class=\"wp-image-3941\" style=\"width:139px;height:56px\" srcset=\"https:\/\/www.wikiesfera.org\/wp-content\/uploads\/2023\/04\/logo_medialab-matadero_negro-1024x419.png 1024w, https:\/\/www.wikiesfera.org\/wp-content\/uploads\/2023\/04\/logo_medialab-matadero_negro-300x123.png 300w, https:\/\/www.wikiesfera.org\/wp-content\/uploads\/2023\/04\/logo_medialab-matadero_negro-768x314.png 768w, https:\/\/www.wikiesfera.org\/wp-content\/uploads\/2023\/04\/logo_medialab-matadero_negro-150x61.png 150w, https:\/\/www.wikiesfera.org\/wp-content\/uploads\/2023\/04\/logo_medialab-matadero_negro-400x164.png 400w, https:\/\/www.wikiesfera.org\/wp-content\/uploads\/2023\/04\/logo_medialab-matadero_negro.png 1100w\" sizes=\"(max-width: 1024px) 100vw, 1024px\" \/><\/figure>\n<\/div>\n\n\n\n<div class=\"wp-block-column is-layout-flow wp-block-column-is-layout-flow\"><\/div>\n<\/div>","protected":false},"excerpt":{"rendered":"<p>Wikipedia se ha convertido en una de las principales fuentes de consulta y es una de las diez p\u00e1ginas web m\u00e1s visitadas del mundo. Pese a sus 22 a\u00f1os de vida y una importante labor de documentaci\u00f3n por miles de voluntarios, Wikipedia en espa\u00f1ol sigue necesitando la incorporaci\u00f3n de m\u00e1s personas expertas en distintos \u00e1mbitos. [&hellip;]<\/p>","protected":false},"author":1,"featured_media":2310,"parent":0,"menu_order":0,"comment_status":"closed","ping_status":"closed","template":"templates\/fullwidth.php","meta":{"_coblocks_attr":"","_coblocks_dimensions":"","_coblocks_responsive_height":"","_coblocks_accordion_ie_support":"","footnotes":""},"class_list":["post-3287","page","type-page","status-publish","has-post-thumbnail","hentry","page-entry","loop-entry clr"],"_links":{"self":[{"href":"https:\/\/www.wikiesfera.org\/en\/wp-json\/wp\/v2\/pages\/3287","targetHints":{"allow":["GET"]}}],"collection":[{"href":"https:\/\/www.wikiesfera.org\/en\/wp-json\/wp\/v2\/pages"}],"about":[{"href":"https:\/\/www.wikiesfera.org\/en\/wp-json\/wp\/v2\/types\/page"}],"author":[{"embeddable":true,"href":"https:\/\/www.wikiesfera.org\/en\/wp-json\/wp\/v2\/users\/1"}],"replies":[{"embeddable":true,"href":"https:\/\/www.wikiesfera.org\/en\/wp-json\/wp\/v2\/comments?post=3287"}],"version-history":[{"count":21,"href":"https:\/\/www.wikiesfera.org\/en\/wp-json\/wp\/v2\/pages\/3287\/revisions"}],"predecessor-version":[{"id":8898,"href":"https:\/\/www.wikiesfera.org\/en\/wp-json\/wp\/v2\/pages\/3287\/revisions\/8898"}],"wp:featuredmedia":[{"embeddable":true,"href":"https:\/\/www.wikiesfera.org\/en\/wp-json\/wp\/v2\/media\/2310"}],"wp:attachment":[{"href":"https:\/\/www.wikiesfera.org\/en\/wp-json\/wp\/v2\/media?parent=3287"}],"curies":[{"name":"wp","href":"https:\/\/api.w.org\/{rel}","templated":true}]}}