{"id":10932,"date":"2026-01-26T14:10:14","date_gmt":"2026-01-26T14:10:14","guid":{"rendered":"https:\/\/www.wikiesfera.org\/?page_id=10932"},"modified":"2026-01-27T20:24:59","modified_gmt":"2026-01-27T20:24:59","slug":"consejo-de-sabias","status":"publish","type":"page","link":"https:\/\/www.wikiesfera.org\/en\/consejo-de-sabias\/","title":{"rendered":"Council of Wise Men"},"content":{"rendered":"<p>The Council of Wise Men is a <strong>Wikisphere Governance Body<\/strong> <strong>that serves as a strategic accompaniment to the core team and to be accountable to our community of women<\/strong>. This Council is made up of between 12 and 16 women, with a long history in multiple sectors and with experience editing Wikipedia, who have decided to contribute their extraordinary life experience to support Wikisphere. Membership of the Council of Wise Men is <strong>voluntary and selfless<\/strong>, and is governed by the internal regulations in force at all times.<\/p>\n\n\n\n<p>This Council <strong>participates in general assemblies, receives, reviews and approves reports of activities, strategic and economic<\/strong>, and ultimately carries out a work of supervision, accompaniment and advice to the core team of Wikiesfera.<\/p>\n\n\n\n<p><\/p>","protected":false},"excerpt":{"rendered":"<p>El Consejo de Sabias es un \u00f3rgano de gobernanza de Wikiesfera que sirve de acompa\u00f1amiento estrat\u00e9gico al equipo core y para rendir cuentas a nuestra comunidad de mujeres. Dicho Consejo est\u00e1 formado por entre 12 y 16 mujeres, con una dilatada trayectoria en m\u00faltiples sectores y con experiencia editando Wikipedia, que han decidido aportar su [&hellip;]<\/p>","protected":false},"author":7,"featured_media":0,"parent":0,"menu_order":0,"comment_status":"closed","ping_status":"closed","template":"templates\/fullwidth.php","meta":{"_coblocks_attr":"","_coblocks_dimensions":"","_coblocks_responsive_height":"","_coblocks_accordion_ie_support":"","footnotes":""},"class_list":["post-10932","page","type-page","status-publish","hentry","page-entry","loop-entry clr"],"_links":{"self":[{"href":"https:\/\/www.wikiesfera.org\/en\/wp-json\/wp\/v2\/pages\/10932","targetHints":{"allow":["GET"]}}],"collection":[{"href":"https:\/\/www.wikiesfera.org\/en\/wp-json\/wp\/v2\/pages"}],"about":[{"href":"https:\/\/www.wikiesfera.org\/en\/wp-json\/wp\/v2\/types\/page"}],"author":[{"embeddable":true,"href":"https:\/\/www.wikiesfera.org\/en\/wp-json\/wp\/v2\/users\/7"}],"replies":[{"embeddable":true,"href":"https:\/\/www.wikiesfera.org\/en\/wp-json\/wp\/v2\/comments?post=10932"}],"version-history":[{"count":2,"href":"https:\/\/www.wikiesfera.org\/en\/wp-json\/wp\/v2\/pages\/10932\/revisions"}],"predecessor-version":[{"id":10935,"href":"https:\/\/www.wikiesfera.org\/en\/wp-json\/wp\/v2\/pages\/10932\/revisions\/10935"}],"wp:attachment":[{"href":"https:\/\/www.wikiesfera.org\/en\/wp-json\/wp\/v2\/media?parent=10932"}],"curies":[{"name":"wp","href":"https:\/\/api.w.org\/{rel}","templated":true}]}}