{"id":10074,"date":"2025-11-27T16:55:43","date_gmt":"2025-11-27T16:55:43","guid":{"rendered":"https:\/\/www.wikiesfera.org\/?page_id=10074"},"modified":"2025-12-05T16:23:39","modified_gmt":"2025-12-05T16:23:39","slug":"bibliotecas","status":"publish","type":"page","link":"https:\/\/www.wikiesfera.org\/en\/bibliotecas\/","title":{"rendered":"Libraries"},"content":{"rendered":"<p>The <strong>libraries<\/strong> are for us <strong>spaces<\/strong> Naturals of <strong>encounter, learning and collaborative construction of knowledge<\/strong>, for <strong>bringing editing closer to Wikipedia <\/strong>citizens, library staff and especially women in neighbourhoods.<\/p>\n\n\n\n<p>Our collaboration with libraries goes back to the year <strong>2017<\/strong> when next to the network of<strong> Municipal Public Libraries (BPM) of Madrid  <\/strong>we promote a series of <a href=\"https:\/\/www.wikiesfera.org\/en\/portfolio-item\/editatonas-de-mujeres-de-las-calles-de-madrid\/\"><strong>editatonas of women from the streets of Madrid<\/strong><\/a>\u00a0at the BPM Ana Mar\u00eda Matute de Carabanchel, Miguel Delibes de Moratalaz and Jos\u00e9 Hierro de Canillejas-San Blas. In addition, we carry out a <strong>Intensive Workshop<\/strong> oriented library staff to learn how to document on Wikipedia.<\/p>\n\n\n\n<p>Subsequently, in 2022 and together with the&nbsp;<a href=\"https:\/\/www.bibliotecaspublicas.es\/bpz\"><strong>State Public Library in Zaragoza<\/strong><\/a> (<a href=\"https:\/\/www.instagram.com\/bpezaragoza\/\">@bpezaragoza<\/a>), we dedicate a face-to-face day to make visible on Wikipedia the profiles of&nbsp;<strong>Relevant Aragonese Librarians<\/strong>, with the participation of some archival and library professionals.<\/p>\n\n\n\n<div class=\"wp-block-columns is-layout-flex wp-container-core-columns-is-layout-9d6595d7 wp-block-columns-is-layout-flex\">\n<div class=\"wp-block-column is-layout-flow wp-block-column-is-layout-flow\">\n<p>In <strong>May 2025<\/strong>, our colleague Encina Villanueva, the BPM San Ferm\u00edn and three <a href=\"https:\/\/es.wikipedia.org\/wiki\/Espacios_de_Igualdad_(Madrid)\">Equality Spaces of the City of Madrid<\/a>, the Clara Campoamor located in the District of Villaverde, the Juana Do\u00f1a of the District of Arganzuela and the Berta C\u00e1ceres of the District of Usera, made the<strong> <\/strong><em><strong>First Steps Workshop on Wikipedia<\/strong><\/em>. In this meeting, this tool was made known and its use to neighbors of the neighborhood along with women users of Equality Spaces. In October of this same year the experience was repeated at the BPM San Ferm\u00edn and the initiative was extended to the BPM Jos\u00e9 Saramago, located in the Barrio del Pilar.<\/p>\n<\/div>\n\n\n\n<div class=\"wp-block-column is-layout-flow wp-block-column-is-layout-flow\"><div class=\"wp-block-image is-style-default\">\n<figure class=\"aligncenter size-full is-resized\"><img fetchpriority=\"high\" decoding=\"async\" width=\"1942\" height=\"1388\" src=\"https:\/\/www.wikiesfera.org\/wp-content\/uploads\/2025\/11\/Captura-de-pantalla-2025-11-27-a-las-17.22.02.png\" alt=\"\" class=\"wp-image-10103\" style=\"width:350px\" srcset=\"https:\/\/www.wikiesfera.org\/wp-content\/uploads\/2025\/11\/Captura-de-pantalla-2025-11-27-a-las-17.22.02.png 1942w, https:\/\/www.wikiesfera.org\/wp-content\/uploads\/2025\/11\/Captura-de-pantalla-2025-11-27-a-las-17.22.02-300x214.png 300w, https:\/\/www.wikiesfera.org\/wp-content\/uploads\/2025\/11\/Captura-de-pantalla-2025-11-27-a-las-17.22.02-1024x732.png 1024w, https:\/\/www.wikiesfera.org\/wp-content\/uploads\/2025\/11\/Captura-de-pantalla-2025-11-27-a-las-17.22.02-768x549.png 768w, https:\/\/www.wikiesfera.org\/wp-content\/uploads\/2025\/11\/Captura-de-pantalla-2025-11-27-a-las-17.22.02-1536x1098.png 1536w, https:\/\/www.wikiesfera.org\/wp-content\/uploads\/2025\/11\/Captura-de-pantalla-2025-11-27-a-las-17.22.02-18x12.png 18w, https:\/\/www.wikiesfera.org\/wp-content\/uploads\/2025\/11\/Captura-de-pantalla-2025-11-27-a-las-17.22.02-150x107.png 150w, https:\/\/www.wikiesfera.org\/wp-content\/uploads\/2025\/11\/Captura-de-pantalla-2025-11-27-a-las-17.22.02-400x286.png 400w\" sizes=\"(max-width: 1942px) 100vw, 1942px\" \/><\/figure><\/div><\/div>\n<\/div>\n\n\n\n<p><\/p>\n\n\n\n<p>To these workshops <strong>29 women attended in total<\/strong>, some have maintained an editing group in the library from this activity, and others, have been incorporated into the usual programming of Wikisphere. As part of this initiative, women who had participated in these workshops<strong> <\/strong>were invited in November, to participate in a <strong>editatone to create articles about inventors<\/strong>, which took place at the BPM San Ferm\u00edn.<\/p>\n\n\n\n<p>From Wikiesfera we are committed to maintaining a close relationship with the library network, generating&nbsp;<strong>synergies that promote citizen participation in free knowledge through Wikipedia editing<\/strong>. <\/p>\n\n\n\n<hr class=\"wp-block-separator has-alpha-channel-opacity\"\/>\n\n\n<h1 class=\"wp-block-heading\" id=\"gt-ediciones\"><strong>&gt; Editions<\/strong><\/h1>\n\n<h3 class=\"wp-block-heading\" id=\"gtgt-editatonas\"><strong>&gt;&gt; Editatonas<\/strong><\/h3>\n\n\n<ul class=\"wp-block-list\">\n<li>Tuesday 24 October 2017<br><a href=\"https:\/\/www.wikiesfera.org\/en\/portfolio-item\/editatonas-de-mujeres-de-las-calles-de-madrid\/\"><strong>Editatona of women from the streets of Madrid<\/strong><\/a>&nbsp;| <strong>BPM Ana Mar\u00eda Matute<\/strong> | Carabanchel<\/li>\n\n\n\n<li>Wednesday 22 November 2017<br><a href=\"https:\/\/www.wikiesfera.org\/en\/portfolio-item\/editatonas-de-mujeres-de-las-calles-de-madrid\/\"><strong>Editatona of women from the streets of Madrid<\/strong><\/a>&nbsp;| <strong>BPM Miguel Delibes<\/strong> | Moratalaz<\/li>\n\n\n\n<li>Wednesday 20 December 2017<br><a href=\"https:\/\/www.wikiesfera.org\/en\/portfolio-item\/editatonas-de-mujeres-de-las-calles-de-madrid\/\"><strong>Editatona of women from the streets of Madrid<\/strong><\/a>&nbsp;| <strong>BPM Jos\u00e9 Hierro<\/strong> | Canillejas\/San Blas<\/li>\n\n\n\n<li>Saturday 5 February 2022<br><a href=\"https:\/\/www.wikiesfera.org\/en\/portfolio-item\/editatona-de-bibliotecarias-aragonesas-5f\/\"><strong>Editatona of Aragonese Librarians #5F<\/strong><\/a> | <strong>Zaragoza Public Library<\/strong><\/li>\n\n\n\n<li>Tuesday 4 November 2025<br><strong>Editatona about inventors #4N<\/strong> | <strong>BPM San Fermin<\/strong> | Usera<\/li>\n<\/ul>\n\n\n<h3 class=\"wp-block-heading\" id=\"gtgt-taller-primeros-pasos-en-wikipedia\"><strong>&gt;&gt; First steps workshop on Wikipedia<\/strong><\/h3>\n\n\n<ul class=\"wp-block-list\">\n<li>Tuesday 6 May 2025<br><strong>BPM San Fermin<\/strong> | Usera<br>E.I. Clara Campoamor (Villaverde), E.I. Juana Do\u00f1a (Arganzuela) and E.I. Berta C\u00e1ceres (Usera)<\/li>\n\n\n\n<li>Tuesday 7 October 2025<br><strong>BPM San Fermin<\/strong> | Usera<\/li>\n\n\n\n<li>Tuesday 21 October 2025<br><strong>BPM Jos\u00e9 Saramago<\/strong> | Fuencarral-El Pardo<\/li>\n<\/ul>\n\n\n\n<p><\/p>\n\n\n\n<hr class=\"wp-block-separator has-alpha-channel-opacity\"\/>\n\n\n<h1 class=\"wp-block-heading\" id=\"gt-resultados\"><strong>&gt; Results<\/strong><\/h1>\n\n\n<div class=\"wp-block-columns is-layout-flex wp-container-core-columns-is-layout-9d6595d7 wp-block-columns-is-layout-flex\">\n<div class=\"wp-block-column is-layout-flow wp-block-column-is-layout-flow\">\n<p class=\"has-text-align-center has-black-color has-pale-cyan-blue-background-color has-text-color has-background has-link-color wp-elements-2449889c3acdd14d67e77d063972d0d7\"><strong>ACTIVITIES<\/strong><\/p>\n\n\n\n<p class=\"has-text-align-center has-white-background-color has-background\"><strong>8 activities<\/strong><\/p>\n\n\n\n<p class=\"has-text-align-center has-white-background-color has-background\">[ 5 editatonas + 3 workshops ]<\/p>\n<\/div>\n\n\n\n<div class=\"wp-block-column is-layout-flow wp-block-column-is-layout-flow\">\n<p class=\"has-text-align-center has-black-color has-pale-cyan-blue-background-color has-text-color has-background has-link-color wp-elements-ea9b09c75d036958b8ce2702a1827049\"><strong>PARTICIPATION<\/strong><\/p>\n\n\n\n<p class=\"has-text-align-center has-white-background-color has-background\"><strong>78 people<\/strong><\/p>\n\n\n\n<p class=\"has-text-align-center has-white-background-color has-background\">[ 95% women ]<\/p>\n<\/div>\n\n\n\n<div class=\"wp-block-column is-layout-flow wp-block-column-is-layout-flow\">\n<p class=\"has-text-align-center has-black-color has-pale-cyan-blue-background-color has-text-color has-background has-link-color wp-elements-890d43c8bf01a40100c63ccff7ad3211\"><strong>PUBLICATION<\/strong><\/p>\n\n\n\n<p class=\"has-text-align-center has-white-background-color has-background\"><strong>25 articles<\/strong><\/p>\n\n\n\n<p class=\"has-text-align-center has-white-background-color has-background\">[ 23 creation + 2 translation ]<\/p>\n<\/div>\n<\/div>\n\n\n\n<hr class=\"wp-block-separator has-alpha-channel-opacity\"\/>\n\n\n<h1 class=\"wp-block-heading\" id=\"gt-galeria\"><strong>&gt; Gallery<\/strong><\/h1>\n\n\n<div class=\"wp-block-columns is-layout-flex wp-container-core-columns-is-layout-9d6595d7 wp-block-columns-is-layout-flex\">\n<div class=\"wp-block-column is-layout-flow wp-block-column-is-layout-flow\">\n<figure class=\"wp-block-image size-large\"><img decoding=\"async\" width=\"1024\" height=\"360\" src=\"https:\/\/www.wikiesfera.org\/wp-content\/uploads\/2017\/12\/cronica-editatona-bibliotecas_02-1024x360.jpg\" alt=\"\" class=\"wp-image-2563\" srcset=\"https:\/\/www.wikiesfera.org\/wp-content\/uploads\/2017\/12\/cronica-editatona-bibliotecas_02-1024x360.jpg 1024w, https:\/\/www.wikiesfera.org\/wp-content\/uploads\/2017\/12\/cronica-editatona-bibliotecas_02-300x105.jpg 300w, https:\/\/www.wikiesfera.org\/wp-content\/uploads\/2017\/12\/cronica-editatona-bibliotecas_02-768x270.jpg 768w, https:\/\/www.wikiesfera.org\/wp-content\/uploads\/2017\/12\/cronica-editatona-bibliotecas_02-150x53.jpg 150w, https:\/\/www.wikiesfera.org\/wp-content\/uploads\/2017\/12\/cronica-editatona-bibliotecas_02-400x141.jpg 400w, https:\/\/www.wikiesfera.org\/wp-content\/uploads\/2017\/12\/cronica-editatona-bibliotecas_02.jpg 1280w\" sizes=\"(max-width: 1024px) 100vw, 1024px\" \/><\/figure>\n<\/div>\n\n\n\n<div class=\"wp-block-column is-layout-flow wp-block-column-is-layout-flow\">\n<figure class=\"wp-block-image size-large\"><img decoding=\"async\" width=\"1024\" height=\"360\" src=\"https:\/\/www.wikiesfera.org\/wp-content\/uploads\/2022\/02\/editatona-bibliotecarias_01-1024x360.jpg\" alt=\"\" class=\"wp-image-2735\" srcset=\"https:\/\/www.wikiesfera.org\/wp-content\/uploads\/2022\/02\/editatona-bibliotecarias_01-1024x360.jpg 1024w, https:\/\/www.wikiesfera.org\/wp-content\/uploads\/2022\/02\/editatona-bibliotecarias_01-300x105.jpg 300w, https:\/\/www.wikiesfera.org\/wp-content\/uploads\/2022\/02\/editatona-bibliotecarias_01-768x270.jpg 768w, https:\/\/www.wikiesfera.org\/wp-content\/uploads\/2022\/02\/editatona-bibliotecarias_01-150x53.jpg 150w, https:\/\/www.wikiesfera.org\/wp-content\/uploads\/2022\/02\/editatona-bibliotecarias_01-400x141.jpg 400w, https:\/\/www.wikiesfera.org\/wp-content\/uploads\/2022\/02\/editatona-bibliotecarias_01.jpg 1280w\" sizes=\"(max-width: 1024px) 100vw, 1024px\" \/><\/figure>\n<\/div>\n<\/div>\n\n\n\n<p><\/p>\n\n\n\n<div class=\"wp-block-columns is-layout-flex wp-container-core-columns-is-layout-9d6595d7 wp-block-columns-is-layout-flex\">\n<div class=\"wp-block-column is-layout-flow wp-block-column-is-layout-flow\">\n<figure class=\"wp-block-image size-large\"><img loading=\"lazy\" decoding=\"async\" width=\"1024\" height=\"360\" src=\"https:\/\/www.wikiesfera.org\/wp-content\/uploads\/2025\/11\/82-1024x360.png\" alt=\"\" class=\"wp-image-10099\" srcset=\"https:\/\/www.wikiesfera.org\/wp-content\/uploads\/2025\/11\/82-1024x360.png 1024w, https:\/\/www.wikiesfera.org\/wp-content\/uploads\/2025\/11\/82-300x105.png 300w, https:\/\/www.wikiesfera.org\/wp-content\/uploads\/2025\/11\/82-768x270.png 768w, https:\/\/www.wikiesfera.org\/wp-content\/uploads\/2025\/11\/82-1536x540.png 1536w, https:\/\/www.wikiesfera.org\/wp-content\/uploads\/2025\/11\/82-2048x720.png 2048w, https:\/\/www.wikiesfera.org\/wp-content\/uploads\/2025\/11\/82-18x6.png 18w, https:\/\/www.wikiesfera.org\/wp-content\/uploads\/2025\/11\/82-150x53.png 150w, https:\/\/www.wikiesfera.org\/wp-content\/uploads\/2025\/11\/82-400x141.png 400w\" sizes=\"(max-width: 1024px) 100vw, 1024px\" \/><\/figure>\n<\/div>\n\n\n\n<div class=\"wp-block-column is-layout-flow wp-block-column-is-layout-flow\">\n<figure class=\"wp-block-image size-large\"><img loading=\"lazy\" decoding=\"async\" width=\"1024\" height=\"360\" src=\"https:\/\/www.wikiesfera.org\/wp-content\/uploads\/2025\/11\/83-1024x360.png\" alt=\"\" class=\"wp-image-10100\" srcset=\"https:\/\/www.wikiesfera.org\/wp-content\/uploads\/2025\/11\/83-1024x360.png 1024w, https:\/\/www.wikiesfera.org\/wp-content\/uploads\/2025\/11\/83-300x105.png 300w, https:\/\/www.wikiesfera.org\/wp-content\/uploads\/2025\/11\/83-768x270.png 768w, https:\/\/www.wikiesfera.org\/wp-content\/uploads\/2025\/11\/83-1536x540.png 1536w, https:\/\/www.wikiesfera.org\/wp-content\/uploads\/2025\/11\/83-2048x720.png 2048w, https:\/\/www.wikiesfera.org\/wp-content\/uploads\/2025\/11\/83-18x6.png 18w, https:\/\/www.wikiesfera.org\/wp-content\/uploads\/2025\/11\/83-150x53.png 150w, https:\/\/www.wikiesfera.org\/wp-content\/uploads\/2025\/11\/83-400x141.png 400w\" sizes=\"(max-width: 1024px) 100vw, 1024px\" \/><\/figure>\n<\/div>\n<\/div>\n\n\n\n<div class=\"wp-block-columns is-layout-flex wp-container-core-columns-is-layout-9d6595d7 wp-block-columns-is-layout-flex\">\n<div class=\"wp-block-column is-layout-flow wp-block-column-is-layout-flow\"><\/div>\n\n\n\n<div class=\"wp-block-column is-layout-flow wp-block-column-is-layout-flow\"><\/div>\n<\/div>\n\n\n\n<hr class=\"wp-block-separator has-alpha-channel-opacity\"\/>\n\n\n<h1 class=\"wp-block-heading\" id=\"gt-colabora\"><strong>&gt; Collaborate<\/strong><\/h1>\n\n\n<div class=\"wp-block-columns is-layout-flex wp-container-core-columns-is-layout-9d6595d7 wp-block-columns-is-layout-flex\">\n<div class=\"wp-block-column is-layout-flow wp-block-column-is-layout-flow\"><div class=\"wp-block-image\">\n<figure class=\"alignleft size-full is-resized\"><img loading=\"lazy\" decoding=\"async\" width=\"2000\" height=\"465\" src=\"http:\/\/www.wikiesfera.org\/wp-content\/uploads\/2018\/04\/Wikimedia_Foundation_logo_-_horizontal.svg_.png\" alt=\"\" class=\"wp-image-1036\" style=\"width:198px;height:auto\" srcset=\"https:\/\/www.wikiesfera.org\/wp-content\/uploads\/2018\/04\/Wikimedia_Foundation_logo_-_horizontal.svg_.png 2000w, https:\/\/www.wikiesfera.org\/wp-content\/uploads\/2018\/04\/Wikimedia_Foundation_logo_-_horizontal.svg_-300x70.png 300w, https:\/\/www.wikiesfera.org\/wp-content\/uploads\/2018\/04\/Wikimedia_Foundation_logo_-_horizontal.svg_-768x179.png 768w, https:\/\/www.wikiesfera.org\/wp-content\/uploads\/2018\/04\/Wikimedia_Foundation_logo_-_horizontal.svg_-1024x238.png 1024w, https:\/\/www.wikiesfera.org\/wp-content\/uploads\/2018\/04\/Wikimedia_Foundation_logo_-_horizontal.svg_-150x35.png 150w, https:\/\/www.wikiesfera.org\/wp-content\/uploads\/2018\/04\/Wikimedia_Foundation_logo_-_horizontal.svg_-400x93.png 400w\" sizes=\"(max-width: 2000px) 100vw, 2000px\" \/><\/figure><\/div><\/div>\n\n\n\n<div class=\"wp-block-column is-layout-flow wp-block-column-is-layout-flow\"><div class=\"wp-block-image\">\n<figure class=\"alignleft size-full\"><img loading=\"lazy\" decoding=\"async\" width=\"586\" height=\"156\" src=\"https:\/\/www.wikiesfera.org\/wp-content\/uploads\/2017\/12\/bibliotecas-pu\u0301blicas-municipales-negro.png.png\" alt=\"\" class=\"wp-image-2857\" srcset=\"https:\/\/www.wikiesfera.org\/wp-content\/uploads\/2017\/12\/bibliotecas-pu\u0301blicas-municipales-negro.png.png 586w, https:\/\/www.wikiesfera.org\/wp-content\/uploads\/2017\/12\/bibliotecas-pu\u0301blicas-municipales-negro.png-300x80.png 300w, https:\/\/www.wikiesfera.org\/wp-content\/uploads\/2017\/12\/bibliotecas-pu\u0301blicas-municipales-negro.png-150x40.png 150w, https:\/\/www.wikiesfera.org\/wp-content\/uploads\/2017\/12\/bibliotecas-pu\u0301blicas-municipales-negro.png-400x106.png 400w\" sizes=\"(max-width: 586px) 100vw, 586px\" \/><\/figure><\/div><\/div>\n\n\n\n<div class=\"wp-block-column is-layout-flow wp-block-column-is-layout-flow\"><\/div>\n\n\n\n<div class=\"wp-block-column is-layout-flow wp-block-column-is-layout-flow\"><\/div>\n<\/div>\n\n\n\n<p><\/p>","protected":false},"excerpt":{"rendered":"<p>Las bibliotecas son para nosotras espacios naturales de encuentro, aprendizaje y construcci\u00f3n colaborativa del conocimiento, para acercar la edici\u00f3n en Wikipedia a la ciudadan\u00eda, al personal bibliotecario y, especialmente, a las mujeres de los barrios. Nuestra colaboraci\u00f3n con bibliotecas se remonta al a\u00f1o 2017 cuando junto a la red de Bibliotecas P\u00fablicas Municipales (BPM) de [&hellip;]<\/p>","protected":false},"author":1,"featured_media":10095,"parent":0,"menu_order":0,"comment_status":"closed","ping_status":"closed","template":"templates\/fullwidth.php","meta":{"_coblocks_attr":"","_coblocks_dimensions":"","_coblocks_responsive_height":"","_coblocks_accordion_ie_support":"","footnotes":""},"class_list":["post-10074","page","type-page","status-publish","has-post-thumbnail","hentry","page-entry","loop-entry clr"],"_links":{"self":[{"href":"https:\/\/www.wikiesfera.org\/en\/wp-json\/wp\/v2\/pages\/10074","targetHints":{"allow":["GET"]}}],"collection":[{"href":"https:\/\/www.wikiesfera.org\/en\/wp-json\/wp\/v2\/pages"}],"about":[{"href":"https:\/\/www.wikiesfera.org\/en\/wp-json\/wp\/v2\/types\/page"}],"author":[{"embeddable":true,"href":"https:\/\/www.wikiesfera.org\/en\/wp-json\/wp\/v2\/users\/1"}],"replies":[{"embeddable":true,"href":"https:\/\/www.wikiesfera.org\/en\/wp-json\/wp\/v2\/comments?post=10074"}],"version-history":[{"count":28,"href":"https:\/\/www.wikiesfera.org\/en\/wp-json\/wp\/v2\/pages\/10074\/revisions"}],"predecessor-version":[{"id":10197,"href":"https:\/\/www.wikiesfera.org\/en\/wp-json\/wp\/v2\/pages\/10074\/revisions\/10197"}],"wp:featuredmedia":[{"embeddable":true,"href":"https:\/\/www.wikiesfera.org\/en\/wp-json\/wp\/v2\/media\/10095"}],"wp:attachment":[{"href":"https:\/\/www.wikiesfera.org\/en\/wp-json\/wp\/v2\/media?parent=10074"}],"curies":[{"name":"wp","href":"https:\/\/api.w.org\/{rel}","templated":true}]}}